{"id":1447,"date":"2023-11-14T21:12:34","date_gmt":"2023-11-14T21:12:34","guid":{"rendered":"http:\/\/compunegocios.com.pe\/?page_id=1447"},"modified":"2023-11-15T17:25:21","modified_gmt":"2023-11-15T17:25:21","slug":"terminos-y-condiciones","status":"publish","type":"page","link":"https:\/\/tmp.compunegocios.com.pe\/index.php\/terminos-y-condiciones\/","title":{"rendered":"T\u00e9rminos y Condiciones"},"content":{"rendered":"\t\t<div data-elementor-type=\"wp-page\" data-elementor-id=\"1447\" class=\"elementor elementor-1447\">\n\t\t\t\t\t\t<section class=\"elementor-section elementor-top-section elementor-element elementor-element-10e2001a elementor-section-full_width elementor-section-height-default elementor-section-height-default\" data-id=\"10e2001a\" data-element_type=\"section\" id=\"xs_drop_1\">\n\t\t\t\t\t\t<div class=\"elementor-container elementor-column-gap-default\">\n\t\t\t\t\t<div class=\"elementor-column elementor-col-33 elementor-top-column elementor-element elementor-element-37a99d9a\" data-id=\"37a99d9a\" data-element_type=\"column\">\n\t\t\t<div class=\"elementor-widget-wrap\">\n\t\t\t\t\t\t\t<\/div>\n\t\t<\/div>\n\t\t\t\t<div class=\"elementor-column elementor-col-33 elementor-top-column elementor-element elementor-element-1c2bb20b\" data-id=\"1c2bb20b\" data-element_type=\"column\">\n\t\t\t<div class=\"elementor-widget-wrap elementor-element-populated\">\n\t\t\t\t\t\t<div class=\"elementor-element elementor-element-14e48987 elementor-widget elementor-widget-elementskit-heading\" data-id=\"14e48987\" data-element_type=\"widget\" data-widget_type=\"elementskit-heading.default\">\n\t\t\t\t<div class=\"elementor-widget-container\">\n\t\t\t\t\t<div class=\"ekit-wid-con\" ><div class=\"ekit-heading elementskit-section-title-wraper text_center   ekit_heading_tablet-   ekit_heading_mobile-\"><h2 class=\"ekit-heading--title elementskit-section-title \"><span>T\u00e9rminos y Condiciones<\/span><\/h2><div class=\"ekit_heading_separetor_wraper ekit_heading_elementskit-border-divider elementskit-style-long\"><div class=\"elementskit-border-divider elementskit-style-long\"><\/div><\/div>\t\t\t\t<div class='ekit-heading__description'>\n\t\t\t\t\t<p>Tienda Virtual WWW.COMPUNEGOCIOS.COM.PE<\/p>\n\t\t\t\t<\/div>\n\t\t\t<\/div><\/div>\t\t\t\t<\/div>\n\t\t\t\t<\/div>\n\t\t\t\t<section class=\"elementor-section elementor-inner-section elementor-element elementor-element-144f6787 elementor-section-boxed elementor-section-height-default elementor-section-height-default\" data-id=\"144f6787\" data-element_type=\"section\">\n\t\t\t\t\t\t<div class=\"elementor-container elementor-column-gap-default\">\n\t\t\t\t\t<div class=\"elementor-column elementor-col-100 elementor-inner-column elementor-element elementor-element-6256d992\" data-id=\"6256d992\" data-element_type=\"column\">\n\t\t\t<div class=\"elementor-widget-wrap elementor-element-populated\">\n\t\t\t\t\t\t<div class=\"elementor-element elementor-element-ab4df6f elementor-widget elementor-widget-text-editor\" data-id=\"ab4df6f\" data-element_type=\"widget\" data-widget_type=\"text-editor.default\">\n\t\t\t\t<div class=\"elementor-widget-container\">\n\t\t\t\t\t\t\t\t\t<h3><span style=\"color: #999999;\"><strong>Presentaci\u00f3n<\/strong><\/span><\/h3><p>El Cliente o usuario (en adelante, Cliente) est\u00e1 visitando el Portal de <strong>www.compunegocios.com.pe<\/strong>, titularidad de COMPUNEGOCIOS INTERNATIONAL SAC con R.U.C. N\u00b0 20448847048, con domicilio en Jr. Moquegua N\u00b0 185 \u2013 Puno \u2013 Puno.<\/p><h3><span style=\"color: #999999;\"><strong>1- Introducci\u00f3n<\/strong><\/span><\/h3><p><strong>1.1<\/strong> Bienvenido a <strong>COMPUNEGOCIOS INTERNATIONAL SAC<\/strong>, una tienda virtual dedicada a la venta de <strong>LAPTOPS, COMPUTADORAS, IMPRESORAS, ACCESORIOS E INSUMOS INFORM\u00c1TICOS EN GRAL. <\/strong>Estos t\u00e9rminos y condiciones se aplican a todas las compras realizadas en nuestra tienda virtual <strong>www.compunegocios.com.pe<\/strong>. Al hacer una compra, usted acepta estos t\u00e9rminos y condiciones. Si no est\u00e1 de acuerdo con alguna de ellas, no podr\u00e1 realizar una compra en nuestra tienda.<\/p><p><strong>1.2<\/strong> Nos reservamos el derecho de actualizar, modificar o cambiar estos t\u00e9rminos y condiciones en cualquier momento y sin previo aviso. Es responsabilidad del usuario revisar peri\u00f3dicamente estos t\u00e9rminos y condiciones para estar al tanto de cualquier cambio.<\/p><h3><span style=\"color: #999999;\"><strong>2- Informaci\u00f3n de la Tienda<\/strong><\/span><\/h3><p><strong>2.1<\/strong> <strong>WWW.COMPUNEGOCIOS.COM.PE <\/strong>es propiedad de <strong>COMPUNEGOCIOS INTERNATIONAL SAC<\/strong>, registrada en PER\u00da con R.U.C. N\u00b0 20448847048, con domicilio en Jr. Moquegua N\u00b0 185 \u2013 Puno \u2013 Puno.<\/p><p><strong>2.2<\/strong> La direcci\u00f3n de nuestra tienda virtual es <strong>WWW.COMPUNEGOCIOS.COM.PE<\/strong> Si necesita comunicarse con nosotros, puede hacerlo a trav\u00e9s de nuestro correo electr\u00f3nico <strong>sac@compunegocios.com.pe.<\/strong><\/p><h3><span style=\"color: #999999;\"><a style=\"color: #999999;\" href=\"_wp_link_placeholder\" data-wplink-edit=\"true\"><strong>3- Precios y Pagos<\/strong><\/a><\/span><\/h3><p><strong>3.1<\/strong> Todos los precios que aparecen en nuestra tienda virtual est\u00e1n en SOLES PERUANOS e incluyen el Impuesto General a las Ventas (IGV)<\/p><p><strong>3.2<\/strong> Aceptamos las siguientes formas de pago: Tarjetas de Cr\u00e9dito o D\u00e9bito: Solo son aceptadas tarjetas de cr\u00e9dito o d\u00e9bito Visa, Master Card y American Express; de entidades bancarias locales o Extranjeras. El uso de tarjetas de cr\u00e9ditos o Debito se sujetar\u00e1 a lo establecido en estos T\u00e9rminos y Condiciones. Billeteras electr\u00f3nicas: Plin, Yape.<\/p><p><strong>3.3<\/strong> El pago se realizar\u00e1 en el momento de la compra. Una vez que se haya realizado el pago, se enviar\u00e1 un correo electr\u00f3nico de confirmaci\u00f3n al usuario.<\/p><h3><span style=\"color: #999999;\"><strong>4- Env\u00edo y Entrega<\/strong><\/span><\/h3><p><strong>4.1<\/strong> Los productos se enviar\u00e1n a la direcci\u00f3n proporcionada por el usuario en el momento de la compra. El costo de env\u00edo se calcular\u00e1 en funci\u00f3n de la direcci\u00f3n de entrega y del peso del producto.<\/p><p><strong>4.2<\/strong> Hacemos todo lo posible para entregar los productos en el plazo indicado en la descripci\u00f3n del producto. Sin embargo, no nos hacemos responsables de los retrasos causados por el proveedor de servicios de env\u00edo.<\/p><p><strong>4.3<\/strong> El usuario es responsable de proporcionar una direcci\u00f3n de entrega precisa y completa. Si el paquete es devuelto a nuestra tienda debido a una direcci\u00f3n incorrecta o incompleta, el usuario ser\u00e1 responsable de los costos de reenv\u00edo.<\/p><h3><span style=\"color: #999999;\"><strong>5- Devoluciones y Reembolsos<\/strong><\/span><\/h3><p><strong>Cambios (si es aplicable)<\/strong><\/p><p>Solo reemplazamos los art\u00edculos si est\u00e1n defectuosos o da\u00f1ados. Si necesitas cambiarlo por el mismo art\u00edculo, env\u00edanos un email a <strong>sac@compunegocios.com.pe<\/strong> y env\u00eda tu art\u00edculo a: Nuestro local Ubicada en Jr. Moquegua 185 Puno &#8211; Puno.<\/p><p><strong>Los siguientes productos no pueden ser cambiados:<\/strong><\/p><ul><li>Cualquier art\u00edculo que no se encuentre en su estado original, est\u00e9 da\u00f1ado o falte una parte por razones que no se debieron a nuestro error.<\/li><li>Cualquier art\u00edculo que se devuelva m\u00e1s de 7 d\u00edas despu\u00e9s de la entrega.<\/li><\/ul><p>Una vez que se reciba e inspeccione tu devoluci\u00f3n, te enviaremos un email para notificarte que hemos recibido tu art\u00edculo devuelto. Tambi\u00e9n te notificaremos la aprobaci\u00f3n o el rechazo del cambio del producto.<\/p><p><strong>Env\u00edo <\/strong><\/p><ul><li>El producto debe ser devuelto a la siguiente direcci\u00f3n Jr. Moquegua 185 &#8211; Puno \u2013 Puno.<\/li><li>Usted ser\u00e1 responsable de pagar sus propios costos de env\u00edo para devolver su art\u00edculo.<\/li><\/ul><h3><span style=\"color: #999999;\"><strong>6- Propiedad Intelectual<\/strong><\/span><\/h3><p><strong>6.1<\/strong> Todo el contenido de nuestra tienda virtual, incluyendo im\u00e1genes, textos y dise\u00f1os, son propiedad de <strong>COMPUNEGOCIOS INTERNATIONAL SAC<\/strong> y est\u00e1n protegidos por las leyes de propiedad intelectual.<\/p><p><strong>6.2<\/strong> Queda prohibida la reproducci\u00f3n, distribuci\u00f3n, exhibici\u00f3n, transmisi\u00f3n o explotaci\u00f3n de cualquier contenido de nuestra tienda virtual sin nuestro permiso expreso por escrito.<\/p><h3><span style=\"color: #999999;\"><strong>7- Privacidad<\/strong><\/span><\/h3><p><strong>7.1<\/strong> Nos comprometemos a proteger la privacidad de nuestros usuarios. Para obtener m\u00e1s informaci\u00f3n sobre c\u00f3mo manejamos su informaci\u00f3n personal, consulte nuestra <a href=\"http:\/\/compunegocios.com.pe\/index.php\/politica-de-privacidad\/\">Pol\u00edtica de Privacidad.<\/a><\/p><h3><span style=\"color: #999999;\"><strong>8- Ley Aplicable y Jurisdicci\u00f3n<\/strong><\/span><\/h3><p><strong>8.1<\/strong> Estas pol\u00edticas, t\u00e9rminos y condiciones se regir\u00e1n e interpretar\u00e1n de acuerdo con las leyes de PER\u00da, sin dar efecto a ninguna disposici\u00f3n sobre conflicto de leyes.<\/p><p><strong>8.2<\/strong> Cualquier disputa que surja en relaci\u00f3n con estas pol\u00edticas, t\u00e9rminos y condiciones se resolver\u00e1 exclusivamente en los tribunales de PUNO &#8211; PER\u00da<\/p><h3><span style=\"color: #999999;\"><strong>9- Disposiciones Generales<\/strong><\/span><\/h3><p><strong>9.1<\/strong> Estas pol\u00edticas, t\u00e9rminos y condiciones constituyen el acuerdo completo entre el usuario o cliente y COMPUNEGOCIOS INTERNATIONAL SAC con respecto al uso de nuestra tienda virtual y reemplazan cualquier acuerdo previo.<\/p><p><strong>9.2<\/strong> Si alguna disposici\u00f3n de estas pol\u00edticas, t\u00e9rminos y condiciones se considera inv\u00e1lida o inaplicable, esa disposici\u00f3n se interpretar\u00e1 de manera consistente con la ley aplicable para reflejar, en la medida de lo posible, la intenci\u00f3n original de las partes, y las dem\u00e1s disposiciones seguir\u00e1n siendo v\u00e1lidas y aplicables.<\/p><p><strong>9.3<\/strong> El hecho de que no ejerzamos ning\u00fan derecho o disposici\u00f3n de estas pol\u00edticas, t\u00e9rminos y condiciones no constituir\u00e1 una renuncia a tal derecho o disposici\u00f3n.<\/p><p>Fecha de \u00faltima actualizaci\u00f3n: 15-11-23<\/p>\t\t\t\t\t\t\t\t<\/div>\n\t\t\t\t<\/div>\n\t\t\t\t\t<\/div>\n\t\t<\/div>\n\t\t\t\t\t<\/div>\n\t\t<\/section>\n\t\t\t\t\t<\/div>\n\t\t<\/div>\n\t\t\t\t<div class=\"elementor-column elementor-col-33 elementor-top-column elementor-element elementor-element-25ac0c05\" data-id=\"25ac0c05\" data-element_type=\"column\">\n\t\t\t<div class=\"elementor-widget-wrap\">\n\t\t\t\t\t\t\t<\/div>\n\t\t<\/div>\n\t\t\t\t\t<\/div>\n\t\t<\/section>\n\t\t\t\t<\/div>\n\t\t","protected":false},"excerpt":{"rendered":"<p>T\u00e9rminos y Condiciones Tienda Virtual WWW.COMPUNEGOCIOS.COM.PE Presentaci\u00f3n El Cliente o usuario (en adelante, Cliente) est\u00e1 visitando el Portal de www.compunegocios.com.pe,&hellip;<\/p>\n","protected":false},"author":1,"featured_media":0,"parent":0,"menu_order":0,"comment_status":"closed","ping_status":"open","template":"elementor_header_footer","meta":{"footnotes":""},"class_list":["post-1447","page","type-page","status-publish","hentry"],"_links":{"self":[{"href":"https:\/\/tmp.compunegocios.com.pe\/index.php\/wp-json\/wp\/v2\/pages\/1447","targetHints":{"allow":["GET"]}}],"collection":[{"href":"https:\/\/tmp.compunegocios.com.pe\/index.php\/wp-json\/wp\/v2\/pages"}],"about":[{"href":"https:\/\/tmp.compunegocios.com.pe\/index.php\/wp-json\/wp\/v2\/types\/page"}],"author":[{"embeddable":true,"href":"https:\/\/tmp.compunegocios.com.pe\/index.php\/wp-json\/wp\/v2\/users\/1"}],"replies":[{"embeddable":true,"href":"https:\/\/tmp.compunegocios.com.pe\/index.php\/wp-json\/wp\/v2\/comments?post=1447"}],"version-history":[{"count":10,"href":"https:\/\/tmp.compunegocios.com.pe\/index.php\/wp-json\/wp\/v2\/pages\/1447\/revisions"}],"predecessor-version":[{"id":1622,"href":"https:\/\/tmp.compunegocios.com.pe\/index.php\/wp-json\/wp\/v2\/pages\/1447\/revisions\/1622"}],"wp:attachment":[{"href":"https:\/\/tmp.compunegocios.com.pe\/index.php\/wp-json\/wp\/v2\/media?parent=1447"}],"curies":[{"name":"wp","href":"https:\/\/api.w.org\/{rel}","templated":true}]}}