{"id":1629,"date":"2023-11-15T17:28:04","date_gmt":"2023-11-15T17:28:04","guid":{"rendered":"http:\/\/compunegocios.com.pe\/?page_id=1629"},"modified":"2024-12-15T00:14:29","modified_gmt":"2024-12-15T00:14:29","slug":"opciones-de-pago","status":"publish","type":"page","link":"https:\/\/tmp.compunegocios.com.pe\/index.php\/opciones-de-pago\/","title":{"rendered":"Opciones de Pago"},"content":{"rendered":"\t\t<div data-elementor-type=\"wp-page\" data-elementor-id=\"1629\" class=\"elementor elementor-1629\">\n\t\t\t\t<div class=\"elementor-element elementor-element-76a2814 e-con-full e-flex e-con e-parent\" data-id=\"76a2814\" data-element_type=\"container\" data-settings=\"{&quot;background_background&quot;:&quot;classic&quot;}\">\n\t\t\t\t<div class=\"elementor-element elementor-element-df609f7 elementor-widget elementor-widget-heading\" data-id=\"df609f7\" data-element_type=\"widget\" data-widget_type=\"heading.default\">\n\t\t\t\t<div class=\"elementor-widget-container\">\n\t\t\t\t\t<h2 class=\"elementor-heading-title elementor-size-default\">Opciones de Pago<\/h2>\t\t\t\t<\/div>\n\t\t\t\t<\/div>\n\t\t\t\t<\/div>\n\t\t\t\t<section class=\"elementor-section elementor-top-section elementor-element elementor-element-7d174f98 elementor-section-full_width elementor-section-height-default elementor-section-height-default\" data-id=\"7d174f98\" data-element_type=\"section\" id=\"xs_faq_5\">\n\t\t\t\t\t\t<div class=\"elementor-container elementor-column-gap-default\">\n\t\t\t\t\t<div class=\"elementor-column elementor-col-100 elementor-top-column elementor-element elementor-element-1a8a7e21\" data-id=\"1a8a7e21\" data-element_type=\"column\">\n\t\t\t<div class=\"elementor-widget-wrap elementor-element-populated\">\n\t\t\t\t\t\t<section class=\"elementor-section elementor-inner-section elementor-element elementor-element-62c69c11 elementor-section-boxed elementor-section-height-default elementor-section-height-default\" data-id=\"62c69c11\" data-element_type=\"section\">\n\t\t\t\t\t\t<div class=\"elementor-container elementor-column-gap-default\">\n\t\t\t\t\t<div class=\"elementor-column elementor-col-100 elementor-inner-column elementor-element elementor-element-6e92e6ae\" data-id=\"6e92e6ae\" data-element_type=\"column\">\n\t\t\t<div class=\"elementor-widget-wrap elementor-element-populated\">\n\t\t\t\t\t\t<div class=\"elementor-element elementor-element-bdf40f7 elementor-widget elementor-widget-image-carousel\" data-id=\"bdf40f7\" data-element_type=\"widget\" data-settings=\"{&quot;slides_to_show&quot;:&quot;8&quot;,&quot;slides_to_scroll&quot;:&quot;1&quot;,&quot;navigation&quot;:&quot;none&quot;,&quot;autoplay_speed&quot;:2000,&quot;autoplay&quot;:&quot;yes&quot;,&quot;pause_on_hover&quot;:&quot;yes&quot;,&quot;pause_on_interaction&quot;:&quot;yes&quot;,&quot;infinite&quot;:&quot;yes&quot;,&quot;speed&quot;:500}\" data-widget_type=\"image-carousel.default\">\n\t\t\t\t<div class=\"elementor-widget-container\">\n\t\t\t\t\t\t\t<div class=\"elementor-image-carousel-wrapper swiper\" role=\"region\" aria-roledescription=\"carousel\" aria-label=\"Carrusel de im\u00e1genes\" dir=\"ltr\">\n\t\t\t<div class=\"elementor-image-carousel swiper-wrapper\" aria-live=\"off\">\n\t\t\t\t\t\t\t\t<div class=\"swiper-slide\" role=\"group\" aria-roledescription=\"slide\" aria-label=\"1 de 7\"><figure class=\"swiper-slide-inner\"><img decoding=\"async\" class=\"swiper-slide-image\" src=\"https:\/\/tmp.compunegocios.com.pe\/wp-content\/uploads\/elementor\/thumbs\/bcp-qff402yj3rl3kg1tflov3xf86o00aas88tkdms264w.png\" alt=\"bcp\" \/><\/figure><\/div><div class=\"swiper-slide\" role=\"group\" aria-roledescription=\"slide\" aria-label=\"2 de 7\"><figure class=\"swiper-slide-inner\"><img decoding=\"async\" class=\"swiper-slide-image\" src=\"https:\/\/tmp.compunegocios.com.pe\/wp-content\/uploads\/elementor\/thumbs\/caja-arequipa-qff404u7hfno7nz34mi48wy5dfqqpozox2vclbzdsg.png\" alt=\"caja-arequipa\" \/><\/figure><\/div><div class=\"swiper-slide\" role=\"group\" aria-roledescription=\"slide\" aria-label=\"3 de 7\"><figure class=\"swiper-slide-inner\"><img decoding=\"async\" class=\"swiper-slide-image\" src=\"https:\/\/tmp.compunegocios.com.pe\/wp-content\/uploads\/elementor\/thumbs\/interbank-qff404u7hfno7nz34mi48wy5dfqqpozox2vclbzdsg.png\" alt=\"interbank\" \/><\/figure><\/div><div class=\"swiper-slide\" role=\"group\" aria-roledescription=\"slide\" aria-label=\"4 de 7\"><figure class=\"swiper-slide-inner\"><img decoding=\"async\" class=\"swiper-slide-image\" src=\"https:\/\/tmp.compunegocios.com.pe\/wp-content\/uploads\/elementor\/thumbs\/mastercard-qff408lk8rsti3tmio4mivzzqz87khem9lhaiftt3k.png\" alt=\"mastercard\" \/><\/figure><\/div><div class=\"swiper-slide\" role=\"group\" aria-roledescription=\"slide\" aria-label=\"5 de 7\"><figure class=\"swiper-slide-inner\"><img decoding=\"async\" class=\"swiper-slide-image\" src=\"https:\/\/tmp.compunegocios.com.pe\/wp-content\/uploads\/elementor\/thumbs\/visa-qff408lk8rsti3tmio4mivzzqz87khem9lhaiftt3k.png\" alt=\"visa\" \/><\/figure><\/div><div class=\"swiper-slide\" role=\"group\" aria-roledescription=\"slide\" aria-label=\"6 de 7\"><figure class=\"swiper-slide-inner\"><img decoding=\"async\" class=\"swiper-slide-image\" src=\"https:\/\/tmp.compunegocios.com.pe\/wp-content\/uploads\/elementor\/thumbs\/american-qff49smhq4vrjdxwpsu2vh6p604jtpcdkw905pnpu8.png\" alt=\"american\" \/><\/figure><\/div><div class=\"swiper-slide\" role=\"group\" aria-roledescription=\"slide\" aria-label=\"7 de 7\"><figure class=\"swiper-slide-inner\"><img decoding=\"async\" class=\"swiper-slide-image\" src=\"https:\/\/tmp.compunegocios.com.pe\/wp-content\/uploads\/elementor\/thumbs\/diners-qff49ui63syc6lv6etnc0gpmcrva93ju95jz49kxhs.png\" alt=\"diners\" \/><\/figure><\/div>\t\t\t<\/div>\n\t\t\t\t\t\t\t\n\t\t\t\t\t\t\t\t\t<\/div>\n\t\t\t\t\t\t<\/div>\n\t\t\t\t<\/div>\n\t\t\t\t<div class=\"elementor-element elementor-element-3452df2b elementor-widget elementor-widget-elementskit-faq\" data-id=\"3452df2b\" data-element_type=\"widget\" data-widget_type=\"elementskit-faq.default\">\n\t\t\t\t<div class=\"elementor-widget-container\">\n\t\t\t\t\t<div class=\"ekit-wid-con\" >\n                <div class=\"elementskit-single-faq elementor-repeater-item-ccb3fc9\">\n            <div class=\"elementskit-faq-header\">\n                <h2 class=\"elementskit-faq-title\">Compra en l\u00ednea<\/h2>\n            <\/div>\n            <div class=\"elementskit-faq-body\">\n                Para realizar compras directamente desde nuestra tienda online www.compunegocios.com.pe ponemos a dispoci\u00f3n una pasarela de pago, aceptando tarjetas nacionales e internacionales VISA - MASTERCARD - AMERICAN EXPRESS - DINERS CLUB con un 5% de comisi\u00f3n sobre el precio total del producto. \u00c9ste recargo corresponde a la comisi\u00f3n de la pasarela de pagos.<br>\n            <\/div>\n        <\/div>\n                <div class=\"elementskit-single-faq elementor-repeater-item-1219655\">\n            <div class=\"elementskit-faq-header\">\n                <h2 class=\"elementskit-faq-title\">Transferencias a nombre de COMPUNEGOCIOS INTERNATIONAL SAC<\/h2>\n            <\/div>\n            <div class=\"elementskit-faq-body\">\n                <b>BCP SOLES: <br><\/b>\nCTA: 495-2382969-0-90<br>\nCCI: 00249500238296909000<br>\n\n<b>INTERBANK SOLES: <br><\/b>\nCTA: 320-3005495549<br>\nCCI: 003-320-003005495549-94<br>\n<b>CAJA AREQUIPA SOLES: <br><\/b>\nCTA: 00125997102100001003\n\n<br><br>\nUna vez realizada la transferencia se deber\u00e1 enviar el comprobante al whatsapp +51 994 183 037 con los siguientes datos:<br>\nNombre del producto, link o una captura de pantalla para identificar el producto<br>\nDatos para la boleta seg\u00fan corresponda (NOMBRE, DNI \/ RUC)<br>\n\n\n            <\/div>\n        <\/div>\n                \n    <\/div>\t\t\t\t<\/div>\n\t\t\t\t<\/div>\n\t\t\t\t\t<\/div>\n\t\t<\/div>\n\t\t\t\t\t<\/div>\n\t\t<\/section>\n\t\t\t\t\t<\/div>\n\t\t<\/div>\n\t\t\t\t\t<\/div>\n\t\t<\/section>\n\t\t\t\t<\/div>\n\t\t","protected":false},"excerpt":{"rendered":"<p>Opciones de Pago Compra en l\u00ednea Para realizar compras directamente desde nuestra tienda online www.compunegocios.com.pe ponemos a dispoci\u00f3n una pasarela&hellip;<\/p>\n","protected":false},"author":1,"featured_media":0,"parent":0,"menu_order":0,"comment_status":"closed","ping_status":"closed","template":"elementor_header_footer","meta":{"footnotes":""},"class_list":["post-1629","page","type-page","status-publish","hentry"],"_links":{"self":[{"href":"https:\/\/tmp.compunegocios.com.pe\/index.php\/wp-json\/wp\/v2\/pages\/1629","targetHints":{"allow":["GET"]}}],"collection":[{"href":"https:\/\/tmp.compunegocios.com.pe\/index.php\/wp-json\/wp\/v2\/pages"}],"about":[{"href":"https:\/\/tmp.compunegocios.com.pe\/index.php\/wp-json\/wp\/v2\/types\/page"}],"author":[{"embeddable":true,"href":"https:\/\/tmp.compunegocios.com.pe\/index.php\/wp-json\/wp\/v2\/users\/1"}],"replies":[{"embeddable":true,"href":"https:\/\/tmp.compunegocios.com.pe\/index.php\/wp-json\/wp\/v2\/comments?post=1629"}],"version-history":[{"count":43,"href":"https:\/\/tmp.compunegocios.com.pe\/index.php\/wp-json\/wp\/v2\/pages\/1629\/revisions"}],"predecessor-version":[{"id":18708,"href":"https:\/\/tmp.compunegocios.com.pe\/index.php\/wp-json\/wp\/v2\/pages\/1629\/revisions\/18708"}],"wp:attachment":[{"href":"https:\/\/tmp.compunegocios.com.pe\/index.php\/wp-json\/wp\/v2\/media?parent=1629"}],"curies":[{"name":"wp","href":"https:\/\/api.w.org\/{rel}","templated":true}]}}