{"id":12490,"date":"2023-11-17T23:28:24","date_gmt":"2023-11-17T23:28:24","guid":{"rendered":"http:\/\/compunegocios.com.pe\/index.php\/product\/mouse-inalambrico-logitech-m240-silent-bluetooth\/"},"modified":"2025-08-19T17:26:25","modified_gmt":"2025-08-19T17:26:25","slug":"mouse-inalambrico-logitech-m240-silent-bluetooth","status":"publish","type":"product","link":"https:\/\/tmp.compunegocios.com.pe\/index.php\/product\/mouse-inalambrico-logitech-m240-silent-bluetooth\/","title":{"rendered":"MOUSE INALAMBRICO BLUETOOTH LOGITECH M240 SILENT BLACK"},"content":{"rendered":"<p>MOUSE INALAMBRICO BLUETOOTH LOGITECH M240 SILENT BLACK<br \/>\nTecnolog\u00eda SilentTouch: Reducci\u00f3n del ruido en un 90% (clic izquierdo\/derecho, clic del bot\u00f3n central).<br \/>\nTecnolog\u00eda de sensor: Seguimiento \u00f3ptico fluido.<br \/>\nValor nominal: Rango de dpi.<br \/>\nRango de dpi: 400-4000, pasos de 100 DPI.<br \/>\nN\u00famero de botones: 3 (clic izquierdo\/derecho, clic de bot\u00f3n central).<br \/>\nBot\u00f3n rueda: S\u00ed, 2D, \u00f3ptico.<br \/>\nDuraci\u00f3n de pilas\/bater\u00edas: 18 meses.<br \/>\nDetalles de las pilas: Una pila AA (incluida).<br \/>\nTipo de conexi\u00f3n: Tecnolog\u00eda Bluetooth de bajo consumo.<br \/>\nRadio de acci\u00f3n inal\u00e1mbrico: 10 metros.<br \/>\nConexi\u00f3n \/ Encendido: S\u00ed, conmutador de encendido\/apagado.<br \/>\nSoftware opcional: Compatible con Logi Options + en macOS 11 o posteriores y Windows 10, 11 o posteriores.<br \/>\nCompatibilidad: Windows\u00ae 10, 11 o posterior, macOS 11 o posterior, iPadOS 14 o posterior, ChromeOS\u2122, Linux\u00ae, Android\u2122 9.0 o posterior<br \/>\nConexi\u00f3n a Internet (para descargar software recomendado Logi Options+)<br \/>\nCompatible con receptor USB Logi Bolt (no incluido)<br \/>\nNo compatible con otros receptores USB Logitech<\/p>\n","protected":false},"excerpt":{"rendered":"<p>&#8211;<\/p>\n","protected":false},"featured_media":12823,"template":"","meta":[],"pwb-brand":[],"product_brand":[],"product_cat":[193],"product_tag":[],"class_list":{"0":"post-12490","1":"product","2":"type-product","3":"status-publish","4":"has-post-thumbnail","6":"product_cat-193","8":"first","9":"outofstock","10":"taxable","11":"shipping-taxable","12":"purchasable","13":"product-type-simple"},"brands":[],"_links":{"self":[{"href":"https:\/\/tmp.compunegocios.com.pe\/index.php\/wp-json\/wp\/v2\/product\/12490","targetHints":{"allow":["GET"]}}],"collection":[{"href":"https:\/\/tmp.compunegocios.com.pe\/index.php\/wp-json\/wp\/v2\/product"}],"about":[{"href":"https:\/\/tmp.compunegocios.com.pe\/index.php\/wp-json\/wp\/v2\/types\/product"}],"wp:featuredmedia":[{"embeddable":true,"href":"https:\/\/tmp.compunegocios.com.pe\/index.php\/wp-json\/wp\/v2\/media\/12823"}],"wp:attachment":[{"href":"https:\/\/tmp.compunegocios.com.pe\/index.php\/wp-json\/wp\/v2\/media?parent=12490"}],"wp:term":[{"taxonomy":"pwb-brand","embeddable":true,"href":"https:\/\/tmp.compunegocios.com.pe\/index.php\/wp-json\/wp\/v2\/pwb-brand?post=12490"},{"taxonomy":"product_brand","embeddable":true,"href":"https:\/\/tmp.compunegocios.com.pe\/index.php\/wp-json\/wp\/v2\/product_brand?post=12490"},{"taxonomy":"product_cat","embeddable":true,"href":"https:\/\/tmp.compunegocios.com.pe\/index.php\/wp-json\/wp\/v2\/product_cat?post=12490"},{"taxonomy":"product_tag","embeddable":true,"href":"https:\/\/tmp.compunegocios.com.pe\/index.php\/wp-json\/wp\/v2\/product_tag?post=12490"}],"curies":[{"name":"wp","href":"https:\/\/api.w.org\/{rel}","templated":true}]}}