{"id":12974,"date":"2023-11-22T21:41:01","date_gmt":"2023-11-22T21:41:01","guid":{"rendered":"http:\/\/compunegocios.com.pe\/index.php\/product\/parlante-micronics-zoom-2\/"},"modified":"2025-08-19T17:26:28","modified_gmt":"2025-08-19T17:26:28","slug":"parlante-micronics-zoom-2","status":"publish","type":"product","link":"https:\/\/tmp.compunegocios.com.pe\/index.php\/product\/parlante-micronics-zoom-2\/","title":{"rendered":"PARLANTE MICRONICS S402R ZOOM 2 ROJO"},"content":{"rendered":"<p>PARLANTE MICRONICS ZOOM 2 ROJO <\/p>\n<p>Sistema Power Sound Portable 2.0<br \/>\nParlantes: 2&#8243;.<br \/>\nAlimentaci\u00f3n de Energ\u00eda por Conexi\u00f3n USB.<br \/>\nControl de Volumen en L\u00ednea.<br \/>\nConector Jack 3.5 mm.<br \/>\nAcabado Brillante.<br \/>\nMaterial: ABS.<br \/>\nCompatible con: Computadoras, TV, DVD, Laptop y Otros Equipos de Audio.<\/p>\n","protected":false},"excerpt":{"rendered":"<p>&#8211;<\/p>\n","protected":false},"featured_media":12997,"template":"","meta":[],"pwb-brand":[],"product_brand":[],"product_cat":[159],"product_tag":[],"class_list":{"0":"post-12974","1":"product","2":"type-product","3":"status-publish","4":"has-post-thumbnail","6":"product_cat-159","8":"first","9":"outofstock","10":"taxable","11":"shipping-taxable","12":"purchasable","13":"product-type-simple"},"brands":[],"_links":{"self":[{"href":"https:\/\/tmp.compunegocios.com.pe\/index.php\/wp-json\/wp\/v2\/product\/12974","targetHints":{"allow":["GET"]}}],"collection":[{"href":"https:\/\/tmp.compunegocios.com.pe\/index.php\/wp-json\/wp\/v2\/product"}],"about":[{"href":"https:\/\/tmp.compunegocios.com.pe\/index.php\/wp-json\/wp\/v2\/types\/product"}],"wp:featuredmedia":[{"embeddable":true,"href":"https:\/\/tmp.compunegocios.com.pe\/index.php\/wp-json\/wp\/v2\/media\/12997"}],"wp:attachment":[{"href":"https:\/\/tmp.compunegocios.com.pe\/index.php\/wp-json\/wp\/v2\/media?parent=12974"}],"wp:term":[{"taxonomy":"pwb-brand","embeddable":true,"href":"https:\/\/tmp.compunegocios.com.pe\/index.php\/wp-json\/wp\/v2\/pwb-brand?post=12974"},{"taxonomy":"product_brand","embeddable":true,"href":"https:\/\/tmp.compunegocios.com.pe\/index.php\/wp-json\/wp\/v2\/product_brand?post=12974"},{"taxonomy":"product_cat","embeddable":true,"href":"https:\/\/tmp.compunegocios.com.pe\/index.php\/wp-json\/wp\/v2\/product_cat?post=12974"},{"taxonomy":"product_tag","embeddable":true,"href":"https:\/\/tmp.compunegocios.com.pe\/index.php\/wp-json\/wp\/v2\/product_tag?post=12974"}],"curies":[{"name":"wp","href":"https:\/\/api.w.org\/{rel}","templated":true}]}}