{"id":13048,"date":"2023-11-24T20:22:17","date_gmt":"2023-11-24T20:22:17","guid":{"rendered":"http:\/\/compunegocios.com.pe\/index.php\/product\/mouse-logitech-signature-m650-l-left\/"},"modified":"2025-08-19T17:26:38","modified_gmt":"2025-08-19T17:26:38","slug":"mouse-logitech-signature-m650-l-left","status":"publish","type":"product","link":"https:\/\/tmp.compunegocios.com.pe\/index.php\/product\/mouse-logitech-signature-m650-l-left\/","title":{"rendered":"MOUSE INALAMBRICO BLUETOOTH LOGITECH SIGNATURE M650 L LEFT"},"content":{"rendered":"<p>MOUSE INALAMBRICO BLUETOOTH LOGITECH SIGNATURE M650 L LEFT<br \/>\nTecnolog\u00eda de sensor: Seguimiento \u00f3ptico avanzado de Logitech.<br \/>\nValor nominal: 400 dpi.<br \/>\nValor m\u00e1ximo: Hasta 4000.<br \/>\nN\u00famero de botones: 5 (clic izquierdo\/derecho, retroceso\/avance, bot\u00f3n rueda con clic de bot\u00f3n central).<br \/>\nAplicaci\u00f3n de personalizaci\u00f3n: Compatibilidad con Logi Options+ para Windows y macOS.<br \/>\nTipo de pilas\/bater\u00eda: 1 pila AA (incluida)<br \/>\nDuraci\u00f3n de pilas\/bater\u00edas con receptor USB Logi Bolt: hasta 24 meses.<br \/>\nDuraci\u00f3n de pilas\/bater\u00edas con Bluetooth\u00ae: hasta 20 meses.<br \/>\nTipo de conexi\u00f3n: Receptor USB Logi Bolt.<br \/>\nTecnolog\u00eda Bluetooth de bajo consumo.<br \/>\nRadio de acci\u00f3n inal\u00e1mbrico: Radio de acci\u00f3n inal\u00e1mbrico de 10M.<br \/>\nAltura: 118,7 mm.<br \/>\nAnchura: 66,2 mm.<br \/>\nProfundidad: 42 mm.<br \/>\nPeso: 115,4 g.<\/p>\n","protected":false},"excerpt":{"rendered":"<p>&#8211;<\/p>\n","protected":false},"featured_media":13056,"template":"","meta":[],"pwb-brand":[],"product_brand":[],"product_cat":[193],"product_tag":[],"class_list":{"0":"post-13048","1":"product","2":"type-product","3":"status-publish","4":"has-post-thumbnail","6":"product_cat-193","8":"first","9":"outofstock","10":"taxable","11":"shipping-taxable","12":"purchasable","13":"product-type-simple"},"brands":[],"_links":{"self":[{"href":"https:\/\/tmp.compunegocios.com.pe\/index.php\/wp-json\/wp\/v2\/product\/13048","targetHints":{"allow":["GET"]}}],"collection":[{"href":"https:\/\/tmp.compunegocios.com.pe\/index.php\/wp-json\/wp\/v2\/product"}],"about":[{"href":"https:\/\/tmp.compunegocios.com.pe\/index.php\/wp-json\/wp\/v2\/types\/product"}],"wp:featuredmedia":[{"embeddable":true,"href":"https:\/\/tmp.compunegocios.com.pe\/index.php\/wp-json\/wp\/v2\/media\/13056"}],"wp:attachment":[{"href":"https:\/\/tmp.compunegocios.com.pe\/index.php\/wp-json\/wp\/v2\/media?parent=13048"}],"wp:term":[{"taxonomy":"pwb-brand","embeddable":true,"href":"https:\/\/tmp.compunegocios.com.pe\/index.php\/wp-json\/wp\/v2\/pwb-brand?post=13048"},{"taxonomy":"product_brand","embeddable":true,"href":"https:\/\/tmp.compunegocios.com.pe\/index.php\/wp-json\/wp\/v2\/product_brand?post=13048"},{"taxonomy":"product_cat","embeddable":true,"href":"https:\/\/tmp.compunegocios.com.pe\/index.php\/wp-json\/wp\/v2\/product_cat?post=13048"},{"taxonomy":"product_tag","embeddable":true,"href":"https:\/\/tmp.compunegocios.com.pe\/index.php\/wp-json\/wp\/v2\/product_tag?post=13048"}],"curies":[{"name":"wp","href":"https:\/\/api.w.org\/{rel}","templated":true}]}}