{"id":13052,"date":"2023-11-24T21:12:35","date_gmt":"2023-11-24T21:12:35","guid":{"rendered":"http:\/\/compunegocios.com.pe\/index.php\/product\/mouse-inalambrico-genius-nx-7007\/"},"modified":"2025-08-19T17:26:41","modified_gmt":"2025-08-19T17:26:41","slug":"mouse-inalambrico-genius-nx-7007","status":"publish","type":"product","link":"https:\/\/tmp.compunegocios.com.pe\/index.php\/product\/mouse-inalambrico-genius-nx-7007\/","title":{"rendered":"MOUSE INALAMBRICO GENIUS NX-7007"},"content":{"rendered":"<p>MOUSE INALAMBRICO GENIUS NX-7007<br \/>\nERGONOM\u00cdA: \u00c1rea de bot\u00f3n un poco m\u00e1s baja para hacer m\u00e1s confortable el movimiento de los dedos para una mejor maniobra del mouse.<br \/>\nRUEDA DE DESPLAZAMIENTO: Favorece el desplazamiento hacia arriba, abajo, derecha e izquierda, tanto en Internet como en documentos de Windows.<br \/>\nSENSOR: Tecnolog\u00eda BlueEye.<br \/>\nCONEXI\u00d3N: 2.4 GHz (plug &amp; play)<br \/>\nN\u00daMERO DE BOTONES 3: izquierda, derecha y rueda de desplazamiento.<br \/>\nDPI: 1200<br \/>\nDIMENSIONES: 97 x 35 x 55 cm.<br \/>\nPESO APROXIMADO: 54.5 g (incluye receptor).<br \/>\nBATER\u00cdA\tAA x 1: bater\u00eda alcalina.<br \/>\nCOMPATIBILIDAD: Windows 7,8,10, 11 o posterior, Mac OS X 10.8 o posterior, Linus OS.<\/p>\n","protected":false},"excerpt":{"rendered":"<p>&#8211;<\/p>\n","protected":false},"featured_media":13072,"template":"","meta":[],"pwb-brand":[],"product_brand":[],"product_cat":[193],"product_tag":[],"class_list":{"0":"post-13052","1":"product","2":"type-product","3":"status-publish","4":"has-post-thumbnail","6":"product_cat-193","8":"first","9":"outofstock","10":"taxable","11":"shipping-taxable","12":"purchasable","13":"product-type-simple"},"brands":[],"_links":{"self":[{"href":"https:\/\/tmp.compunegocios.com.pe\/index.php\/wp-json\/wp\/v2\/product\/13052","targetHints":{"allow":["GET"]}}],"collection":[{"href":"https:\/\/tmp.compunegocios.com.pe\/index.php\/wp-json\/wp\/v2\/product"}],"about":[{"href":"https:\/\/tmp.compunegocios.com.pe\/index.php\/wp-json\/wp\/v2\/types\/product"}],"wp:featuredmedia":[{"embeddable":true,"href":"https:\/\/tmp.compunegocios.com.pe\/index.php\/wp-json\/wp\/v2\/media\/13072"}],"wp:attachment":[{"href":"https:\/\/tmp.compunegocios.com.pe\/index.php\/wp-json\/wp\/v2\/media?parent=13052"}],"wp:term":[{"taxonomy":"pwb-brand","embeddable":true,"href":"https:\/\/tmp.compunegocios.com.pe\/index.php\/wp-json\/wp\/v2\/pwb-brand?post=13052"},{"taxonomy":"product_brand","embeddable":true,"href":"https:\/\/tmp.compunegocios.com.pe\/index.php\/wp-json\/wp\/v2\/product_brand?post=13052"},{"taxonomy":"product_cat","embeddable":true,"href":"https:\/\/tmp.compunegocios.com.pe\/index.php\/wp-json\/wp\/v2\/product_cat?post=13052"},{"taxonomy":"product_tag","embeddable":true,"href":"https:\/\/tmp.compunegocios.com.pe\/index.php\/wp-json\/wp\/v2\/product_tag?post=13052"}],"curies":[{"name":"wp","href":"https:\/\/api.w.org\/{rel}","templated":true}]}}