{"id":13054,"date":"2023-11-24T22:39:24","date_gmt":"2023-11-24T22:39:24","guid":{"rendered":"http:\/\/compunegocios.com.pe\/index.php\/product\/mouse-inalambrico-lenovo-400\/"},"modified":"2025-08-19T17:26:43","modified_gmt":"2025-08-19T17:26:43","slug":"mouse-inalambrico-lenovo-400","status":"publish","type":"product","link":"https:\/\/tmp.compunegocios.com.pe\/index.php\/product\/mouse-inalambrico-lenovo-400\/","title":{"rendered":"MOUSE INALAMBRICO LENOVO 400"},"content":{"rendered":"<p>MOUSE INALAMBRICO LENOVO 400<br \/>\nAutonom\u00eda de la bater\u00eda: 12 Meses.<br \/>\nPeso: 65 g<br \/>\nCaracter\u00edsticas especiales de dise\u00f1o: Dise\u00f1o ambidiestro<br \/>\nBot\u00f3n del rat\u00f3n: 3 (clic izquierdo, clic derecho, clic de desplazamiento)<br \/>\nVida \u00fatil del bot\u00f3n: Bot\u00f3n izquierdo\/derecho: hasta 8 000 000 clics, clic de desplazamiento: hasta 100 000 clics<br \/>\nSensor del rat\u00f3n: Optical sensor<br \/>\nRequisitos de hardware: PC compatible con puerto USB-A<br \/>\nRequisitos energ\u00e9ticos: 1 Bateria 1 AA<br \/>\nDesplazamiento: Rueda de desplazamiento (arriba\/abajo)<br \/>\nRequisitos del SO\tWindows 8, Windows 8.1, Windows 10, Windows 11<br \/>\nTipo de conecci\u00f3n: 2.4 GHz Wireless via Nano USB<br \/>\nDPI: 1200 DPI<\/p>\n","protected":false},"excerpt":{"rendered":"<p>&#8211;<\/p>\n","protected":false},"featured_media":13082,"template":"","meta":[],"pwb-brand":[341],"product_brand":[],"product_cat":[193],"product_tag":[],"class_list":{"0":"post-13054","1":"product","2":"type-product","3":"status-publish","4":"has-post-thumbnail","6":"pwb-brand-lenovo","7":"product_cat-193","9":"first","10":"instock","11":"taxable","12":"shipping-taxable","13":"purchasable","14":"product-type-simple"},"brands":[{"id":341,"name":"Lenovo","slug":"lenovo"}],"_links":{"self":[{"href":"https:\/\/tmp.compunegocios.com.pe\/index.php\/wp-json\/wp\/v2\/product\/13054","targetHints":{"allow":["GET"]}}],"collection":[{"href":"https:\/\/tmp.compunegocios.com.pe\/index.php\/wp-json\/wp\/v2\/product"}],"about":[{"href":"https:\/\/tmp.compunegocios.com.pe\/index.php\/wp-json\/wp\/v2\/types\/product"}],"wp:featuredmedia":[{"embeddable":true,"href":"https:\/\/tmp.compunegocios.com.pe\/index.php\/wp-json\/wp\/v2\/media\/13082"}],"wp:attachment":[{"href":"https:\/\/tmp.compunegocios.com.pe\/index.php\/wp-json\/wp\/v2\/media?parent=13054"}],"wp:term":[{"taxonomy":"pwb-brand","embeddable":true,"href":"https:\/\/tmp.compunegocios.com.pe\/index.php\/wp-json\/wp\/v2\/pwb-brand?post=13054"},{"taxonomy":"product_brand","embeddable":true,"href":"https:\/\/tmp.compunegocios.com.pe\/index.php\/wp-json\/wp\/v2\/product_brand?post=13054"},{"taxonomy":"product_cat","embeddable":true,"href":"https:\/\/tmp.compunegocios.com.pe\/index.php\/wp-json\/wp\/v2\/product_cat?post=13054"},{"taxonomy":"product_tag","embeddable":true,"href":"https:\/\/tmp.compunegocios.com.pe\/index.php\/wp-json\/wp\/v2\/product_tag?post=13054"}],"curies":[{"name":"wp","href":"https:\/\/api.w.org\/{rel}","templated":true}]}}