{"id":13075,"date":"2023-11-25T17:25:07","date_gmt":"2023-11-25T17:25:07","guid":{"rendered":"http:\/\/compunegocios.com.pe\/index.php\/product\/mouse-inalambrico-hp-comfort-grip\/"},"modified":"2025-08-19T17:26:46","modified_gmt":"2025-08-19T17:26:46","slug":"mouse-inalambrico-hp-comfort-grip","status":"publish","type":"product","link":"https:\/\/tmp.compunegocios.com.pe\/index.php\/product\/mouse-inalambrico-hp-comfort-grip\/","title":{"rendered":"MOUSE INALAMBRICO HP COMFORT GRIP"},"content":{"rendered":"<p>MOUSE INALAMBRICO HP COMFORT GRIP<br \/>\nTIPO: OPTICO<br \/>\nINTERFAZ: RECEPTOR USB<br \/>\nCARACTERISTICAS ADICIONALES: 2 BOTONES CON RUEDA (RUEDA FUNCIONA COMO UN BOTON MAS)<br \/>\nTecnolog\u00edas Inal\u00e1mbricas: Nanorreceptor inal\u00e1mbrico USB a 2,4 GHz<br \/>\nTipo De Bater\u00eda: 2 bater\u00edas AA<\/p>\n","protected":false},"excerpt":{"rendered":"<p>&#8211;<\/p>\n","protected":false},"featured_media":13093,"template":"","meta":[],"pwb-brand":[340],"product_brand":[],"product_cat":[193],"product_tag":[],"class_list":{"0":"post-13075","1":"product","2":"type-product","3":"status-publish","4":"has-post-thumbnail","6":"pwb-brand-hp","7":"product_cat-193","9":"first","10":"outofstock","11":"taxable","12":"shipping-taxable","13":"purchasable","14":"product-type-simple"},"brands":[{"id":340,"name":"HP","slug":"hp"}],"_links":{"self":[{"href":"https:\/\/tmp.compunegocios.com.pe\/index.php\/wp-json\/wp\/v2\/product\/13075","targetHints":{"allow":["GET"]}}],"collection":[{"href":"https:\/\/tmp.compunegocios.com.pe\/index.php\/wp-json\/wp\/v2\/product"}],"about":[{"href":"https:\/\/tmp.compunegocios.com.pe\/index.php\/wp-json\/wp\/v2\/types\/product"}],"wp:featuredmedia":[{"embeddable":true,"href":"https:\/\/tmp.compunegocios.com.pe\/index.php\/wp-json\/wp\/v2\/media\/13093"}],"wp:attachment":[{"href":"https:\/\/tmp.compunegocios.com.pe\/index.php\/wp-json\/wp\/v2\/media?parent=13075"}],"wp:term":[{"taxonomy":"pwb-brand","embeddable":true,"href":"https:\/\/tmp.compunegocios.com.pe\/index.php\/wp-json\/wp\/v2\/pwb-brand?post=13075"},{"taxonomy":"product_brand","embeddable":true,"href":"https:\/\/tmp.compunegocios.com.pe\/index.php\/wp-json\/wp\/v2\/product_brand?post=13075"},{"taxonomy":"product_cat","embeddable":true,"href":"https:\/\/tmp.compunegocios.com.pe\/index.php\/wp-json\/wp\/v2\/product_cat?post=13075"},{"taxonomy":"product_tag","embeddable":true,"href":"https:\/\/tmp.compunegocios.com.pe\/index.php\/wp-json\/wp\/v2\/product_tag?post=13075"}],"curies":[{"name":"wp","href":"https:\/\/api.w.org\/{rel}","templated":true}]}}