{"id":13120,"date":"2023-11-25T22:58:05","date_gmt":"2023-11-25T22:58:05","guid":{"rendered":"http:\/\/compunegocios.com.pe\/index.php\/product\/mouse-inalambrico-bluetooth-logitech-lift-vertical-ergo\/"},"modified":"2025-08-19T17:26:55","modified_gmt":"2025-08-19T17:26:55","slug":"mouse-inalambrico-bluetooth-logitech-lift-vertical-ergo","status":"publish","type":"product","link":"https:\/\/tmp.compunegocios.com.pe\/index.php\/product\/mouse-inalambrico-bluetooth-logitech-lift-vertical-ergo\/","title":{"rendered":"MOUSE INALAMBRICO BLUETOOTH LOGITECH LIFT VERTICAL ERGO"},"content":{"rendered":"<p>MOUSE INALAMBRICO BLUETOOTH LOGITECH LIFT VERTICAL ERGO<br \/>\nTipo de sensor: Seguimiento \u00f3ptico avanzado de Logitech.<br \/>\nRango de dpi: 400-4000 dpi (totalmente ajustable con incrementos de 100 dpi).<br \/>\nValor nominal: 1000 DPI.<br \/>\nN\u00famero de botones: 6 (click izquierdo\/derecho, retroceso\/avance, bot\u00f3n central, bot\u00f3n rueda con click de bot\u00f3n central).<br \/>\nAplicaci\u00f3n de personalizaci\u00f3n: Compatibilidad con Logi Options+ para Windows y macOS.<br \/>\nTipo de bater\u00edas: 1 bater\u00eda AA (incluida).<br \/>\nDuraci\u00f3n de bater\u00edas: hasta 24 meses.<br \/>\nCompatibilidad con tipo de conexi\u00f3n:<br \/>\nReceptor USB Logi Bolt (incluido).<br \/>\nTecnolog\u00eda Bluetooth\u00ae de bajo consumo.<br \/>\nRadio de acci\u00f3n inal\u00e1mbrico: Radio de acci\u00f3n inal\u00e1mbrico de 10 m.<br \/>\nBluetooth\u00ae Low Energy<br \/>\nCompatibilidad:<br \/>\nBluetooth\u00ae Low Energy: Windows\u00ae 10, 11 o posterior, macOS 10.15 o posterior, iPadOS 14 o posterior, ChromeOS\u2122, Linux\u00ae, Android\u2122 8 o posterior, Dise\u00f1ado para laptops Intel\u00ae Evo\u2122<br \/>\nReceptor USB Logi Bolt: Requiere: Puerto USB disponible, Windows\u00ae 10, 11 o posterior, macOS 10.15 o posterior, ChromeOS, Linux.<br \/>\nLos usuarios de ChromeOS deben conectarse por Bluetooth para obtener la mejor experiencia.<br \/>\nSe requiere acceso a Internet para descargar la aplicaci\u00f3n de personalizaci\u00f3n opcional Logi Options+.<\/p>\n","protected":false},"excerpt":{"rendered":"<p>&#8211;<\/p>\n","protected":false},"featured_media":13175,"template":"","meta":[],"pwb-brand":[],"product_brand":[],"product_cat":[193],"product_tag":[],"class_list":{"0":"post-13120","1":"product","2":"type-product","3":"status-publish","4":"has-post-thumbnail","6":"product_cat-193","8":"first","9":"instock","10":"taxable","11":"shipping-taxable","12":"purchasable","13":"product-type-simple"},"brands":[],"_links":{"self":[{"href":"https:\/\/tmp.compunegocios.com.pe\/index.php\/wp-json\/wp\/v2\/product\/13120","targetHints":{"allow":["GET"]}}],"collection":[{"href":"https:\/\/tmp.compunegocios.com.pe\/index.php\/wp-json\/wp\/v2\/product"}],"about":[{"href":"https:\/\/tmp.compunegocios.com.pe\/index.php\/wp-json\/wp\/v2\/types\/product"}],"wp:featuredmedia":[{"embeddable":true,"href":"https:\/\/tmp.compunegocios.com.pe\/index.php\/wp-json\/wp\/v2\/media\/13175"}],"wp:attachment":[{"href":"https:\/\/tmp.compunegocios.com.pe\/index.php\/wp-json\/wp\/v2\/media?parent=13120"}],"wp:term":[{"taxonomy":"pwb-brand","embeddable":true,"href":"https:\/\/tmp.compunegocios.com.pe\/index.php\/wp-json\/wp\/v2\/pwb-brand?post=13120"},{"taxonomy":"product_brand","embeddable":true,"href":"https:\/\/tmp.compunegocios.com.pe\/index.php\/wp-json\/wp\/v2\/product_brand?post=13120"},{"taxonomy":"product_cat","embeddable":true,"href":"https:\/\/tmp.compunegocios.com.pe\/index.php\/wp-json\/wp\/v2\/product_cat?post=13120"},{"taxonomy":"product_tag","embeddable":true,"href":"https:\/\/tmp.compunegocios.com.pe\/index.php\/wp-json\/wp\/v2\/product_tag?post=13120"}],"curies":[{"name":"wp","href":"https:\/\/api.w.org\/{rel}","templated":true}]}}