{"id":13132,"date":"2023-11-25T23:24:30","date_gmt":"2023-11-25T23:24:30","guid":{"rendered":"http:\/\/compunegocios.com.pe\/index.php\/product\/teclado-genius-slimstar-m200-multimedia\/"},"modified":"2025-08-21T17:17:29","modified_gmt":"2025-08-21T17:17:29","slug":"teclado-genius-slimstar-m200-multimedia","status":"publish","type":"product","link":"https:\/\/tmp.compunegocios.com.pe\/index.php\/product\/teclado-genius-slimstar-m200-multimedia\/","title":{"rendered":"TECLADO MULTIMEDIA GENIUS SLIMSTAR M200"},"content":{"rendered":"<p>TECLADO MULTIMEDIA GENIUS SLIMSTAR M200<br \/>\nCARACTER\u00cdSTICAS<br \/>\nElegante teclado multimedia, proporciona comodidad, durabilidad y amplias funciones.<br \/>\nDISE\u00d1O: Dise\u00f1ado para garantizar comodidad, es un teclado en tama\u00f1o grande y con teclas de chocolate, ideal para uso en oficina.<br \/>\nTECLAS MULTIMEDIA: Cuenta con 12 teclas multimedia, para facilitar el acceso a internet, opciones de oficina y entretenimiento.<br \/>\nCONEXI\u00d3N: USB pluy &amp; play.<br \/>\nCOMPATIBILIDAD: Windows 8, 10, 11 o posterior, Mac OS X 10.8 o posterior.<br \/>\nCABLE: 1.5 M<br \/>\nTIPO DE TECLAS: Chocolate<br \/>\nDIMENSIONES: 441.5 x 127.7 x 25.25 mm<br \/>\nPESO: 508 g<\/p>\n","protected":false},"excerpt":{"rendered":"<p>&#8211;<\/p>\n","protected":false},"featured_media":13196,"template":"","meta":[],"pwb-brand":[],"product_brand":[],"product_cat":[189],"product_tag":[],"class_list":{"0":"post-13132","1":"product","2":"type-product","3":"status-publish","4":"has-post-thumbnail","6":"product_cat-189","8":"first","9":"instock","10":"taxable","11":"shipping-taxable","12":"purchasable","13":"product-type-simple"},"brands":[],"_links":{"self":[{"href":"https:\/\/tmp.compunegocios.com.pe\/index.php\/wp-json\/wp\/v2\/product\/13132","targetHints":{"allow":["GET"]}}],"collection":[{"href":"https:\/\/tmp.compunegocios.com.pe\/index.php\/wp-json\/wp\/v2\/product"}],"about":[{"href":"https:\/\/tmp.compunegocios.com.pe\/index.php\/wp-json\/wp\/v2\/types\/product"}],"wp:featuredmedia":[{"embeddable":true,"href":"https:\/\/tmp.compunegocios.com.pe\/index.php\/wp-json\/wp\/v2\/media\/13196"}],"wp:attachment":[{"href":"https:\/\/tmp.compunegocios.com.pe\/index.php\/wp-json\/wp\/v2\/media?parent=13132"}],"wp:term":[{"taxonomy":"pwb-brand","embeddable":true,"href":"https:\/\/tmp.compunegocios.com.pe\/index.php\/wp-json\/wp\/v2\/pwb-brand?post=13132"},{"taxonomy":"product_brand","embeddable":true,"href":"https:\/\/tmp.compunegocios.com.pe\/index.php\/wp-json\/wp\/v2\/product_brand?post=13132"},{"taxonomy":"product_cat","embeddable":true,"href":"https:\/\/tmp.compunegocios.com.pe\/index.php\/wp-json\/wp\/v2\/product_cat?post=13132"},{"taxonomy":"product_tag","embeddable":true,"href":"https:\/\/tmp.compunegocios.com.pe\/index.php\/wp-json\/wp\/v2\/product_tag?post=13132"}],"curies":[{"name":"wp","href":"https:\/\/api.w.org\/{rel}","templated":true}]}}