{"id":13189,"date":"2023-11-26T01:04:33","date_gmt":"2023-11-26T01:04:33","guid":{"rendered":"http:\/\/compunegocios.com.pe\/index.php\/product\/teclado-multimedia-reducido-genius-luxemate-110\/"},"modified":"2025-08-19T17:27:06","modified_gmt":"2025-08-19T17:27:06","slug":"teclado-multimedia-reducido-genius-luxemate-110","status":"publish","type":"product","link":"https:\/\/tmp.compunegocios.com.pe\/index.php\/product\/teclado-multimedia-reducido-genius-luxemate-110\/","title":{"rendered":"TECLADO MULTIMEDIA REDUCIDO GENIUS LUXEMATE 110"},"content":{"rendered":"<p>TECLADO MULTIMEDIA REDUCIDO GENIUS LUXEMATE 110<br \/>\nCARACTER\u00cdSTICAS:<br \/>\nTeclado con cable de tama\u00f1o compacto. Es ligero y compacto para ahorrar espacio, adem\u00e1s con sus teclas de chocolate te permite disfrutar de una escritura c\u00f3moda y fluida.<br \/>\nINCLINACI\u00d3N: C\u00f3moda inclinaci\u00f3n de pata de cabra.<br \/>\nTECLAS MULTIMEDIA: 12 teclas FN multimedia qu proporcionan un f\u00e1cil acceso a los controles.<br \/>\nCONECTIVIDAD: Conecta y reproduce a trav\u00e9s de puerto USB.<br \/>\nCOMPATIBILIDAD: Windows 8, 10, 11 o posterior.<br \/>\nLONGITUD DEL CABLE: 1.5 M.<br \/>\nPESO: 473 g.<br \/>\nDIMENSIONES: 360.5 x 142.4 x 21 mm.<\/p>\n","protected":false},"excerpt":{"rendered":"<p>&#8211;<\/p>\n","protected":false},"featured_media":13234,"template":"","meta":[],"pwb-brand":[],"product_brand":[],"product_cat":[189],"product_tag":[],"class_list":{"0":"post-13189","1":"product","2":"type-product","3":"status-publish","4":"has-post-thumbnail","6":"product_cat-189","8":"first","9":"instock","10":"taxable","11":"shipping-taxable","12":"purchasable","13":"product-type-simple"},"brands":[],"_links":{"self":[{"href":"https:\/\/tmp.compunegocios.com.pe\/index.php\/wp-json\/wp\/v2\/product\/13189","targetHints":{"allow":["GET"]}}],"collection":[{"href":"https:\/\/tmp.compunegocios.com.pe\/index.php\/wp-json\/wp\/v2\/product"}],"about":[{"href":"https:\/\/tmp.compunegocios.com.pe\/index.php\/wp-json\/wp\/v2\/types\/product"}],"wp:featuredmedia":[{"embeddable":true,"href":"https:\/\/tmp.compunegocios.com.pe\/index.php\/wp-json\/wp\/v2\/media\/13234"}],"wp:attachment":[{"href":"https:\/\/tmp.compunegocios.com.pe\/index.php\/wp-json\/wp\/v2\/media?parent=13189"}],"wp:term":[{"taxonomy":"pwb-brand","embeddable":true,"href":"https:\/\/tmp.compunegocios.com.pe\/index.php\/wp-json\/wp\/v2\/pwb-brand?post=13189"},{"taxonomy":"product_brand","embeddable":true,"href":"https:\/\/tmp.compunegocios.com.pe\/index.php\/wp-json\/wp\/v2\/product_brand?post=13189"},{"taxonomy":"product_cat","embeddable":true,"href":"https:\/\/tmp.compunegocios.com.pe\/index.php\/wp-json\/wp\/v2\/product_cat?post=13189"},{"taxonomy":"product_tag","embeddable":true,"href":"https:\/\/tmp.compunegocios.com.pe\/index.php\/wp-json\/wp\/v2\/product_tag?post=13189"}],"curies":[{"name":"wp","href":"https:\/\/api.w.org\/{rel}","templated":true}]}}