{"id":13233,"date":"2023-11-27T23:13:21","date_gmt":"2023-11-27T23:13:21","guid":{"rendered":"http:\/\/compunegocios.com.pe\/index.php\/product\/parlante-con-subwoofer-logitech-z407-80w-bluetooth-5-0\/"},"modified":"2025-08-19T17:27:13","modified_gmt":"2025-08-19T17:27:13","slug":"parlante-con-subwoofer-logitech-z407-80w-bluetooth-5-0","status":"publish","type":"product","link":"https:\/\/tmp.compunegocios.com.pe\/index.php\/product\/parlante-con-subwoofer-logitech-z407-80w-bluetooth-5-0\/","title":{"rendered":"PARLANTE CON SUBWOOFER LOGITECH Z407 80W BLUETOOTH 5.0"},"content":{"rendered":"<p>PARLANTE CON SUBWOOFER LOGITECH Z407 80W BLUETOOTH 5.0<br \/>\nTotal de vatios (pico): 80W.<br \/>\nTotal de vatios reales (RMS): 40 W.<br \/>\nSubwoofer: 20W.<br \/>\nAltavoces sat\u00e9lite: 2 x 10W.<br \/>\nEntrada de 3,5 mm: 1.<br \/>\nEntrada micro USB: 1.<br \/>\nBluetooth: 5.0.<br \/>\nControles: Botones de encendido, volumen, control de graves, silenciar, anular silencio, avance de pista, rebobinado, emparejamiento Bluetooth, cambio de fuente, etc., en control inal\u00e1mbrico.<br \/>\nFunciones adicionales:<br \/>\nRadio de acci\u00f3n inal\u00e1mbrico de 20 metros<br \/>\nDuraci\u00f3n de bater\u00edas de 12 meses (2 bater\u00edas AAA incluidas).<br \/>\nDimensiones:<br \/>\nBocina sat\u00e9lite:<br \/>\nAltura: 199.9 mm.<br \/>\nAncho: 93.9 mm.<br \/>\nProfundidad: 85.2 mm.<br \/>\nPeso: 389.6 g.<br \/>\nSubwoofer:<br \/>\nAltura: 240 mm.<br \/>\nAncho: 234 mm.<br \/>\nProfundidad: 180 mm.<br \/>\nPeso: 2450.6 g.<br \/>\nControl giratorio inal\u00e1mbrico:<br \/>\nDi\u00e1metro: 69.9 mm.<br \/>\nAltura: 29.4 mm.<br \/>\nPeso: 51.8 g.<\/p>\n","protected":false},"excerpt":{"rendered":"<p>&#8211;<\/p>\n","protected":false},"featured_media":13289,"template":"","meta":[],"pwb-brand":[],"product_brand":[],"product_cat":[159],"product_tag":[],"class_list":{"0":"post-13233","1":"product","2":"type-product","3":"status-publish","4":"has-post-thumbnail","6":"product_cat-159","8":"first","9":"outofstock","10":"taxable","11":"shipping-taxable","12":"purchasable","13":"product-type-simple"},"brands":[],"_links":{"self":[{"href":"https:\/\/tmp.compunegocios.com.pe\/index.php\/wp-json\/wp\/v2\/product\/13233","targetHints":{"allow":["GET"]}}],"collection":[{"href":"https:\/\/tmp.compunegocios.com.pe\/index.php\/wp-json\/wp\/v2\/product"}],"about":[{"href":"https:\/\/tmp.compunegocios.com.pe\/index.php\/wp-json\/wp\/v2\/types\/product"}],"wp:featuredmedia":[{"embeddable":true,"href":"https:\/\/tmp.compunegocios.com.pe\/index.php\/wp-json\/wp\/v2\/media\/13289"}],"wp:attachment":[{"href":"https:\/\/tmp.compunegocios.com.pe\/index.php\/wp-json\/wp\/v2\/media?parent=13233"}],"wp:term":[{"taxonomy":"pwb-brand","embeddable":true,"href":"https:\/\/tmp.compunegocios.com.pe\/index.php\/wp-json\/wp\/v2\/pwb-brand?post=13233"},{"taxonomy":"product_brand","embeddable":true,"href":"https:\/\/tmp.compunegocios.com.pe\/index.php\/wp-json\/wp\/v2\/product_brand?post=13233"},{"taxonomy":"product_cat","embeddable":true,"href":"https:\/\/tmp.compunegocios.com.pe\/index.php\/wp-json\/wp\/v2\/product_cat?post=13233"},{"taxonomy":"product_tag","embeddable":true,"href":"https:\/\/tmp.compunegocios.com.pe\/index.php\/wp-json\/wp\/v2\/product_tag?post=13233"}],"curies":[{"name":"wp","href":"https:\/\/api.w.org\/{rel}","templated":true}]}}