{"id":13283,"date":"2023-11-28T16:26:04","date_gmt":"2023-11-28T16:26:04","guid":{"rendered":"http:\/\/compunegocios.com.pe\/index.php\/product\/kit-combo-2-en-1-teclado-mouse-genius-km-160-usb\/"},"modified":"2025-08-19T17:27:17","modified_gmt":"2025-08-19T17:27:17","slug":"kit-combo-2-en-1-teclado-mouse-genius-km-160-usb","status":"publish","type":"product","link":"https:\/\/tmp.compunegocios.com.pe\/index.php\/product\/kit-combo-2-en-1-teclado-mouse-genius-km-160-usb\/","title":{"rendered":"KIT COMBO 2 EN 1 TECLADO + MOUSE GENIUS KM-160 USB"},"content":{"rendered":"<p>KIT COMBO 2 EN 1 TECLADO + MOUSE GENIUS KM-160 USB<br \/>\nDISE\u00d1O: Dise\u00f1o Ergon\u00f3mico, el mouse le proporciona una c\u00f3moda experiencia de uso.<br \/>\nSILENCIOSO Y SUAVE: Experiencia de tipeo silenciosa, gracias a sus teclas suaves y delgadas.<br \/>\nRAPIDEZ: El dise\u00f1o con 1000DPI hace mucho mas r\u00e1pido y sensible el movimiento de su pantalla, incluso multipantalla.<br \/>\nESPECIFICACIONES:<br \/>\nTECLADO:<br \/>\nTeclas: c\u00f3ncavas.<br \/>\nCable: 1,5 m.<br \/>\nDimensiones: 460 x 157,5 x 27 mm (18.11 x 6.20 x 1.06).<br \/>\nPeso: Aprox. 570.<br \/>\nMOUSE:<br \/>\nSensor: \u00f3ptico.<br \/>\nBotones: 3.<br \/>\nResoluci\u00f3n: 1000 DPI.<br \/>\nCable: 1,5 m.<br \/>\nDimensiones: 37,8 x 100 x 58 mm (1,49 x 3,93 x 2,28).<br \/>\nPeso: 85g.<\/p>\n","protected":false},"excerpt":{"rendered":"<p>&#8211;<\/p>\n","protected":false},"featured_media":13310,"template":"","meta":[],"pwb-brand":[],"product_brand":[],"product_cat":[186],"product_tag":[],"class_list":{"0":"post-13283","1":"product","2":"type-product","3":"status-publish","4":"has-post-thumbnail","6":"product_cat-186","8":"first","9":"outofstock","10":"taxable","11":"shipping-taxable","12":"purchasable","13":"product-type-simple"},"brands":[],"_links":{"self":[{"href":"https:\/\/tmp.compunegocios.com.pe\/index.php\/wp-json\/wp\/v2\/product\/13283","targetHints":{"allow":["GET"]}}],"collection":[{"href":"https:\/\/tmp.compunegocios.com.pe\/index.php\/wp-json\/wp\/v2\/product"}],"about":[{"href":"https:\/\/tmp.compunegocios.com.pe\/index.php\/wp-json\/wp\/v2\/types\/product"}],"wp:featuredmedia":[{"embeddable":true,"href":"https:\/\/tmp.compunegocios.com.pe\/index.php\/wp-json\/wp\/v2\/media\/13310"}],"wp:attachment":[{"href":"https:\/\/tmp.compunegocios.com.pe\/index.php\/wp-json\/wp\/v2\/media?parent=13283"}],"wp:term":[{"taxonomy":"pwb-brand","embeddable":true,"href":"https:\/\/tmp.compunegocios.com.pe\/index.php\/wp-json\/wp\/v2\/pwb-brand?post=13283"},{"taxonomy":"product_brand","embeddable":true,"href":"https:\/\/tmp.compunegocios.com.pe\/index.php\/wp-json\/wp\/v2\/product_brand?post=13283"},{"taxonomy":"product_cat","embeddable":true,"href":"https:\/\/tmp.compunegocios.com.pe\/index.php\/wp-json\/wp\/v2\/product_cat?post=13283"},{"taxonomy":"product_tag","embeddable":true,"href":"https:\/\/tmp.compunegocios.com.pe\/index.php\/wp-json\/wp\/v2\/product_tag?post=13283"}],"curies":[{"name":"wp","href":"https:\/\/api.w.org\/{rel}","templated":true}]}}