{"id":13309,"date":"2023-11-28T17:22:38","date_gmt":"2023-11-28T17:22:38","guid":{"rendered":"http:\/\/compunegocios.com.pe\/index.php\/product\/teclado-genius-smart-kb-100-usb\/"},"modified":"2025-08-19T17:27:20","modified_gmt":"2025-08-19T17:27:20","slug":"teclado-genius-smart-kb-100-usb","status":"publish","type":"product","link":"https:\/\/tmp.compunegocios.com.pe\/index.php\/product\/teclado-genius-smart-kb-100-usb\/","title":{"rendered":"TECLADO GENIUS SMART KB-100 USB"},"content":{"rendered":"<p>TECLADO GENIUS SMART KB-100 USB<br \/>\nIdioma: Espa\u00f1ol.<br \/>\nTipo de Teclas: C\u00f3ncavas.<br \/>\nLongitud de Cable: 1.5 M.<br \/>\nSoporte de Tecla: Si.<br \/>\nTeclas de Funci\u00f3n Personalizables: F1 &#8211; F12.<br \/>\nMotor Inteligente (Smart Genius): Si.<br \/>\nBarra Virtual de Teclas de Funci\u00f3n: Si.<br \/>\nTecla de Funci\u00f3n: Si.<br \/>\nSoporte de Perfil de Aplicaciones: Si.<br \/>\nPeso: Aprox. 450 g.<br \/>\nDimensiones: (AA 440.51 x 139,67 x 20.07 mm (17.34 x5.50 x 0.79 x A x P) Pulgadas)<br \/>\nColor: Negro.<br \/>\nPersonaliza tus necesidades:\tPuedes personalizar cualquiera de las 12 teclas de funci\u00f3n para accionar aplicaciones, visitar sitios web, habilitar multimedia, enviar emojis, crear accesos directos internos de aplicaciones. Con solo presionar una tecla, tambi\u00e9n puede insertar las palabras o frases que usas con m\u00e1s frecuencia.<br \/>\nVisualiza tu configuraci\u00f3n: Te recuerda en caso de que olvides la configuraci\u00f3n, tambi\u00e9n es divertido observar visualmente los cambios inteligentes de la asignaci\u00f3n cuando cambias de aplicaci\u00f3n.<br \/>\nTeclado de Jugador: Asigna accesos directos a funciones espec\u00edficas para jugadores, establece la posici\u00f3n de teclas multimedia a tu elecci\u00f3n.<br \/>\nM\u00e1s divertido: Imagina un teclado de Emoticonos, o crea un teclado para tus Aplicaciones. \u00a1Descarga algunos perfiles muestra precompilados para probar lo que puedes hacer! Es hora de presumir con tus amigos tu Teclado Inteligente.<br \/>\nCompatible: Windows 7, 8, 8.1, 10 o superior, Mac OS X 10.8 o superior, Puerto USB.<\/p>\n","protected":false},"excerpt":{"rendered":"<p>&#8211;<\/p>\n","protected":false},"featured_media":13324,"template":"","meta":[],"pwb-brand":[],"product_brand":[],"product_cat":[189],"product_tag":[],"class_list":{"0":"post-13309","1":"product","2":"type-product","3":"status-publish","4":"has-post-thumbnail","6":"product_cat-189","8":"first","9":"instock","10":"taxable","11":"shipping-taxable","12":"purchasable","13":"product-type-simple"},"brands":[],"_links":{"self":[{"href":"https:\/\/tmp.compunegocios.com.pe\/index.php\/wp-json\/wp\/v2\/product\/13309","targetHints":{"allow":["GET"]}}],"collection":[{"href":"https:\/\/tmp.compunegocios.com.pe\/index.php\/wp-json\/wp\/v2\/product"}],"about":[{"href":"https:\/\/tmp.compunegocios.com.pe\/index.php\/wp-json\/wp\/v2\/types\/product"}],"wp:featuredmedia":[{"embeddable":true,"href":"https:\/\/tmp.compunegocios.com.pe\/index.php\/wp-json\/wp\/v2\/media\/13324"}],"wp:attachment":[{"href":"https:\/\/tmp.compunegocios.com.pe\/index.php\/wp-json\/wp\/v2\/media?parent=13309"}],"wp:term":[{"taxonomy":"pwb-brand","embeddable":true,"href":"https:\/\/tmp.compunegocios.com.pe\/index.php\/wp-json\/wp\/v2\/pwb-brand?post=13309"},{"taxonomy":"product_brand","embeddable":true,"href":"https:\/\/tmp.compunegocios.com.pe\/index.php\/wp-json\/wp\/v2\/product_brand?post=13309"},{"taxonomy":"product_cat","embeddable":true,"href":"https:\/\/tmp.compunegocios.com.pe\/index.php\/wp-json\/wp\/v2\/product_cat?post=13309"},{"taxonomy":"product_tag","embeddable":true,"href":"https:\/\/tmp.compunegocios.com.pe\/index.php\/wp-json\/wp\/v2\/product_tag?post=13309"}],"curies":[{"name":"wp","href":"https:\/\/api.w.org\/{rel}","templated":true}]}}