{"id":13315,"date":"2023-11-28T17:49:14","date_gmt":"2023-11-28T17:49:14","guid":{"rendered":"http:\/\/compunegocios.com.pe\/index.php\/product\/kit-combo-inalambrico-2-en-1-teclado-mouse-genius-smart-km-8100\/"},"modified":"2025-08-19T17:27:21","modified_gmt":"2025-08-19T17:27:21","slug":"kit-combo-inalambrico-2-en-1-teclado-mouse-genius-smart-km-8100","status":"publish","type":"product","link":"https:\/\/tmp.compunegocios.com.pe\/index.php\/product\/kit-combo-inalambrico-2-en-1-teclado-mouse-genius-smart-km-8100\/","title":{"rendered":"KIT COMBO INALAMBRICO 2 EN 1 TECLADO + MOUSE GENIUS SMART KM-8100"},"content":{"rendered":"<p>KIT COMBO INALAMBRICO 2 EN 1 TECLADO + MOUSE GENIUS SMART KM-8100<br \/>\nFrecuencia de radiofrecuencia: 2,4 GHz.<br \/>\nTipo de tecla: C\u00f3ncavo.<br \/>\nSoporte clave Genius: S\u00ed.<br \/>\nMotor inteligente (SmartGenius): S\u00ed.<br \/>\nTeclas de funci\u00f3n personalizables: F1~F12.<br \/>\nSoporte SmartGenius: S\u00ed, descarga de la aplicaci\u00f3n SmartGenius.<br \/>\nBarra de teclas de funci\u00f3n visual virtual: S\u00ed.<br \/>\nSoporte de perfil de aplicaci\u00f3n: S\u00ed.<br \/>\nTeclas de funci\u00f3n: si, 12.<br \/>\nTecla multimedia: si, 12.<br \/>\nMotor de sensor de rat\u00f3n: \u00d3ptico.<br \/>\nResoluci\u00f3n del rat\u00f3n (DPI): 1000.<br \/>\nRat\u00f3n N\u00famero de botones: 3 (bot\u00f3n izquierdo, derecho, central con desplazamiento).<br \/>\nTipo de Bater\u00eda:<br \/>\nUna pila alcalina AAA para teclado.<br \/>\nUna pila alcalina AA para rat\u00f3n<br \/>\nOtro:<br \/>\nPeso (gramos): Teclado Aprox. 488 g (sin bater\u00eda) Rat\u00f3n Aprox. 53,5 g (sin bater\u00eda)<br \/>\nDimensiones (An x Al x Pr) mm (pulgadas): Teclado: 450,92 x 167,06 x 26,46 mm (17,75 x 6,58 x 1,04 pulgadas), Rat\u00f3n: 95 x 56 x 35 mm (3,74 x 2,20 x 1,38 pulgadas)<br \/>\nSO compatibles: Windows\u00ae 7, 8, 8.1, 10\/macOS X 10.8 o posterior.<\/p>\n","protected":false},"excerpt":{"rendered":"<p>&#8211;<\/p>\n","protected":false},"featured_media":13328,"template":"","meta":[],"pwb-brand":[],"product_brand":[],"product_cat":[332],"product_tag":[],"class_list":{"0":"post-13315","1":"product","2":"type-product","3":"status-publish","4":"has-post-thumbnail","6":"product_cat-332","8":"first","9":"instock","10":"taxable","11":"shipping-taxable","12":"purchasable","13":"product-type-simple"},"brands":[],"_links":{"self":[{"href":"https:\/\/tmp.compunegocios.com.pe\/index.php\/wp-json\/wp\/v2\/product\/13315","targetHints":{"allow":["GET"]}}],"collection":[{"href":"https:\/\/tmp.compunegocios.com.pe\/index.php\/wp-json\/wp\/v2\/product"}],"about":[{"href":"https:\/\/tmp.compunegocios.com.pe\/index.php\/wp-json\/wp\/v2\/types\/product"}],"wp:featuredmedia":[{"embeddable":true,"href":"https:\/\/tmp.compunegocios.com.pe\/index.php\/wp-json\/wp\/v2\/media\/13328"}],"wp:attachment":[{"href":"https:\/\/tmp.compunegocios.com.pe\/index.php\/wp-json\/wp\/v2\/media?parent=13315"}],"wp:term":[{"taxonomy":"pwb-brand","embeddable":true,"href":"https:\/\/tmp.compunegocios.com.pe\/index.php\/wp-json\/wp\/v2\/pwb-brand?post=13315"},{"taxonomy":"product_brand","embeddable":true,"href":"https:\/\/tmp.compunegocios.com.pe\/index.php\/wp-json\/wp\/v2\/product_brand?post=13315"},{"taxonomy":"product_cat","embeddable":true,"href":"https:\/\/tmp.compunegocios.com.pe\/index.php\/wp-json\/wp\/v2\/product_cat?post=13315"},{"taxonomy":"product_tag","embeddable":true,"href":"https:\/\/tmp.compunegocios.com.pe\/index.php\/wp-json\/wp\/v2\/product_tag?post=13315"}],"curies":[{"name":"wp","href":"https:\/\/api.w.org\/{rel}","templated":true}]}}