{"id":13340,"date":"2023-11-30T02:26:23","date_gmt":"2023-11-30T02:26:23","guid":{"rendered":"http:\/\/compunegocios.com.pe\/index.php\/product\/laptop-hp-14-dq0517la-intel-celeron-n4120-hasta-2-6ghz-4gb-ddr4-256gb-ssd-pantalla-14-hd-freedos\/"},"modified":"2025-08-19T17:27:25","modified_gmt":"2025-08-19T17:27:25","slug":"laptop-hp-14-dq0517la-intel-celeron-n4120-hasta-2-6ghz-4gb-ddr4-256gb-ssd-pantalla-14-hd-freedos","status":"publish","type":"product","link":"https:\/\/tmp.compunegocios.com.pe\/index.php\/product\/laptop-hp-14-dq0517la-intel-celeron-n4120-hasta-2-6ghz-4gb-ddr4-256gb-ssd-pantalla-14-hd-freedos\/","title":{"rendered":"LAPTOP HP 14-DQ0517LA INTEL CELERON N4120 HASTA 2.6GHZ 4GB DDR4 256GB SSD PANTALLA 14&#8243; HD FREEDOS (PN: 706L7LA#ABM)"},"content":{"rendered":"<p>LAPTOP HP 14-DQ0517LA INTEL CELERON N4120 HASTA 2.6GHZ 4GB DDR4 256GB SSD PANTALLA 14&#8243; HD FREEDOS (PN: 706L7LA#ABM)<\/p>\n<p>Notebook HP 14-dq0517la 14&#8243; HD Intel Celeron N4120 hasta 2.6GHz 4GB DDR4-2400MHz (1 x 4GB)<br \/>\n256GB SSD M.2 PCIe NVMe, Video Integrado Intel UHD 600 Graphics, WLAN Realtek RTL8821CE 802.11a\/b\/g\/n\/ac (1&#215;1) Wi-Fi y Bluetooth 4.2 (Compatible con MU-MIMO \/ Compatible con Miracast), Audio HD \/ 2-Parlantes, C\u00e1mara HD HP TrueVision de 720p con micr\u00f3fonos digitales integrados de doble matriz, 1 x Lector de tarjetas SD multiformato, Teclado de tama\u00f1o completo en negro intenso, Bateria de iones de litio de 3-celdas y 41Wh.<br \/>\nNo incluye Sistema Operativo \/ FreeDos.<\/p>\n","protected":false},"excerpt":{"rendered":"<p>&#8211;<\/p>\n","protected":false},"featured_media":13366,"template":"","meta":[],"pwb-brand":[340,338],"product_brand":[],"product_cat":[19],"product_tag":[],"class_list":{"0":"post-13340","1":"product","2":"type-product","3":"status-publish","4":"has-post-thumbnail","6":"pwb-brand-hp","7":"pwb-brand-intel","8":"product_cat-19","10":"first","11":"outofstock","12":"taxable","13":"shipping-taxable","14":"purchasable","15":"product-type-simple"},"brands":[{"id":340,"name":"HP","slug":"hp"},{"id":338,"name":"Intel","slug":"intel"}],"_links":{"self":[{"href":"https:\/\/tmp.compunegocios.com.pe\/index.php\/wp-json\/wp\/v2\/product\/13340","targetHints":{"allow":["GET"]}}],"collection":[{"href":"https:\/\/tmp.compunegocios.com.pe\/index.php\/wp-json\/wp\/v2\/product"}],"about":[{"href":"https:\/\/tmp.compunegocios.com.pe\/index.php\/wp-json\/wp\/v2\/types\/product"}],"wp:featuredmedia":[{"embeddable":true,"href":"https:\/\/tmp.compunegocios.com.pe\/index.php\/wp-json\/wp\/v2\/media\/13366"}],"wp:attachment":[{"href":"https:\/\/tmp.compunegocios.com.pe\/index.php\/wp-json\/wp\/v2\/media?parent=13340"}],"wp:term":[{"taxonomy":"pwb-brand","embeddable":true,"href":"https:\/\/tmp.compunegocios.com.pe\/index.php\/wp-json\/wp\/v2\/pwb-brand?post=13340"},{"taxonomy":"product_brand","embeddable":true,"href":"https:\/\/tmp.compunegocios.com.pe\/index.php\/wp-json\/wp\/v2\/product_brand?post=13340"},{"taxonomy":"product_cat","embeddable":true,"href":"https:\/\/tmp.compunegocios.com.pe\/index.php\/wp-json\/wp\/v2\/product_cat?post=13340"},{"taxonomy":"product_tag","embeddable":true,"href":"https:\/\/tmp.compunegocios.com.pe\/index.php\/wp-json\/wp\/v2\/product_tag?post=13340"}],"curies":[{"name":"wp","href":"https:\/\/api.w.org\/{rel}","templated":true}]}}