{"id":13431,"date":"2023-12-13T21:20:23","date_gmt":"2023-12-13T21:20:23","guid":{"rendered":"http:\/\/compunegocios.com.pe\/index.php\/product\/router-tp-link-archer-c50-ac1200-wifi-de-doble-banda-con-conexion-de-2-4-ghz-y-5-ghz\/"},"modified":"2025-08-19T17:27:26","modified_gmt":"2025-08-19T17:27:26","slug":"router-tp-link-archer-c50-ac1200-wifi-de-doble-banda-con-conexion-de-2-4-ghz-y-5-ghz","status":"publish","type":"product","link":"https:\/\/tmp.compunegocios.com.pe\/index.php\/product\/router-tp-link-archer-c50-ac1200-wifi-de-doble-banda-con-conexion-de-2-4-ghz-y-5-ghz\/","title":{"rendered":"ROUTER TP-LINK ARCHER C50 AC1200 WIFI DE DOBLE BANDA CON CONEXI\u00d3N DE 2.4 GHz Y 5 GHz"},"content":{"rendered":"<p>ROUTER TP-LINK ARCHER C50 AC1200 WIFI DE DOBLE BANDA CON CONEXI\u00d3N DE 2.4 GHz Y 5 GHz<\/p>\n<p>El TP-Link Archer C50 viene con el est\u00e1ndar de la pr\u00f3xima generaci\u00f3n Wi-Fi &#8211; 802.11ac, 3 veces m\u00e1s r\u00e1pido que las velocidades inal\u00e1mbricas N y entrega una velocidad de transferencia inal\u00e1mbrica de datos combinada de hasta 1.2 Gbps. Con 300 Mbps en la banda de 2.4 GHz y velocidades inal\u00e1mbricas de 867Mbps en la banda de 5 GHz, el Archer C50 es la mejor opci\u00f3n para la transmisi\u00f3n HD sin retraso, juegos en l\u00ednea y otras tareas intensivas de banda ancha. Trabaja en 3 modos: Modo Router, Modo Access Point, Modo Rango Extensor.<\/p>\n<p>WiFi r\u00e1pido de doble banda<\/p>\n<p>El Wi-Fi de doble banda le permite conectar sus dispositivos exigentes a la banda de 5 GHz m\u00e1s r\u00e1pida y clara, mientras que una banda tradicional de 2,4 GHz proporciona una conexi\u00f3n estable y de largo alcance con el resto de sus dispositivos.<\/p>\n<p>HARDWARE:<\/p>\n<p>Procesador: CPU de un solo n\u00facleo<\/p>\n<p>Puertos Ethernet: 1 puerto WAN de 10\/100 Mbps, 4 puertos LAN de 10\/100 Mbps<\/p>\n<p>Botones: WPS \/ Bot\u00f3n de reinicio<\/p>\n<p>Potencia: 9 V ? 0,85 A<\/p>\n<p>Dimensiones (W \u00d7 D \u00d7 H): 115 \u00d7 106.7 \u00d7 24.3 mm<\/p>\n<p>SEGURIDAD:<\/p>\n<p>Encriptaci\u00f3n WiFi: WEP, WPA, WPA2, WPA\/WPA2-Enterprise (802.1x)<\/p>\n<p>Seguridad de Red: Cortafuegos SPI, Control de acceso, Enlace IP y MAC, Puerta de enlace de capa de aplicaci\u00f3n<\/p>\n<p>Red de invitados: 1 Red de invitados de 5 GHz, 1 red de invitados de 2.4 GHz<\/p>\n<p>SOFTWARE:<\/p>\n<p>Protocolos: IPv4, IPv6<\/p>\n<p>Controles Parentales: Filtrado de URL, Controles de tiempo<\/p>\n<p>Tipos de WAN: IP din\u00e1mica, IP est\u00e1tica, PPPoE, PPTP, L2TP<\/p>\n<p>Calidad de servicio: QoS por dispositivo<\/p>\n<p>Reenv\u00edo de NAT: Reenv\u00edo de puertos, Activaci\u00f3n de puerto, DMZ, UPnP<\/p>\n<p>IPTV: Proxy IGMP, Inspecci\u00f3n IGMP, Puente, Etiqueta VLAN<\/p>\n<p>DHCP: Reserva de direcci\u00f3n, Lista de clientes DHCP, Servidor<\/p>\n<p>DDNS: NO-IP, DynDNS<\/p>\n<p>Management: Aplicaci\u00f3n Tether, P\u00e1gina web<\/p>\n<p>ESPECIFICACIONES T\u00c9CNICAS:<\/p>\n<p>El AC1200 de doble banda es ideal para transmisi\u00f3n de video 4K y descarga de alta velocidad.<\/p>\n<p>Velocidades WiFi AC1200: 5 GHz: 867 Mbps (802.11ac), 2.4 GHz: 300 Mbps (802.11n)<\/p>\n<p>4 \u00d7 antenas y Beamforming brindan una amplia cobertura Wi-Fi y conexiones confiables.<\/p>\n<p>Multimodo 3 en 1: admite los modos de enrutador, punto de acceso y extensor de rango para mayor flexibilidad.<\/p>\n<p>Controles parentales: administra cu\u00e1ndo y c\u00f3mo los dispositivos conectados pueden acceder a Internet.<\/p>\n<p>Red de invitados: proporciona acceso independiente a los invitados para proteger la red del host.<\/p>\n<p>Transmisi\u00f3n fluida de HD: admite IGMP Proxy \/ Snooping, Bridge y Tag VLAN para optimizar la transmisi\u00f3n de IPTV.<\/p>\n<p>Compatible con IPv6: compatible con IPv6 (la \u00faltima versi\u00f3n 6 del Protocolo de Internet).<\/p>\n<p>Compacto y montable: dise\u00f1ado para ahorrar espacio y complementar cualquier decoraci\u00f3n.<\/p>\n<p>Dimensiones (W \u00d7 D \u00d7 H): 115 \u00d7 106.7 \u00d7 24.3 mm<\/p>\n","protected":false},"excerpt":{"rendered":"<p>&#8211;<\/p>\n","protected":false},"featured_media":13440,"template":"","meta":[],"pwb-brand":[],"product_brand":[],"product_cat":[227],"product_tag":[],"class_list":{"0":"post-13431","1":"product","2":"type-product","3":"status-publish","4":"has-post-thumbnail","6":"product_cat-227","8":"first","9":"outofstock","10":"taxable","11":"shipping-taxable","12":"purchasable","13":"product-type-simple"},"brands":[],"_links":{"self":[{"href":"https:\/\/tmp.compunegocios.com.pe\/index.php\/wp-json\/wp\/v2\/product\/13431","targetHints":{"allow":["GET"]}}],"collection":[{"href":"https:\/\/tmp.compunegocios.com.pe\/index.php\/wp-json\/wp\/v2\/product"}],"about":[{"href":"https:\/\/tmp.compunegocios.com.pe\/index.php\/wp-json\/wp\/v2\/types\/product"}],"wp:featuredmedia":[{"embeddable":true,"href":"https:\/\/tmp.compunegocios.com.pe\/index.php\/wp-json\/wp\/v2\/media\/13440"}],"wp:attachment":[{"href":"https:\/\/tmp.compunegocios.com.pe\/index.php\/wp-json\/wp\/v2\/media?parent=13431"}],"wp:term":[{"taxonomy":"pwb-brand","embeddable":true,"href":"https:\/\/tmp.compunegocios.com.pe\/index.php\/wp-json\/wp\/v2\/pwb-brand?post=13431"},{"taxonomy":"product_brand","embeddable":true,"href":"https:\/\/tmp.compunegocios.com.pe\/index.php\/wp-json\/wp\/v2\/product_brand?post=13431"},{"taxonomy":"product_cat","embeddable":true,"href":"https:\/\/tmp.compunegocios.com.pe\/index.php\/wp-json\/wp\/v2\/product_cat?post=13431"},{"taxonomy":"product_tag","embeddable":true,"href":"https:\/\/tmp.compunegocios.com.pe\/index.php\/wp-json\/wp\/v2\/product_tag?post=13431"}],"curies":[{"name":"wp","href":"https:\/\/api.w.org\/{rel}","templated":true}]}}