{"id":13432,"date":"2023-12-13T21:40:16","date_gmt":"2023-12-13T21:40:16","guid":{"rendered":"http:\/\/compunegocios.com.pe\/index.php\/product\/router-tp-link-archer-c24-ac750-wifi-de-doble-banda-con-conexion-de-2-4-ghz-y-5-ghz\/"},"modified":"2025-08-19T17:27:27","modified_gmt":"2025-08-19T17:27:27","slug":"router-tp-link-archer-c24-ac750-wifi-de-doble-banda-con-conexion-de-2-4-ghz-y-5-ghz","status":"publish","type":"product","link":"https:\/\/tmp.compunegocios.com.pe\/index.php\/product\/router-tp-link-archer-c24-ac750-wifi-de-doble-banda-con-conexion-de-2-4-ghz-y-5-ghz\/","title":{"rendered":"ROUTER TP-LINK ARCHER C24 AC750 WIFI DE DOBLE BANDA CON CONEXI\u00d3N DE 2.4 GHz Y 5 GHz"},"content":{"rendered":"<p>ROUTER TP-LINK ARCHER C24 AC750 WIFI DE DOBLE BANDA CON CONEXI\u00d3N DE 2.4 GHz Y 5 GHz  <\/p>\n<p>Wi-Fi de alta velocidad: el AC750 de doble banda es ideal para transmisi\u00f3n de video HD y descarga de alta velocidad.<\/p>\n<p>Cobertura de gran alcance: las antenas 4 \u00d7 brindan Wi-Fi de gran alcance y conexiones confiables.<\/p>\n<p>Multimodo 3 en 1: admite enrutador, punto de acceso y extensor de rango para agregar flexibilidad.<\/p>\n<p>Controles parentales: administra cu\u00e1ndo y c\u00f3mo los dispositivos conectados pueden acceder a Internet.<\/p>\n<p>Red de invitados: proporciona acceso independiente para los invitados mientras protege la red del host.<\/p>\n<p>Transmisi\u00f3n fluida HD: admite IGMP Proxy \/ Snooping, Bridge y Tag VLAN para optimizar la transmisi\u00f3n IPTV.<\/p>\n<p>Compatible con IPv6: compatible con IPv6 (la \u00faltima versi\u00f3n 6 del Protocolo de Internet).<\/p>\n<p>Compacto y montable: dise\u00f1ado para ahorrar espacio y complementar cualquier decoraci\u00f3n.<\/p>\n<p>DUPLICA EL ANCHO DE BANDA<\/p>\n<p>El WiFi de doble banda de CA le permite conectar sus dispositivos exigentes a la banda de 5 GHz m\u00e1s r\u00e1pida y clara, mientras que la tradici\u00f3n de 2,4 GHz band proporciona una conexi\u00f3n estable y de largo alcance con el resto de sus dispositivos.<\/p>\n<p>ESTABLE Y DE GRAN ALCANCE<\/p>\n<p>Con antenas 4 \u00d7 distribuidas en diagonal, Archer C24 cubre m\u00e1s direcciones y expande la cobertura WiFi, admite navegaci\u00f3n sin b\u00fafer y descarga sin interrupciones.<\/p>\n<p>Multimodo 3 en 1<\/p>\n<p>\u2013 Modo router: Conecte un cable Ethernet para crear instant\u00e1neamente una red inal\u00e1mbrica privada y compartir el acceso a Internet con todos sus dispositivos Wi-Fi.<\/p>\n<p>\u2013 Modo de punto de acceso: Transforme su red cableada existente en una inal\u00e1mbrica.<\/p>\n<p>\u2013 Modo extensor de rango: Aumente la cobertura inal\u00e1mbrica existente en su hogar.<\/p>\n<p>ALTA INTEGRACI\u00d3N &#8211; TAMA\u00d1O COMPACTO<\/p>\n<p>La estructura del sistema de Archer C24 se centra en crear una WiFi \u00f3ptima. La tecnolog\u00eda de semiconductores avanzada ayuda a integrar unidades que incluyen CPU, memoria y una unidad de procesamiento de 3 flujos en un solo chip para lograr una alta compatibilidad, brind\u00e1ndole la misma potencia con un dise\u00f1o compacto.<\/p>\n<p>MUY ESTABLE<\/p>\n<p>Archer C24 pasa por rigurosas pruebas repetidas para garantizar un producto final confiable en varios entornos extenuantes. El resultado final: 8 enrutadores Archer C24 seleccionados al azar probados colectivamente durante 1936 horas.<\/p>\n<p>Router Tp link Archer C24 AC750<\/p>\n<p>ESPECIFICACIONES:<\/p>\n<p>\u2013 WiFi 5: IEEE 802.11ac\/n\/a 5 GHz y IEEE 802.11n\/b\/g 2.4 GHz<\/p>\n<p>\u2013 Velocidad WiFi AC750: 5 GHz: 433 Mbps (802.11ac) y 2.4 GHz: 300 Mbps (802.11n)<\/p>\n<p>\u2013 Rango WiFi: Casas de 2 habitaciones<\/p>\n<p>3 \u00d7 antenas fijas<\/p>\n<p>Varias antenas forman una matriz de refuerzo de se\u00f1al para cubrir m\u00e1s direcciones y \u00e1reas grandes<\/p>\n<p>\u2013 Capacidad WiFi: Doble banda<\/p>\n<p>Asigne dispositivos a diferentes bandas para un rendimiento \u00f3ptimo<\/p>\n<p>\u2013 Modos de trabajo: Modo router, Modo punto de acceso y Modo de extensi\u00f3n de rango<\/p>\n<p>\u2013 Procesador: CPU de un solo n\u00facleo<\/p>\n<p>\u2013 Puertos Ethernet: 1 puerto WAN de 10\/100 Mbps y 4 puertos LAN de 10\/100 Mbps<\/p>\n<p>\u2013 Energ\u00eda: 9V 0.6A<\/p>\n<p>\u2013 Dim<\/p>\n","protected":false},"excerpt":{"rendered":"<p>&#8211;<\/p>\n","protected":false},"featured_media":13444,"template":"","meta":[],"pwb-brand":[],"product_brand":[],"product_cat":[227],"product_tag":[],"class_list":{"0":"post-13432","1":"product","2":"type-product","3":"status-publish","4":"has-post-thumbnail","6":"product_cat-227","8":"first","9":"instock","10":"taxable","11":"shipping-taxable","12":"purchasable","13":"product-type-simple"},"brands":[],"_links":{"self":[{"href":"https:\/\/tmp.compunegocios.com.pe\/index.php\/wp-json\/wp\/v2\/product\/13432","targetHints":{"allow":["GET"]}}],"collection":[{"href":"https:\/\/tmp.compunegocios.com.pe\/index.php\/wp-json\/wp\/v2\/product"}],"about":[{"href":"https:\/\/tmp.compunegocios.com.pe\/index.php\/wp-json\/wp\/v2\/types\/product"}],"wp:featuredmedia":[{"embeddable":true,"href":"https:\/\/tmp.compunegocios.com.pe\/index.php\/wp-json\/wp\/v2\/media\/13444"}],"wp:attachment":[{"href":"https:\/\/tmp.compunegocios.com.pe\/index.php\/wp-json\/wp\/v2\/media?parent=13432"}],"wp:term":[{"taxonomy":"pwb-brand","embeddable":true,"href":"https:\/\/tmp.compunegocios.com.pe\/index.php\/wp-json\/wp\/v2\/pwb-brand?post=13432"},{"taxonomy":"product_brand","embeddable":true,"href":"https:\/\/tmp.compunegocios.com.pe\/index.php\/wp-json\/wp\/v2\/product_brand?post=13432"},{"taxonomy":"product_cat","embeddable":true,"href":"https:\/\/tmp.compunegocios.com.pe\/index.php\/wp-json\/wp\/v2\/product_cat?post=13432"},{"taxonomy":"product_tag","embeddable":true,"href":"https:\/\/tmp.compunegocios.com.pe\/index.php\/wp-json\/wp\/v2\/product_tag?post=13432"}],"curies":[{"name":"wp","href":"https:\/\/api.w.org\/{rel}","templated":true}]}}