{"id":13433,"date":"2023-12-13T22:00:09","date_gmt":"2023-12-13T22:00:09","guid":{"rendered":"http:\/\/compunegocios.com.pe\/index.php\/product\/router-tp-link-tl-mr6400-4g-lte-300-mbps-wifi-con-ranura-para-tarjeta-sim\/"},"modified":"2025-08-19T17:27:28","modified_gmt":"2025-08-19T17:27:28","slug":"router-tp-link-tl-mr6400-4g-lte-300-mbps-wifi-con-ranura-para-tarjeta-sim","status":"publish","type":"product","link":"https:\/\/tmp.compunegocios.com.pe\/index.php\/product\/router-tp-link-tl-mr6400-4g-lte-300-mbps-wifi-con-ranura-para-tarjeta-sim\/","title":{"rendered":"ROUTER TP-LINK TL-MR6400 4G LTE 300 Mbps WIFI CON RANURA PARA TARJETA SIM"},"content":{"rendered":"<p>ROUTER TP-LINK TL-MR6400 4G LTE 300 Mbps WIFI CON RANURA PARA TARJETA SIM<\/p>\n<p>Con un m\u00f3dem 4G LTE integrado y un slot para tarjetas SIM, solamente necesita introducir la tarjeta SIM y encender el TP-Link TL-MR6400. Disfute de una Wi-Fi r\u00e1pida y estable v\u00eda red 4G LTE de manera sencilla. Compatible con todos los operadores.<\/p>\n<p>Comparta su red 4G LTE<\/p>\n<p>Saque el m\u00e1ximo partido de su red 4G LTE, que permite velocidades de descarga de hasta 150 Mbps. El TL-MR6400 comparte su red 4G LTE con m\u00faltiples dispositivos Wi-Fi, de manera a que disfrute de pel\u00edculas HD de manera ininterrumpida, descarga r\u00e1pida de archivos y video chats fluidos. Tambi\u00e9n es compatible con FDD-LTE y TDD-LTE, lo que es soportado por la mayor\u00eda de operadores alrededor del mundo.<\/p>\n<p>CARACTER\u00cdSTICAS DE HARDWARE<\/p>\n<p>Interfaz: 3 Puertos LAN 10\/100Mbps, 1 Puerto LAN\/WAN 10\/100Mbps y 1 Ranura para Tarjeta SIM<br \/>\nBotones: Bot\u00f3n WPS\/Reset, Bot\u00f3n Wi-Fi On\/Off y Bot\u00f3n Power On\/Off<br \/>\nExternal Power Supply(EU): 9V\/0.85A<br \/>\nExternal Power Supply(APAC): 12V\/1A<br \/>\nDimensiones: 202 x 141 x 33.6 mm<br \/>\nTipo de Antena: 2 Antenas 4G LTE Internas \/ 2 Antenas Wi-Fi Externas Fijas<\/p>\n<p>CARACTER\u00cdSTICAS DE SOFTWARE<\/p>\n<p>Modo de Funcionamiento: Router 3G\/4G y Router Inal\u00e1mbrico<br \/>\nGesti\u00f3n: Control de Acceso, Gesti\u00f3n Local, Gesti\u00f3n Remota y Reboot Agendado<br \/>\nTipo de Conexi\u00f3n WAN: IP Din\u00e1mica\/Est\u00e1tica\/PPPoE\/PPTP(Dual Access)\/L2TP(Dual Access)<br \/>\nDHCP: Server, Client, DHCP Client List, Address Reservation<br \/>\nReenv\u00edo de Puertos: Servidor Virtual, Port Triggering, UPnP y DMZ<br \/>\nDNS Din\u00e1mico: DynDns, NO-IP<br \/>\nVPN: PPTP VPN, IPSec VPN , OpenVPN<br \/>\nControl de Acceso: Control Parental, Control de Gesti\u00f3n Local<br \/>\nSeguridad Firewall: DoS, Firewall SPI, Filtrado de Direcci\u00f3n IP\/Dominios y Vinculaci\u00f3n de Direcci\u00f3n IP y MAC<br \/>\nProtocolos: Soporta IPv4 e IPv6<br \/>\nRed de Invitados: 1 Red de Invitados en 2.4GHz<\/p>\n<p>ESPECIFICACIONES:<\/p>\n<p>Versi\u00f3n: 3.0<br \/>\nCompatible con cualquier operador<br \/>\nInterfaz: 3 Puertos LAN 10\/100Mbps, 1 Puerto LAN\/WAN 10\/100Mbps y 1 Ranura para Tarjeta SIM<br \/>\nComparte tu red 4G LTE con m\u00faltiples dispositivos Wi-Fi<br \/>\nVelocidad Inal\u00e1mbrica N de hasta 300Mbps<br \/>\nAntenas integradas que proporcionan conexiones inal\u00e1mbricas estables<br \/>\nNo requiere configuraci\u00f3n \u2013 simplemente inserta una tarjeta SIM y con\u00e9ctalo<br \/>\nPuerto LAN\/WAN que proporciona diferentes opciones y flexibilidad<br \/>\nPermiti\u00e9ndote elegir el tipo de conexi\u00f3n<\/p>\n","protected":false},"excerpt":{"rendered":"<p>&#8211;<\/p>\n","protected":false},"featured_media":13449,"template":"","meta":[],"pwb-brand":[],"product_brand":[],"product_cat":[226],"product_tag":[],"class_list":{"0":"post-13433","1":"product","2":"type-product","3":"status-publish","4":"has-post-thumbnail","6":"product_cat-226","8":"first","9":"instock","10":"taxable","11":"shipping-taxable","12":"purchasable","13":"product-type-simple"},"brands":[],"_links":{"self":[{"href":"https:\/\/tmp.compunegocios.com.pe\/index.php\/wp-json\/wp\/v2\/product\/13433","targetHints":{"allow":["GET"]}}],"collection":[{"href":"https:\/\/tmp.compunegocios.com.pe\/index.php\/wp-json\/wp\/v2\/product"}],"about":[{"href":"https:\/\/tmp.compunegocios.com.pe\/index.php\/wp-json\/wp\/v2\/types\/product"}],"wp:featuredmedia":[{"embeddable":true,"href":"https:\/\/tmp.compunegocios.com.pe\/index.php\/wp-json\/wp\/v2\/media\/13449"}],"wp:attachment":[{"href":"https:\/\/tmp.compunegocios.com.pe\/index.php\/wp-json\/wp\/v2\/media?parent=13433"}],"wp:term":[{"taxonomy":"pwb-brand","embeddable":true,"href":"https:\/\/tmp.compunegocios.com.pe\/index.php\/wp-json\/wp\/v2\/pwb-brand?post=13433"},{"taxonomy":"product_brand","embeddable":true,"href":"https:\/\/tmp.compunegocios.com.pe\/index.php\/wp-json\/wp\/v2\/product_brand?post=13433"},{"taxonomy":"product_cat","embeddable":true,"href":"https:\/\/tmp.compunegocios.com.pe\/index.php\/wp-json\/wp\/v2\/product_cat?post=13433"},{"taxonomy":"product_tag","embeddable":true,"href":"https:\/\/tmp.compunegocios.com.pe\/index.php\/wp-json\/wp\/v2\/product_tag?post=13433"}],"curies":[{"name":"wp","href":"https:\/\/api.w.org\/{rel}","templated":true}]}}