{"id":13435,"date":"2023-12-13T22:29:02","date_gmt":"2023-12-13T22:29:02","guid":{"rendered":"http:\/\/compunegocios.com.pe\/index.php\/product\/switch-tp-link-ls108g-de-8-puertos-gigabit-10-100-1000-mbps-metalico\/"},"modified":"2025-08-19T17:27:30","modified_gmt":"2025-08-19T17:27:30","slug":"switch-tp-link-ls108g-de-8-puertos-gigabit-10-100-1000-mbps-metalico","status":"publish","type":"product","link":"https:\/\/tmp.compunegocios.com.pe\/index.php\/product\/switch-tp-link-ls108g-de-8-puertos-gigabit-10-100-1000-mbps-metalico\/","title":{"rendered":"SWITCH TP-LINK LS108G DE 8 PUERTOS GIGABIT 10\/100\/1000 MBPS METALICO"},"content":{"rendered":"<p>SWITCH TP-LINK LS108G DE 8 PUERTOS GIGABIT 10\/100\/1000 MBPS METALICO<\/p>\n<p>ESPECIFICACIONES:<br \/>\nSwitch Sobremesa 8-Puertos 10\/100\/1000Mbps<br \/>\nPuertos 10\/100\/1000Mbos con Auto-Negociaci\u00f3n y Auto-MDI\/MDIX<br \/>\nTecnolog\u00eda Green Ethernet de ahorro energ\u00e9tico<br \/>\nControl de flujo IEEE 802.3X proporciona una transferencia de datos eficiente y segura<br \/>\nCarcasa met\u00e1lica, con dise\u00f1o sobremesa o de instalaci\u00f3n en pared<br \/>\nSoporte de funci\u00f3n 802.1p\/DSCP QoS<br \/>\nPlug and play, sin necesidad de configuraci\u00f3n<\/p>\n","protected":false},"excerpt":{"rendered":"<p>&#8211;<\/p>\n","protected":false},"featured_media":13458,"template":"","meta":[],"pwb-brand":[],"product_brand":[],"product_cat":[218],"product_tag":[],"class_list":{"0":"post-13435","1":"product","2":"type-product","3":"status-publish","4":"has-post-thumbnail","6":"product_cat-218","8":"first","9":"instock","10":"taxable","11":"shipping-taxable","12":"purchasable","13":"product-type-simple"},"brands":[],"_links":{"self":[{"href":"https:\/\/tmp.compunegocios.com.pe\/index.php\/wp-json\/wp\/v2\/product\/13435","targetHints":{"allow":["GET"]}}],"collection":[{"href":"https:\/\/tmp.compunegocios.com.pe\/index.php\/wp-json\/wp\/v2\/product"}],"about":[{"href":"https:\/\/tmp.compunegocios.com.pe\/index.php\/wp-json\/wp\/v2\/types\/product"}],"wp:featuredmedia":[{"embeddable":true,"href":"https:\/\/tmp.compunegocios.com.pe\/index.php\/wp-json\/wp\/v2\/media\/13458"}],"wp:attachment":[{"href":"https:\/\/tmp.compunegocios.com.pe\/index.php\/wp-json\/wp\/v2\/media?parent=13435"}],"wp:term":[{"taxonomy":"pwb-brand","embeddable":true,"href":"https:\/\/tmp.compunegocios.com.pe\/index.php\/wp-json\/wp\/v2\/pwb-brand?post=13435"},{"taxonomy":"product_brand","embeddable":true,"href":"https:\/\/tmp.compunegocios.com.pe\/index.php\/wp-json\/wp\/v2\/product_brand?post=13435"},{"taxonomy":"product_cat","embeddable":true,"href":"https:\/\/tmp.compunegocios.com.pe\/index.php\/wp-json\/wp\/v2\/product_cat?post=13435"},{"taxonomy":"product_tag","embeddable":true,"href":"https:\/\/tmp.compunegocios.com.pe\/index.php\/wp-json\/wp\/v2\/product_tag?post=13435"}],"curies":[{"name":"wp","href":"https:\/\/api.w.org\/{rel}","templated":true}]}}