{"id":13436,"date":"2023-12-13T22:57:50","date_gmt":"2023-12-13T22:57:50","guid":{"rendered":"http:\/\/compunegocios.com.pe\/index.php\/product\/router-asus-rt-ac1900p-ac1900-wifi-de-doble-banda\/"},"modified":"2025-08-19T17:27:31","modified_gmt":"2025-08-19T17:27:31","slug":"router-asus-rt-ac1900p-ac1900-wifi-de-doble-banda","status":"publish","type":"product","link":"https:\/\/tmp.compunegocios.com.pe\/index.php\/product\/router-asus-rt-ac1900p-ac1900-wifi-de-doble-banda\/","title":{"rendered":"ROUTER ASUS RT-AC1900P AC1900 WIFI DE DOBLE BANDA"},"content":{"rendered":"<p>ROUTER ASUS RT-AC1900P AC1900 WIFI DE DOBLE BANDA <\/p>\n<p>El ASUS RT-AC1900P es el router Wi-Fi de tres transmisiones y 3 receptores (3&#215;3) de primera l\u00ednea, con velocidades de datos de doble banda combinadas de hasta 1900 Mbps. 1300 Mbps 802.11ac a 5 GHz ofrece velocidades de datos inal\u00e1mbricas Gigabit, mientras que la tecnolog\u00eda Broadcom\u00ae TurboQAM \u2122 sobrecarga el rendimiento 802.11n 2.4 GHz de 450 Mbps a 600 Mbps con dispositivos compatibles.<br \/>\nAlimentado por un procesador de doble n\u00facleo a 1,4 GHz, el RT-AC1900P elimina las ca\u00eddas de rendimiento que afectan a otros routers con redes ocupadas. Entonces, incluso en las redes dom\u00e9sticas m\u00e1s ocupadas, la transmisi\u00f3n de video HD siempre es fluida, la latencia baja para juegos en l\u00ednea y llamadas VoIP, y las descargas de archivos nunca se interrumpen.<\/p>\n<p>El RT-AC1900P tambi\u00e9n presenta puertos USB duales para compartir archivos, impresoras y m\u00f3dems 3G \/ 4G y un puerto USB 3.0 para transferencias de datos hasta diez veces m\u00e1s r\u00e1pidas que USB 2.0.<br \/>\nLa exclusiva AiProtection con tecnolog\u00eda Trend Micro\u2122 mejora su seguridad en l\u00ednea al combinar la detecci\u00f3n autom\u00e1tica de vulnerabilidades, el bloqueo malicioso del sitio y los controles parentales, mientras que la aplicaci\u00f3n ASUS Router le permite configurar su router, administrar el tr\u00e1fico de la red, diagnosticar problemas de conexi\u00f3n e incluso actualizar el firmware, todo sin necesidad de iniciar una PC.<\/p>\n<p>DETALLES GENERALES:<br \/>\nGran Wi-Fi: Disfrute de las velocidades combinadas de doble banda de hasta 1900Mbps, 3 veces m\u00e1s r\u00e1pido que los routers 802.11n<br \/>\nCobertura ultra amplia: Las antenas de alto rendimiento y ASUS AiRadar eliminan los puntos muertos<br \/>\nSeguridad de grado comercial: AiProtection, con tecnolog\u00eda de Trend Micro \u2122, bloquea y neutraliza las amenazas de seguridad de Internet para todos sus dispositivos inteligentes conectados<br \/>\nCompatible con AiMesh: Con\u00e9ctese a otros enrutadores ASUS compatibles para crear una red Wi-Fi potente y flexible para todo el hogar<br \/>\nOpciones de conectividad flexible: 5 puertos Gigabit Ethernet, 1 puerto ultrarr\u00e1pido USB 3.1 y 1 puerto USB 2.0<\/p>\n","protected":false},"excerpt":{"rendered":"<p>&#8211;<\/p>\n","protected":false},"featured_media":13464,"template":"","meta":[],"pwb-brand":[339],"product_brand":[],"product_cat":[227],"product_tag":[],"class_list":{"0":"post-13436","1":"product","2":"type-product","3":"status-publish","4":"has-post-thumbnail","6":"pwb-brand-asus","7":"product_cat-227","9":"first","10":"instock","11":"taxable","12":"shipping-taxable","13":"purchasable","14":"product-type-simple"},"brands":[{"id":339,"name":"Asus","slug":"asus"}],"_links":{"self":[{"href":"https:\/\/tmp.compunegocios.com.pe\/index.php\/wp-json\/wp\/v2\/product\/13436","targetHints":{"allow":["GET"]}}],"collection":[{"href":"https:\/\/tmp.compunegocios.com.pe\/index.php\/wp-json\/wp\/v2\/product"}],"about":[{"href":"https:\/\/tmp.compunegocios.com.pe\/index.php\/wp-json\/wp\/v2\/types\/product"}],"wp:featuredmedia":[{"embeddable":true,"href":"https:\/\/tmp.compunegocios.com.pe\/index.php\/wp-json\/wp\/v2\/media\/13464"}],"wp:attachment":[{"href":"https:\/\/tmp.compunegocios.com.pe\/index.php\/wp-json\/wp\/v2\/media?parent=13436"}],"wp:term":[{"taxonomy":"pwb-brand","embeddable":true,"href":"https:\/\/tmp.compunegocios.com.pe\/index.php\/wp-json\/wp\/v2\/pwb-brand?post=13436"},{"taxonomy":"product_brand","embeddable":true,"href":"https:\/\/tmp.compunegocios.com.pe\/index.php\/wp-json\/wp\/v2\/product_brand?post=13436"},{"taxonomy":"product_cat","embeddable":true,"href":"https:\/\/tmp.compunegocios.com.pe\/index.php\/wp-json\/wp\/v2\/product_cat?post=13436"},{"taxonomy":"product_tag","embeddable":true,"href":"https:\/\/tmp.compunegocios.com.pe\/index.php\/wp-json\/wp\/v2\/product_tag?post=13436"}],"curies":[{"name":"wp","href":"https:\/\/api.w.org\/{rel}","templated":true}]}}