{"id":13437,"date":"2023-12-13T23:09:23","date_gmt":"2023-12-13T23:09:23","guid":{"rendered":"http:\/\/compunegocios.com.pe\/index.php\/product\/switch-tp-link-tl-sg1024d-de-24-puertos-gigabit-10-100-1000-mbps-metalico\/"},"modified":"2025-09-19T19:00:18","modified_gmt":"2025-09-19T19:00:18","slug":"switch-tp-link-tl-sg1024d-de-24-puertos-gigabit-10-100-1000-mbps-metalico","status":"publish","type":"product","link":"https:\/\/tmp.compunegocios.com.pe\/index.php\/product\/switch-tp-link-tl-sg1024d-de-24-puertos-gigabit-10-100-1000-mbps-metalico\/","title":{"rendered":"SWITCH TP-LINK TL-SG1024D DE 24 PUERTOS GIGABIT 10\/100\/1000 MBPS MET\u00c1LICO PN:1730502267"},"content":{"rendered":"<p>SWITCH TP-LINK TL-SG1024D DE 24 PUERTOS GIGABIT 10\/100\/1000 MBPS MET\u00c1LICO PN:1730502267<\/p>\n<p>Switch Gigabit 24 puertos, escritorio \/ rack<br \/>\n24 puertos 10\/100\/1000 Mbps<br \/>\nInnovadora tecnolog\u00eda de eficiencia energ\u00e9tica para ahorrar energ\u00eda hasta un 20%<br \/>\nEs compatible con direcci\u00f3n MAC auto-aprendizaje, Auto MDI \/ MDIX y Auto-negociaci\u00f3n<br \/>\nPlug &amp; play<\/p>\n<p>Funci\u00f3n:<br \/>\nEl Switch TL-SG1024D Gigabit Ethernet le ofrece una soluci\u00f3n de alto rendimiento, bajo costo, f\u00e1cil de usar, sin fisuras y est\u00e1ndar para mejorar su red antigua a una red a 1000Mbps. Todos los puertos soportan auto MDI \/ MDIX por lo que no hay necesidad de preocuparse por el tipo de cable, s\u00f3lo tiene que enchufar y listo. Por otra parte, con la innovadora tecnolog\u00eda de eficiencia energ\u00e9tica, el TL-SG1024D puede ahorrar hasta un 25% del consumo de energ\u00eda; y como el 80% del material de embalaje puede ser reciclado es una soluci\u00f3n ecol\u00f3gica para su red de negocios.<\/p>\n<p>Tecnolog\u00eda de eficiencia energ\u00e9tica de TP-LINK:<br \/>\nEste Switch Gigabit TL-SG1024D de nueva generaci\u00f3n cuenta con las \u00faltimas e innovadoras tecnolog\u00edas de eficiencia energ\u00e9tica que pueden ampliar en gran medida su capacidad de red con mucho menos consumo. \u00c9ste ajusta autom\u00e1ticamente el consumo de energ\u00eda de acuerdo con el estado del enlace para limitar la huella de carbono de su red. Tambi\u00e9n cumple con la DE RoHS de la UE, que proh\u00edbe el uso de ciertos materiales peligrosos. Adem\u00e1s, el 80% del material de embalaje puede ser reciclado.<\/p>\n<p>Alto rendimiento:<br \/>\nTodos sus 24 puertos son Gigabit RJ-45 que proporcionan una gran transferencia de archivos y tambi\u00e9n son compatible con dispositivos Ethernet de 10Mbps y 100Mbps. Con su arquitectura de no bloqueo, el TL-SG1024D redirige y filtra paquetes a la m\u00e1xima velocidad del cable para un rendimiento m\u00e1ximo. Con su paquete Jumbo 10KB, el rendimiento de grandes transferencias de archivos se mejora considerablemente. El control de flujo IEEE 802.3x para el modo Full Duplex y la contrapresi\u00f3n para el modo Half Duplex alivian la congesti\u00f3n del tr\u00e1fico y hacen el trabajo del TL-SG1024D fiable. Es una opci\u00f3n perfecta para actualizar su red a Gigabit al tiempo que protege correctamente su inversi\u00f3n anterior.<\/p>\n<p>F\u00e1cil de usar:<br \/>\nLas caracter\u00edsticas autom\u00e1ticas de este Switch Gigabit hacen la instalaci\u00f3n plug and play y sin complicaciones. No se requiere ninguna configuraci\u00f3n. Su auto MDI \/ MDIX elimina la necesidad de cables cruzados y su auto-negociaci\u00f3n en cada puerto detecta la velocidad de enlace de un dispositivo de red (10, 100 o 1000 Mbps) y ajusta de forma inteligente para una compatibilidad y rendimiento \u00f3ptimos.<\/p>\n","protected":false},"excerpt":{"rendered":"<p>&#8211;<\/p>\n","protected":false},"featured_media":13468,"template":"","meta":[],"pwb-brand":[],"product_brand":[],"product_cat":[218],"product_tag":[],"class_list":{"0":"post-13437","1":"product","2":"type-product","3":"status-publish","4":"has-post-thumbnail","6":"product_cat-218","8":"first","9":"instock","10":"taxable","11":"shipping-taxable","12":"purchasable","13":"product-type-simple"},"brands":[],"_links":{"self":[{"href":"https:\/\/tmp.compunegocios.com.pe\/index.php\/wp-json\/wp\/v2\/product\/13437","targetHints":{"allow":["GET"]}}],"collection":[{"href":"https:\/\/tmp.compunegocios.com.pe\/index.php\/wp-json\/wp\/v2\/product"}],"about":[{"href":"https:\/\/tmp.compunegocios.com.pe\/index.php\/wp-json\/wp\/v2\/types\/product"}],"wp:featuredmedia":[{"embeddable":true,"href":"https:\/\/tmp.compunegocios.com.pe\/index.php\/wp-json\/wp\/v2\/media\/13468"}],"wp:attachment":[{"href":"https:\/\/tmp.compunegocios.com.pe\/index.php\/wp-json\/wp\/v2\/media?parent=13437"}],"wp:term":[{"taxonomy":"pwb-brand","embeddable":true,"href":"https:\/\/tmp.compunegocios.com.pe\/index.php\/wp-json\/wp\/v2\/pwb-brand?post=13437"},{"taxonomy":"product_brand","embeddable":true,"href":"https:\/\/tmp.compunegocios.com.pe\/index.php\/wp-json\/wp\/v2\/product_brand?post=13437"},{"taxonomy":"product_cat","embeddable":true,"href":"https:\/\/tmp.compunegocios.com.pe\/index.php\/wp-json\/wp\/v2\/product_cat?post=13437"},{"taxonomy":"product_tag","embeddable":true,"href":"https:\/\/tmp.compunegocios.com.pe\/index.php\/wp-json\/wp\/v2\/product_tag?post=13437"}],"curies":[{"name":"wp","href":"https:\/\/api.w.org\/{rel}","templated":true}]}}