{"id":13438,"date":"2023-12-13T23:49:19","date_gmt":"2023-12-13T23:49:19","guid":{"rendered":"http:\/\/compunegocios.com.pe\/index.php\/product\/switch-tp-link-tl-sg1016d-de-16-puertos-10-100-1000-mbps-metalico\/"},"modified":"2025-08-19T17:27:33","modified_gmt":"2025-08-19T17:27:33","slug":"switch-tp-link-tl-sg1016d-de-16-puertos-10-100-1000-mbps-metalico","status":"publish","type":"product","link":"https:\/\/tmp.compunegocios.com.pe\/index.php\/product\/switch-tp-link-tl-sg1016d-de-16-puertos-10-100-1000-mbps-metalico\/","title":{"rendered":"SWITCH TP-LINK TL-SG1016 DE 16 PUERTOS 10\/100\/1000 MBPS METALICO"},"content":{"rendered":"<p>SWITCH TP-LINK TL-SG1016 DE 16 PUERTOS 10\/100\/1000 MBPS METALICO<\/p>\n<p>*16 puertos de 10\/100\/1000 Mbps<\/p>\n<p>*La tecnolog\u00eda innovadora de eficiencia energ\u00e9tica ahorra consumo de energ\u00eda<\/p>\n<p>*Admite autoaprendizaje de direcciones MAC, Auto MDI \/ MDIX y negociaci\u00f3n autom\u00e1tica<\/p>\n<p>*Dise\u00f1o plug &amp; play<\/p>\n<p>Funci\u00f3n:<\/p>\n<p>Le proporciona una actualizaci\u00f3n est\u00e1ndar de alto rendimiento, bajo costo, f\u00e1cil de usar, transparente y para mejorar la red antigua a una red de 1000Mbps. Los 16 puertos admiten MDI \/ MDIX autom\u00e1tico, no hay necesidad de preocuparse por el tipo de cable, simplemente con\u00e9ctelo y juegue. Adem\u00e1s, con la innovadora tecnolog\u00eda de eficiencia energ\u00e9tica, el TL-SG1016D puede ahorrar consumo de energ\u00eda, convirti\u00e9ndolo en una soluci\u00f3n ecol\u00f3gica para su red empresarial.<\/p>\n<p>Tecnolog\u00eda verde TP-LINK:<\/p>\n<p>Cuenta con las \u00faltimas tecnolog\u00edas innovadoras de eficiencia energ\u00e9tica que pueden ampliar enormemente la capacidad de su red con mucha menos energ\u00eda. Ajusta autom\u00e1ticamente el consumo de energ\u00eda de acuerdo con el estado del enlace para limitar la huella de carbono de su red. Tambi\u00e9n cumple con RoHS de la UE, que proh\u00edbe el uso de ciertos materiales peligrosos. Adem\u00e1s, la mayor parte del material de embalaje se puede reciclar.<\/p>\n<p>Alto rendimiento:<\/p>\n<p>Los 16 puertos son puertos Gigabit RJ-45 que pueden proporcionar transferencia de archivos grandes y tambi\u00e9n ser compatibles con dispositivos Ethernet de 10 Mbps y 100 Mbps. Con una arquitectura de conmutaci\u00f3n sin bloqueo, TL-SG1016D reenv\u00eda y filtra paquetes a la velocidad m\u00e1xima del cable para un rendimiento m\u00e1ximo. Con el marco Jumbo de 10 KB, el rendimiento de las transferencias de archivos grandes se mejora significativamente. Y el control de flujo IEEE 802.3x para el modo Full Duplex y la contrapresi\u00f3n para el modo Half Duplex alivian la congesti\u00f3n del tr\u00e1fico y hacen que el TL-SG1016D funcione de manera confiable. Es una opci\u00f3n perfecta para actualizar su red a Gigabit mientras protege adecuadamente su inversi\u00f3n anterior.<\/p>\n<p>F\u00e1cil de usar:<\/p>\n<p>Las funciones autom\u00e1ticas de este conmutador gigabit hacen que la instalaci\u00f3n sea plug and play y sin complicaciones. No se requiere configuraci\u00f3n. Auto MDI \/ MDIX elimina la necesidad de cables cruzados. La negociaci\u00f3n autom\u00e1tica en cada puerto detecta la velocidad de enlace de un dispositivo de red (10, 100 o 1000 Mbps) y se ajusta de manera inteligente para lograr compatibilidad y rendimiento \u00f3ptimo.<\/p>\n<p>RENDIMIENTO<\/p>\n<p>Capacidad de Conmutaci\u00f3n 32Gbps<\/p>\n<p>Tasa de Reenv\u00edo de Paquetes 23.8Mpps<\/p>\n<p>Tabla de Direcciones MAC 8K<\/p>\n<p>Jumbo Frame 10KB<\/p>\n<p>Tecnolog\u00eda Ecol\u00f3gica Si<\/p>\n<p>M\u00e9todo de Transferencia Almacenamiento y reenv\u00edo<\/p>\n<p>OTROS<\/p>\n<p>Certificaciones FCC, CE, RoHs<\/p>\n<p>Contenido del Paquete<\/p>\n<p>Switch de 16 puertos Gigabit para escritorio \/ montaje en rack<\/p>\n<p>Cable de alimentaci\u00f3n<\/p>\n<p>Gu\u00eda de instalaci\u00f3n<\/p>\n<p>Kits de montaje en bastidor<\/p>\n<p>Patas de goma<\/p>\n<p>Factores Ambientales<\/p>\n<p>Temperatura de funcionamiento: 0 C &#8211; 40 C <\/p>\n<p>Humedad de funcionamiento: 10% &#8211; 90% sin condensaci\u00f3n<\/p>\n","protected":false},"excerpt":{"rendered":"<p>&#8211;<\/p>\n","protected":false},"featured_media":13472,"template":"","meta":[],"pwb-brand":[],"product_brand":[],"product_cat":[218],"product_tag":[],"class_list":{"0":"post-13438","1":"product","2":"type-product","3":"status-publish","4":"has-post-thumbnail","6":"product_cat-218","8":"first","9":"outofstock","10":"taxable","11":"shipping-taxable","12":"purchasable","13":"product-type-simple"},"brands":[],"_links":{"self":[{"href":"https:\/\/tmp.compunegocios.com.pe\/index.php\/wp-json\/wp\/v2\/product\/13438","targetHints":{"allow":["GET"]}}],"collection":[{"href":"https:\/\/tmp.compunegocios.com.pe\/index.php\/wp-json\/wp\/v2\/product"}],"about":[{"href":"https:\/\/tmp.compunegocios.com.pe\/index.php\/wp-json\/wp\/v2\/types\/product"}],"wp:featuredmedia":[{"embeddable":true,"href":"https:\/\/tmp.compunegocios.com.pe\/index.php\/wp-json\/wp\/v2\/media\/13472"}],"wp:attachment":[{"href":"https:\/\/tmp.compunegocios.com.pe\/index.php\/wp-json\/wp\/v2\/media?parent=13438"}],"wp:term":[{"taxonomy":"pwb-brand","embeddable":true,"href":"https:\/\/tmp.compunegocios.com.pe\/index.php\/wp-json\/wp\/v2\/pwb-brand?post=13438"},{"taxonomy":"product_brand","embeddable":true,"href":"https:\/\/tmp.compunegocios.com.pe\/index.php\/wp-json\/wp\/v2\/product_brand?post=13438"},{"taxonomy":"product_cat","embeddable":true,"href":"https:\/\/tmp.compunegocios.com.pe\/index.php\/wp-json\/wp\/v2\/product_cat?post=13438"},{"taxonomy":"product_tag","embeddable":true,"href":"https:\/\/tmp.compunegocios.com.pe\/index.php\/wp-json\/wp\/v2\/product_tag?post=13438"}],"curies":[{"name":"wp","href":"https:\/\/api.w.org\/{rel}","templated":true}]}}