{"id":13476,"date":"2023-12-14T16:42:22","date_gmt":"2023-12-14T16:42:22","guid":{"rendered":"http:\/\/compunegocios.com.pe\/index.php\/product\/auriculares-con-microfono-argomtech-aero-64-estereo-arg-hs-0064\/"},"modified":"2025-09-25T23:27:31","modified_gmt":"2025-09-25T23:27:31","slug":"auriculares-con-microfono-argomtech-aero-64-estereo-arg-hs-0064","status":"publish","type":"product","link":"https:\/\/tmp.compunegocios.com.pe\/index.php\/product\/auriculares-con-microfono-argomtech-aero-64-estereo-arg-hs-0064\/","title":{"rendered":"AUDIFONO CON MICR\u00d3FONO ARGOMTECH AERO 64 EST\u00c9REO ARG-HS-0064"},"content":{"rendered":"<p>DESCRIPCI\u00d3N<br \/>\nYa sea que use su computadora para telefon\u00eda por Internet, juegos, laboratorio educativo o videoconferencias, \u00a1estos auriculares con micr\u00f3fono son perfectos! Micr\u00f3fono omnidireccional para una captaci\u00f3n de voz clara. Orejera con almohadilla suave para m\u00e1xima comodidad. Este auricular est\u00e9reo presenta una calidad de sonido superior inigualable y un dise\u00f1o ac\u00fastico de alta calidad.<\/p>\n<p>ESPECIFICACIONES<br \/>\nLongitud del cable: 1,8 m (6 pies).<br \/>\nTipo de enchufe: 1x conector est\u00e9reo de 3,5 mm (para audio y micr\u00f3fono).<br \/>\nPista de auriculares ajustable y micr\u00f3fono telesc\u00f3pico.<br \/>\nPotencia nominal: 20 mW \/ Capacidad de potencia 35 mW.<br \/>\nMembrana: 40 mm de di\u00e1metro (auriculares) \/ 6\u00d75 mm de di\u00e1metro (micr\u00f3fono).<br \/>\nImpedancia: 32Ohm (Auriculares) \/ 1 KOhm (Micr\u00f3fono).<br \/>\nRespuesta de frecuencia: 18Hz-25 KHz (Auriculares) \/ 30Hz a 16 KHz (Micr\u00f3fono).<br \/>\nSensibilidad: 103dB SPL a 1KHz (Auriculares) \/ -58dB\u00b12dB (Micr\u00f3fono).<\/p>\n","protected":false},"excerpt":{"rendered":"<p>&#8211;<\/p>\n","protected":false},"featured_media":13483,"template":"","meta":[],"pwb-brand":[],"product_brand":[],"product_cat":[158],"product_tag":[],"class_list":{"0":"post-13476","1":"product","2":"type-product","3":"status-publish","4":"has-post-thumbnail","6":"product_cat-158","8":"first","9":"instock","10":"taxable","11":"shipping-taxable","12":"purchasable","13":"product-type-simple"},"brands":[],"_links":{"self":[{"href":"https:\/\/tmp.compunegocios.com.pe\/index.php\/wp-json\/wp\/v2\/product\/13476","targetHints":{"allow":["GET"]}}],"collection":[{"href":"https:\/\/tmp.compunegocios.com.pe\/index.php\/wp-json\/wp\/v2\/product"}],"about":[{"href":"https:\/\/tmp.compunegocios.com.pe\/index.php\/wp-json\/wp\/v2\/types\/product"}],"wp:featuredmedia":[{"embeddable":true,"href":"https:\/\/tmp.compunegocios.com.pe\/index.php\/wp-json\/wp\/v2\/media\/13483"}],"wp:attachment":[{"href":"https:\/\/tmp.compunegocios.com.pe\/index.php\/wp-json\/wp\/v2\/media?parent=13476"}],"wp:term":[{"taxonomy":"pwb-brand","embeddable":true,"href":"https:\/\/tmp.compunegocios.com.pe\/index.php\/wp-json\/wp\/v2\/pwb-brand?post=13476"},{"taxonomy":"product_brand","embeddable":true,"href":"https:\/\/tmp.compunegocios.com.pe\/index.php\/wp-json\/wp\/v2\/product_brand?post=13476"},{"taxonomy":"product_cat","embeddable":true,"href":"https:\/\/tmp.compunegocios.com.pe\/index.php\/wp-json\/wp\/v2\/product_cat?post=13476"},{"taxonomy":"product_tag","embeddable":true,"href":"https:\/\/tmp.compunegocios.com.pe\/index.php\/wp-json\/wp\/v2\/product_tag?post=13476"}],"curies":[{"name":"wp","href":"https:\/\/api.w.org\/{rel}","templated":true}]}}