{"id":13479,"date":"2023-12-14T17:16:32","date_gmt":"2023-12-14T17:16:32","guid":{"rendered":"http:\/\/compunegocios.com.pe\/index.php\/product\/audifono-gaming-xblade-orcus-gxb-hg9026-con-efecto-de-vibracion-y-rgb\/"},"modified":"2025-08-19T17:27:37","modified_gmt":"2025-08-19T17:27:37","slug":"audifono-gaming-xblade-orcus-gxb-hg9026-con-efecto-de-vibracion-y-rgb","status":"publish","type":"product","link":"https:\/\/tmp.compunegocios.com.pe\/index.php\/product\/audifono-gaming-xblade-orcus-gxb-hg9026-con-efecto-de-vibracion-y-rgb\/","title":{"rendered":"AUD\u00cdFONO GAMING XBLADE ORCUS GXB-HG9026 CON EFECTO DE VIBRACI\u00d3N Y RGB"},"content":{"rendered":"<p>AUD\u00cdFONO GAMING XBLADE ORCUS GXB-HG9026 CON EFECTO DE VIBRACI\u00d3N Y RGB<\/p>\n<p>CARACTER\u00cdSTICAS<br \/>\n\u00a1Si\u00e9ntete en el juego gracias al aislamiento del sonido y el efecto de vibraci\u00f3n. Ahora con RGB!<br \/>\nILUMINACI\u00d3N: Iluminaci\u00f3n RGB.<br \/>\nSONIDO: Est\u00e9reo potente, con controladores de 40 mm y control de volumen en el auricular para mayor comodidad.<br \/>\nVIBRACI\u00d3N: Experiencia de juego m\u00e1s real, que puede ser desactivada.<br \/>\nMICR\u00d3FONO: Omnidireccional, discreto de alta sensibilidad para una comunicaci\u00f3n efectiva.<br \/>\nVINCHA: Doble met\u00e1lica, acolchada y ajustable.<br \/>\nCABLE: Trenzado de 2 metros.<br \/>\nALMOHADILLAS: Over-Ear, suaves y acolchadas que permiten el aislamiento del ruido.<br \/>\nCONECTORES: 2 conectores 3.5 + 1 USB.<br \/>\nCOMPATIBILIDAD: PC y Notebook.<\/p>\n<p>ESPECIFICACIONES<br \/>\nTAMA\u00d1O DEL AURICULAR: 40.00mm<br \/>\nDISE\u00d1O: Estructura robusta, con vincha ajustable de metal recubierto y cable trenzado.<br \/>\nFRECUENCIA DE RESPUESTA: 50 Hz &#8211; 19KHz<br \/>\nSENSIBILIDAD DEL AURICULAR: 105 db + \/ -3db<br \/>\nIMPEDANCIA DEL MICR\u00d3FONO: 32 ohms<br \/>\nSENSIBILIDAD DEL MICR\u00d3FONO: 58 + \/ -3db<\/p>\n","protected":false},"excerpt":{"rendered":"<p>&#8211;<\/p>\n","protected":false},"featured_media":13495,"template":"","meta":[],"pwb-brand":[],"product_brand":[],"product_cat":[161],"product_tag":[],"class_list":{"0":"post-13479","1":"product","2":"type-product","3":"status-publish","4":"has-post-thumbnail","6":"product_cat-161","8":"first","9":"instock","10":"taxable","11":"shipping-taxable","12":"purchasable","13":"product-type-simple"},"brands":[],"_links":{"self":[{"href":"https:\/\/tmp.compunegocios.com.pe\/index.php\/wp-json\/wp\/v2\/product\/13479","targetHints":{"allow":["GET"]}}],"collection":[{"href":"https:\/\/tmp.compunegocios.com.pe\/index.php\/wp-json\/wp\/v2\/product"}],"about":[{"href":"https:\/\/tmp.compunegocios.com.pe\/index.php\/wp-json\/wp\/v2\/types\/product"}],"wp:featuredmedia":[{"embeddable":true,"href":"https:\/\/tmp.compunegocios.com.pe\/index.php\/wp-json\/wp\/v2\/media\/13495"}],"wp:attachment":[{"href":"https:\/\/tmp.compunegocios.com.pe\/index.php\/wp-json\/wp\/v2\/media?parent=13479"}],"wp:term":[{"taxonomy":"pwb-brand","embeddable":true,"href":"https:\/\/tmp.compunegocios.com.pe\/index.php\/wp-json\/wp\/v2\/pwb-brand?post=13479"},{"taxonomy":"product_brand","embeddable":true,"href":"https:\/\/tmp.compunegocios.com.pe\/index.php\/wp-json\/wp\/v2\/product_brand?post=13479"},{"taxonomy":"product_cat","embeddable":true,"href":"https:\/\/tmp.compunegocios.com.pe\/index.php\/wp-json\/wp\/v2\/product_cat?post=13479"},{"taxonomy":"product_tag","embeddable":true,"href":"https:\/\/tmp.compunegocios.com.pe\/index.php\/wp-json\/wp\/v2\/product_tag?post=13479"}],"curies":[{"name":"wp","href":"https:\/\/api.w.org\/{rel}","templated":true}]}}