{"id":13480,"date":"2023-12-14T17:32:58","date_gmt":"2023-12-14T17:32:58","guid":{"rendered":"http:\/\/compunegocios.com.pe\/index.php\/product\/audifono-gaming-xblade-slayer-gxb-hg8935-con-microfono-iluminacion-multicolor\/"},"modified":"2025-08-19T17:27:38","modified_gmt":"2025-08-19T17:27:38","slug":"audifono-gaming-xblade-slayer-gxb-hg8935-con-microfono-iluminacion-multicolor","status":"publish","type":"product","link":"https:\/\/tmp.compunegocios.com.pe\/index.php\/product\/audifono-gaming-xblade-slayer-gxb-hg8935-con-microfono-iluminacion-multicolor\/","title":{"rendered":"AUD\u00cdFONO GAMING XBLADE SLAYER GXB-HG8935 CON MICR\u00d3FONO + ILUMINACI\u00d3N MULTICOLOR"},"content":{"rendered":"<p>AUD\u00cdFONO GAMING XBLADE SLAYER GXB-HG8935 CON MICR\u00d3FONO + ILUMINACI\u00d3N MULTICOLOR <\/p>\n<p>CARACTER\u00cdSTICAS:<br \/>\nDise\u00f1ado para el Gamer que busca control, una alta definici\u00f3n del sonido y comodidad durante el juego.<br \/>\nSONIDO: Est\u00e9reo con controladores 50 mm.<br \/>\nILUMINACI\u00d3N: Iluminaci\u00f3n Multicolor. Hasta 7 colores diferentes.<br \/>\nMICR\u00d3FONO: Omnidireccional, discreto de alta sensibilidad para una comunicaci\u00f3n efectiva.<br \/>\nVINCHA: Doble met\u00e1lica, acolchada y ajustable.<br \/>\nCABLE: Trenzado de 2 metros.<br \/>\nALMOHADILLAS: Over-Ear, almohadillas acolchadas que cubren la totalidad de las orejas aislando cualquier ruido exterior.<br \/>\nCONECTORES: 2 conectores 3.5 + 1 USB.<br \/>\nCOMPATIBILIDAD: PC y Notebook.<\/p>\n<p>ESPECIFICACIONES<br \/>\nTAMA\u00d1O DEL AURICULAR: 50 mm.<br \/>\nDISE\u00d1O: Estructura robusta, con vincha ajustable de metal y control de volumen en el auricular para mayor comodidad.<br \/>\nFRECUENCIA DE RESPUESTA: 20Hz &#8211; 20KHz<br \/>\nIMPEDANCIA: 32 ohms<br \/>\nTAMA\u00d1O DEL MICR\u00d3FONO: 6.0 x 5.0 mm<br \/>\nIMPEDANCIA DEL MICR\u00d3FONO: &lt;2.5K<br \/>\nSENSIBILIDAD DEL MICR\u00d3FONO: -54 + \/ -3db<br \/>\nVOLTAJE\tDC 5V<\/p>\n","protected":false},"excerpt":{"rendered":"<p>&#8211;<\/p>\n","protected":false},"featured_media":13499,"template":"","meta":[],"pwb-brand":[],"product_brand":[],"product_cat":[161],"product_tag":[],"class_list":{"0":"post-13480","1":"product","2":"type-product","3":"status-publish","4":"has-post-thumbnail","6":"product_cat-161","8":"first","9":"outofstock","10":"taxable","11":"shipping-taxable","12":"purchasable","13":"product-type-simple"},"brands":[],"_links":{"self":[{"href":"https:\/\/tmp.compunegocios.com.pe\/index.php\/wp-json\/wp\/v2\/product\/13480","targetHints":{"allow":["GET"]}}],"collection":[{"href":"https:\/\/tmp.compunegocios.com.pe\/index.php\/wp-json\/wp\/v2\/product"}],"about":[{"href":"https:\/\/tmp.compunegocios.com.pe\/index.php\/wp-json\/wp\/v2\/types\/product"}],"wp:featuredmedia":[{"embeddable":true,"href":"https:\/\/tmp.compunegocios.com.pe\/index.php\/wp-json\/wp\/v2\/media\/13499"}],"wp:attachment":[{"href":"https:\/\/tmp.compunegocios.com.pe\/index.php\/wp-json\/wp\/v2\/media?parent=13480"}],"wp:term":[{"taxonomy":"pwb-brand","embeddable":true,"href":"https:\/\/tmp.compunegocios.com.pe\/index.php\/wp-json\/wp\/v2\/pwb-brand?post=13480"},{"taxonomy":"product_brand","embeddable":true,"href":"https:\/\/tmp.compunegocios.com.pe\/index.php\/wp-json\/wp\/v2\/product_brand?post=13480"},{"taxonomy":"product_cat","embeddable":true,"href":"https:\/\/tmp.compunegocios.com.pe\/index.php\/wp-json\/wp\/v2\/product_cat?post=13480"},{"taxonomy":"product_tag","embeddable":true,"href":"https:\/\/tmp.compunegocios.com.pe\/index.php\/wp-json\/wp\/v2\/product_tag?post=13480"}],"curies":[{"name":"wp","href":"https:\/\/api.w.org\/{rel}","templated":true}]}}