{"id":13481,"date":"2023-12-14T17:41:57","date_gmt":"2023-12-14T17:41:57","guid":{"rendered":"http:\/\/compunegocios.com.pe\/index.php\/product\/auricular-halion-t3-con-microfono-control-de-volumen-y-conexion-con-cable\/"},"modified":"2025-09-17T21:56:03","modified_gmt":"2025-09-17T21:56:03","slug":"auricular-halion-t3-con-microfono-control-de-volumen-y-conexion-con-cable","status":"publish","type":"product","link":"https:\/\/tmp.compunegocios.com.pe\/index.php\/product\/auricular-halion-t3-con-microfono-control-de-volumen-y-conexion-con-cable\/","title":{"rendered":"AUD\u00cdFONO HALION T3 CON MICR\u00d3FONO, CONTROL DE VOLUMEN Y CONEXI\u00d3N CON CABLE"},"content":{"rendered":"<p>AUD\u00cdFONO HALION T3 CON MICR\u00d3FONO, CONTROL DE VOLUMEN Y CONEXI\u00d3N CON CABLE<\/p>\n<p>Micr\u00f3fono Flexible, Control De Volumen Oculto, Protector De Tela, Cable 2.2m<br \/>\nAuricular Est\u00e9reo con Micr\u00f3fono FLEXIBLE<br \/>\nBanda ajustable<br \/>\nControl de volumen oculto<br \/>\nProtectores<br \/>\nCable de 2.2 metros<br \/>\nPlug para micr\u00f3fono<br \/>\nFrecuencia: 20-20,000hz<br \/>\nImpedancia: 32 ohms<br \/>\nSensibilidad: Auricular: 120db \u00b1 3db.<br \/>\nMicr\u00f3fono: -54db \u00b1 3db.<br \/>\nRadio de poder: 30mw<\/p>\n","protected":false},"excerpt":{"rendered":"<p>&#8211;<\/p>\n","protected":false},"featured_media":13502,"template":"","meta":[],"pwb-brand":[],"product_brand":[],"product_cat":[158],"product_tag":[],"class_list":{"0":"post-13481","1":"product","2":"type-product","3":"status-publish","4":"has-post-thumbnail","6":"product_cat-158","8":"first","9":"instock","10":"taxable","11":"shipping-taxable","12":"purchasable","13":"product-type-simple"},"brands":[],"_links":{"self":[{"href":"https:\/\/tmp.compunegocios.com.pe\/index.php\/wp-json\/wp\/v2\/product\/13481","targetHints":{"allow":["GET"]}}],"collection":[{"href":"https:\/\/tmp.compunegocios.com.pe\/index.php\/wp-json\/wp\/v2\/product"}],"about":[{"href":"https:\/\/tmp.compunegocios.com.pe\/index.php\/wp-json\/wp\/v2\/types\/product"}],"wp:featuredmedia":[{"embeddable":true,"href":"https:\/\/tmp.compunegocios.com.pe\/index.php\/wp-json\/wp\/v2\/media\/13502"}],"wp:attachment":[{"href":"https:\/\/tmp.compunegocios.com.pe\/index.php\/wp-json\/wp\/v2\/media?parent=13481"}],"wp:term":[{"taxonomy":"pwb-brand","embeddable":true,"href":"https:\/\/tmp.compunegocios.com.pe\/index.php\/wp-json\/wp\/v2\/pwb-brand?post=13481"},{"taxonomy":"product_brand","embeddable":true,"href":"https:\/\/tmp.compunegocios.com.pe\/index.php\/wp-json\/wp\/v2\/product_brand?post=13481"},{"taxonomy":"product_cat","embeddable":true,"href":"https:\/\/tmp.compunegocios.com.pe\/index.php\/wp-json\/wp\/v2\/product_cat?post=13481"},{"taxonomy":"product_tag","embeddable":true,"href":"https:\/\/tmp.compunegocios.com.pe\/index.php\/wp-json\/wp\/v2\/product_tag?post=13481"}],"curies":[{"name":"wp","href":"https:\/\/api.w.org\/{rel}","templated":true}]}}