{"id":13512,"date":"2023-12-15T16:12:33","date_gmt":"2023-12-15T16:12:33","guid":{"rendered":"http:\/\/compunegocios.com.pe\/index.php\/product\/audifono-logitech-zone-vive-100-con-microfono-inalambrico-conexion-bluetooth-5-2\/"},"modified":"2025-08-19T17:27:41","modified_gmt":"2025-08-19T17:27:41","slug":"audifono-logitech-zone-vive-100-con-microfono-inalambrico-conexion-bluetooth-5-2","status":"publish","type":"product","link":"https:\/\/tmp.compunegocios.com.pe\/index.php\/product\/audifono-logitech-zone-vive-100-con-microfono-inalambrico-conexion-bluetooth-5-2\/","title":{"rendered":"AUD\u00cdFONO LOGITECH ZONE VIBE 100 CON MICROFONO INALAMBRICO CONEXI\u00d3N BLUETOOTH 5.2"},"content":{"rendered":"<p>AUD\u00cdFONO LOGITECH ZONE VIBE 100 CON MICROFONO INALAMBRICO CONEXI\u00d3N BLUETOOTH 5.2<\/p>\n<p>Auriculares inal\u00e1mbricos ligeros: lo suficientemente profesionales para la oficina y perfectos para trabajar desde casa.<\/p>\n<p>ESPECIFICACIONES<br \/>\nDimensiones<br \/>\nAud\u00edfonos con micr\u00f3fono<br \/>\nAltura: 183 mm<br \/>\nAncho: 169,7 mm<br \/>\nProfundidad: 73 mm<br \/>\nPeso: 185 g<br \/>\nAlmohadilla<br \/>\nAltura: 98,6 mm<br \/>\nAncho: 75,4 mm<br \/>\nProfundidad: 19,3 mm<\/p>\n<p>ESPECIFICACIONES T\u00c9CNICAS<br \/>\nMicr\u00f3fono<br \/>\nTipo: Dos micr\u00f3fonos MEMS omnidireccionales con formaci\u00f3n de haces direccional y DSP<br \/>\nRespuesta de frecuencia: 100 ~ 8 kHz<\/p>\n<p>Altavoces<br \/>\nRespuesta de frecuencia (modo m\u00fasica): Zoom<br \/>\nRespuesta de frecuencia (modo de conversaci\u00f3n): 100 ~ 8 kHz<br \/>\nSensibilidad: 118,0 \u00b13 dB a 1 mW a 1 kHz<br \/>\nTama\u00f1o de transductor: 40 mm<\/p>\n<p>Pilas<br \/>\nBater\u00eda integrada (ion litio)<br \/>\nDuraci\u00f3n de bater\u00eda (tiempo en conversaci\u00f3n): Hasta 18 horas<br \/>\nDuraci\u00f3n de bater\u00eda (tiempo en escucha): Hasta 20 horas 1La duraci\u00f3n de las bater\u00edas depende del uso y de las condiciones de los dispositivos.<\/p>\n<p>Carga<br \/>\nCable de carga USB-C: 1,5 m<\/p>\n<p>Sin cable<br \/>\nVersi\u00f3n de Bluetooth: 5.2<br \/>\nRadio de acci\u00f3n inal\u00e1mbrico: Hasta 30 m (l\u00ednea de visi\u00f3n en campo abierto) 2El radio de acci\u00f3n inal\u00e1mbrico depende del uso y de los dispositivos.<\/p>\n<p>Informaci\u00f3n de garant\u00eda<br \/>\nUn a\u00f1o de garant\u00eda de hardware limitada<\/p>\n","protected":false},"excerpt":{"rendered":"<p>&#8211;<\/p>\n","protected":false},"featured_media":13517,"template":"","meta":[],"pwb-brand":[],"product_brand":[],"product_cat":[158],"product_tag":[],"class_list":{"0":"post-13512","1":"product","2":"type-product","3":"status-publish","4":"has-post-thumbnail","6":"product_cat-158","8":"first","9":"instock","10":"taxable","11":"shipping-taxable","12":"purchasable","13":"product-type-simple"},"brands":[],"_links":{"self":[{"href":"https:\/\/tmp.compunegocios.com.pe\/index.php\/wp-json\/wp\/v2\/product\/13512","targetHints":{"allow":["GET"]}}],"collection":[{"href":"https:\/\/tmp.compunegocios.com.pe\/index.php\/wp-json\/wp\/v2\/product"}],"about":[{"href":"https:\/\/tmp.compunegocios.com.pe\/index.php\/wp-json\/wp\/v2\/types\/product"}],"wp:featuredmedia":[{"embeddable":true,"href":"https:\/\/tmp.compunegocios.com.pe\/index.php\/wp-json\/wp\/v2\/media\/13517"}],"wp:attachment":[{"href":"https:\/\/tmp.compunegocios.com.pe\/index.php\/wp-json\/wp\/v2\/media?parent=13512"}],"wp:term":[{"taxonomy":"pwb-brand","embeddable":true,"href":"https:\/\/tmp.compunegocios.com.pe\/index.php\/wp-json\/wp\/v2\/pwb-brand?post=13512"},{"taxonomy":"product_brand","embeddable":true,"href":"https:\/\/tmp.compunegocios.com.pe\/index.php\/wp-json\/wp\/v2\/product_brand?post=13512"},{"taxonomy":"product_cat","embeddable":true,"href":"https:\/\/tmp.compunegocios.com.pe\/index.php\/wp-json\/wp\/v2\/product_cat?post=13512"},{"taxonomy":"product_tag","embeddable":true,"href":"https:\/\/tmp.compunegocios.com.pe\/index.php\/wp-json\/wp\/v2\/product_tag?post=13512"}],"curies":[{"name":"wp","href":"https:\/\/api.w.org\/{rel}","templated":true}]}}