{"id":13513,"date":"2023-12-15T16:24:47","date_gmt":"2023-12-15T16:24:47","guid":{"rendered":"http:\/\/compunegocios.com.pe\/index.php\/product\/auricular-gaming-logitech-g635-con-microfono-y-lightsync\/"},"modified":"2025-08-19T17:27:42","modified_gmt":"2025-08-19T17:27:42","slug":"auricular-gaming-logitech-g635-con-microfono-y-lightsync","status":"publish","type":"product","link":"https:\/\/tmp.compunegocios.com.pe\/index.php\/product\/auricular-gaming-logitech-g635-con-microfono-y-lightsync\/","title":{"rendered":"AURICULAR GAMING LOGITECH G635 CON MICROFONO Y LIGHTSYNC"},"content":{"rendered":"<p>AURICULAR GAMING LOGITECH G635 CON MICROFONO Y LIGHTSYNC <\/p>\n<p>Aud\u00edfonos con micr\u00f3fono, sonido envolvente 7.1 y LIGHTSYNC para juegos<\/p>\n<p>DIMENSIONES<br \/>\nAltura: 188 mm<br \/>\nAncho: 195 mm<br \/>\nProfundidad: 87 mm<br \/>\nPeso (sin cable): 344 g<br \/>\nLongitud de cable de PC: 2,8 m<br \/>\nLongitud de cable m\u00f3vil: 1,5 m<\/p>\n<p>ESPECIFICACIONES T\u00c9CNICAS<\/p>\n<p>AUD\u00cdFONO<br \/>\nTransductor: 50 mm<br \/>\nRespuesta de frecuencia: 20 Hz &#8211; 20 kHz<br \/>\nImpedancia: 39 ohmios (pasiva), 5 kilohmios (activa)<br \/>\nSensibilidad: 93 dB SPL\/mW<\/p>\n<p>MICR\u00d3FONO (VARILLA)<br \/>\nPatr\u00f3n de captaci\u00f3n de micr\u00f3fono: Cardioide (unidireccional)<br \/>\nTama\u00f1o: 6 mm<br \/>\nRespuesta de frecuencia: 100 Hz-10 KHz<\/p>\n<p>INFORMACI\u00d3N DE GARANT\u00cdA<br \/>\nDos a\u00f1os de garant\u00eda de hardware limitada<\/p>\n","protected":false},"excerpt":{"rendered":"<p>&#8211;<\/p>\n","protected":false},"featured_media":13521,"template":"","meta":[],"pwb-brand":[],"product_brand":[],"product_cat":[161],"product_tag":[],"class_list":{"0":"post-13513","1":"product","2":"type-product","3":"status-publish","4":"has-post-thumbnail","6":"product_cat-161","8":"first","9":"instock","10":"taxable","11":"shipping-taxable","12":"purchasable","13":"product-type-simple"},"brands":[],"_links":{"self":[{"href":"https:\/\/tmp.compunegocios.com.pe\/index.php\/wp-json\/wp\/v2\/product\/13513","targetHints":{"allow":["GET"]}}],"collection":[{"href":"https:\/\/tmp.compunegocios.com.pe\/index.php\/wp-json\/wp\/v2\/product"}],"about":[{"href":"https:\/\/tmp.compunegocios.com.pe\/index.php\/wp-json\/wp\/v2\/types\/product"}],"wp:featuredmedia":[{"embeddable":true,"href":"https:\/\/tmp.compunegocios.com.pe\/index.php\/wp-json\/wp\/v2\/media\/13521"}],"wp:attachment":[{"href":"https:\/\/tmp.compunegocios.com.pe\/index.php\/wp-json\/wp\/v2\/media?parent=13513"}],"wp:term":[{"taxonomy":"pwb-brand","embeddable":true,"href":"https:\/\/tmp.compunegocios.com.pe\/index.php\/wp-json\/wp\/v2\/pwb-brand?post=13513"},{"taxonomy":"product_brand","embeddable":true,"href":"https:\/\/tmp.compunegocios.com.pe\/index.php\/wp-json\/wp\/v2\/product_brand?post=13513"},{"taxonomy":"product_cat","embeddable":true,"href":"https:\/\/tmp.compunegocios.com.pe\/index.php\/wp-json\/wp\/v2\/product_cat?post=13513"},{"taxonomy":"product_tag","embeddable":true,"href":"https:\/\/tmp.compunegocios.com.pe\/index.php\/wp-json\/wp\/v2\/product_tag?post=13513"}],"curies":[{"name":"wp","href":"https:\/\/api.w.org\/{rel}","templated":true}]}}