{"id":13514,"date":"2023-12-15T16:40:50","date_gmt":"2023-12-15T16:40:50","guid":{"rendered":"http:\/\/compunegocios.com.pe\/index.php\/product\/audifono-gaming-logitech-g332-con-microfono-estereo\/"},"modified":"2025-09-24T17:16:45","modified_gmt":"2025-09-24T17:16:45","slug":"audifono-gaming-logitech-g332-con-microfono-estereo","status":"publish","type":"product","link":"https:\/\/tmp.compunegocios.com.pe\/index.php\/product\/audifono-gaming-logitech-g332-con-microfono-estereo\/","title":{"rendered":"AUD\u00cdFONO GAMING LOGITECH G332 CON MICROFONO EST\u00c9REO"},"content":{"rendered":"<p>AUD\u00cdFONO GAMING LOGITECH G332 CON MICROFONO<\/p>\n<p>DIMENSIONES<br \/>\nAltura: 172 mm<br \/>\nAncho: 81,7 mm<br \/>\nProfundidad: 182 mm<br \/>\nPeso: 280 g<br \/>\nLongitud del cable: 2 m<\/p>\n<p>ESPECIFICACIONES T\u00c9CNICAS<\/p>\n<p>AUD\u00cdFONO<br \/>\nTransductor: 50 mm<br \/>\nRespuesta de frecuencia: 20 Hz &#8211; 20 kHz<br \/>\nImpedancia: 39 ohmios (pasiva), 5 kilohmios (activa)<br \/>\nSensibilidad: 107 dB SPL\/mW<\/p>\n<p>MICR\u00d3FONO (VARILLA)<br \/>\nPatr\u00f3n de captaci\u00f3n de micr\u00f3fono: Cardioide (unidireccional)<br \/>\nTama\u00f1o: 6 mm<br \/>\nRespuesta de frecuencia: 100 Hz\u201320 kHz<\/p>\n<p>COMPATIBILIDAD<br \/>\nWindows\u00ae 10, Windows 8.1, Windows 7, Mac, Nintendo Switch\u2122, PlayStation 4, Xbox One, tablet o dispositivo m\u00f3vil<br \/>\nPuerto de audio de 3,5 mm para consolas o dispositivos m\u00f3viles<\/p>\n<p>INFORMACI\u00d3N DE GARANT\u00cdA<br \/>\nDos a\u00f1os de garant\u00eda de hardware limitada<\/p>\n","protected":false},"excerpt":{"rendered":"<p>&#8211;<\/p>\n","protected":false},"featured_media":13525,"template":"","meta":[],"pwb-brand":[],"product_brand":[],"product_cat":[161],"product_tag":[],"class_list":{"0":"post-13514","1":"product","2":"type-product","3":"status-publish","4":"has-post-thumbnail","6":"product_cat-161","8":"first","9":"instock","10":"taxable","11":"shipping-taxable","12":"purchasable","13":"product-type-simple"},"brands":[],"_links":{"self":[{"href":"https:\/\/tmp.compunegocios.com.pe\/index.php\/wp-json\/wp\/v2\/product\/13514","targetHints":{"allow":["GET"]}}],"collection":[{"href":"https:\/\/tmp.compunegocios.com.pe\/index.php\/wp-json\/wp\/v2\/product"}],"about":[{"href":"https:\/\/tmp.compunegocios.com.pe\/index.php\/wp-json\/wp\/v2\/types\/product"}],"wp:featuredmedia":[{"embeddable":true,"href":"https:\/\/tmp.compunegocios.com.pe\/index.php\/wp-json\/wp\/v2\/media\/13525"}],"wp:attachment":[{"href":"https:\/\/tmp.compunegocios.com.pe\/index.php\/wp-json\/wp\/v2\/media?parent=13514"}],"wp:term":[{"taxonomy":"pwb-brand","embeddable":true,"href":"https:\/\/tmp.compunegocios.com.pe\/index.php\/wp-json\/wp\/v2\/pwb-brand?post=13514"},{"taxonomy":"product_brand","embeddable":true,"href":"https:\/\/tmp.compunegocios.com.pe\/index.php\/wp-json\/wp\/v2\/product_brand?post=13514"},{"taxonomy":"product_cat","embeddable":true,"href":"https:\/\/tmp.compunegocios.com.pe\/index.php\/wp-json\/wp\/v2\/product_cat?post=13514"},{"taxonomy":"product_tag","embeddable":true,"href":"https:\/\/tmp.compunegocios.com.pe\/index.php\/wp-json\/wp\/v2\/product_tag?post=13514"}],"curies":[{"name":"wp","href":"https:\/\/api.w.org\/{rel}","templated":true}]}}