{"id":13515,"date":"2023-12-15T16:57:44","date_gmt":"2023-12-15T16:57:44","guid":{"rendered":"http:\/\/compunegocios.com.pe\/index.php\/product\/audifono-gaming-msi-inmerse-gh30-v2-con-microfono-desmontable\/"},"modified":"2025-08-19T17:27:44","modified_gmt":"2025-08-19T17:27:44","slug":"audifono-gaming-msi-inmerse-gh30-v2-con-microfono-desmontable","status":"publish","type":"product","link":"https:\/\/tmp.compunegocios.com.pe\/index.php\/product\/audifono-gaming-msi-inmerse-gh30-v2-con-microfono-desmontable\/","title":{"rendered":"AUD\u00cdFONO GAMING MSI IMMERSE GH30 V2 CON MICR\u00d3FONO DESMONTABLE"},"content":{"rendered":"<p>AUD\u00cdFONO GAMING MSI IMMERSE GH30 V2 CON MICR\u00d3FONO DESMONTABLE <\/p>\n<p>ESPECIFICACIONES T\u00c9CNICAS<br \/>\nCONECTOR\t:\tToma de auriculares de 3,5 mm<br \/>\nCONDUCTOR\t:\tNeodimio de 40 mm<br \/>\nSENSIBILIDAD  \t:\t96 dB \u00b1 3 dB<br \/>\nIMPEDANCIA \t:\t32 ohmios \u00b1 15%<br \/>\nCOMPATIBILIDAD: PC, Mac, PS5\u2122, PS4\u2122, XBOX Series\u2122, Nintendo Switch\u2122<\/p>\n","protected":false},"excerpt":{"rendered":"<p>&#8211;<\/p>\n","protected":false},"featured_media":13529,"template":"","meta":[],"pwb-brand":[],"product_brand":[],"product_cat":[161],"product_tag":[],"class_list":{"0":"post-13515","1":"product","2":"type-product","3":"status-publish","4":"has-post-thumbnail","6":"product_cat-161","8":"first","9":"instock","10":"taxable","11":"shipping-taxable","12":"purchasable","13":"product-type-simple"},"brands":[],"_links":{"self":[{"href":"https:\/\/tmp.compunegocios.com.pe\/index.php\/wp-json\/wp\/v2\/product\/13515","targetHints":{"allow":["GET"]}}],"collection":[{"href":"https:\/\/tmp.compunegocios.com.pe\/index.php\/wp-json\/wp\/v2\/product"}],"about":[{"href":"https:\/\/tmp.compunegocios.com.pe\/index.php\/wp-json\/wp\/v2\/types\/product"}],"wp:featuredmedia":[{"embeddable":true,"href":"https:\/\/tmp.compunegocios.com.pe\/index.php\/wp-json\/wp\/v2\/media\/13529"}],"wp:attachment":[{"href":"https:\/\/tmp.compunegocios.com.pe\/index.php\/wp-json\/wp\/v2\/media?parent=13515"}],"wp:term":[{"taxonomy":"pwb-brand","embeddable":true,"href":"https:\/\/tmp.compunegocios.com.pe\/index.php\/wp-json\/wp\/v2\/pwb-brand?post=13515"},{"taxonomy":"product_brand","embeddable":true,"href":"https:\/\/tmp.compunegocios.com.pe\/index.php\/wp-json\/wp\/v2\/product_brand?post=13515"},{"taxonomy":"product_cat","embeddable":true,"href":"https:\/\/tmp.compunegocios.com.pe\/index.php\/wp-json\/wp\/v2\/product_cat?post=13515"},{"taxonomy":"product_tag","embeddable":true,"href":"https:\/\/tmp.compunegocios.com.pe\/index.php\/wp-json\/wp\/v2\/product_tag?post=13515"}],"curies":[{"name":"wp","href":"https:\/\/api.w.org\/{rel}","templated":true}]}}