{"id":13516,"date":"2023-12-15T17:22:07","date_gmt":"2023-12-15T17:22:07","guid":{"rendered":"http:\/\/compunegocios.com.pe\/index.php\/product\/audifono-gaming-msi-immerse-gh20-v2-con-microfono-ajustable-recubierto\/"},"modified":"2025-08-19T17:27:45","modified_gmt":"2025-08-19T17:27:45","slug":"audifono-gaming-msi-immerse-gh20-v2-con-microfono-ajustable-recubierto","status":"publish","type":"product","link":"https:\/\/tmp.compunegocios.com.pe\/index.php\/product\/audifono-gaming-msi-immerse-gh20-v2-con-microfono-ajustable-recubierto\/","title":{"rendered":"AUD\u00cdFONO GAMING MSI IMMERSE GH20 V2 CON MICR\u00d3FONO AJUSTABLE RECUBIERTO"},"content":{"rendered":"<p>AUD\u00cdFONO GAMING MSI IMMERSE GH20 V2 CON MICR\u00d3FONO AJUSTABLE RECUBIERTO<\/p>\n<p>Ultra liviano con solo 245 gramos<br \/>\nDise\u00f1o de tazas de 2.5cm de grosor para usuarios con lentes<br \/>\nDrivers de 40mm<br \/>\nMicr\u00f3fono ajustable recubierto<br \/>\nControl r\u00e1pido con el controlador In-line<br \/>\nCompatibilidad con plataforma cruzada<\/p>\n","protected":false},"excerpt":{"rendered":"<p>&#8211;<\/p>\n","protected":false},"featured_media":13534,"template":"","meta":[],"pwb-brand":[],"product_brand":[],"product_cat":[161],"product_tag":[],"class_list":{"0":"post-13516","1":"product","2":"type-product","3":"status-publish","4":"has-post-thumbnail","6":"product_cat-161","8":"first","9":"instock","10":"taxable","11":"shipping-taxable","12":"purchasable","13":"product-type-simple"},"brands":[],"_links":{"self":[{"href":"https:\/\/tmp.compunegocios.com.pe\/index.php\/wp-json\/wp\/v2\/product\/13516","targetHints":{"allow":["GET"]}}],"collection":[{"href":"https:\/\/tmp.compunegocios.com.pe\/index.php\/wp-json\/wp\/v2\/product"}],"about":[{"href":"https:\/\/tmp.compunegocios.com.pe\/index.php\/wp-json\/wp\/v2\/types\/product"}],"wp:featuredmedia":[{"embeddable":true,"href":"https:\/\/tmp.compunegocios.com.pe\/index.php\/wp-json\/wp\/v2\/media\/13534"}],"wp:attachment":[{"href":"https:\/\/tmp.compunegocios.com.pe\/index.php\/wp-json\/wp\/v2\/media?parent=13516"}],"wp:term":[{"taxonomy":"pwb-brand","embeddable":true,"href":"https:\/\/tmp.compunegocios.com.pe\/index.php\/wp-json\/wp\/v2\/pwb-brand?post=13516"},{"taxonomy":"product_brand","embeddable":true,"href":"https:\/\/tmp.compunegocios.com.pe\/index.php\/wp-json\/wp\/v2\/product_brand?post=13516"},{"taxonomy":"product_cat","embeddable":true,"href":"https:\/\/tmp.compunegocios.com.pe\/index.php\/wp-json\/wp\/v2\/product_cat?post=13516"},{"taxonomy":"product_tag","embeddable":true,"href":"https:\/\/tmp.compunegocios.com.pe\/index.php\/wp-json\/wp\/v2\/product_tag?post=13516"}],"curies":[{"name":"wp","href":"https:\/\/api.w.org\/{rel}","templated":true}]}}