{"id":13539,"date":"2023-12-15T20:42:23","date_gmt":"2023-12-15T20:42:23","guid":{"rendered":"http:\/\/compunegocios.com.pe\/index.php\/product\/combo-audifono-gaming-logitech-g435-se-mouse-g305-se-inalambrico-con-microfono\/"},"modified":"2025-08-19T17:27:47","modified_gmt":"2025-08-19T17:27:47","slug":"combo-audifono-gaming-logitech-g435-se-mouse-g305-se-inalambrico-con-microfono","status":"publish","type":"product","link":"https:\/\/tmp.compunegocios.com.pe\/index.php\/product\/combo-audifono-gaming-logitech-g435-se-mouse-g305-se-inalambrico-con-microfono\/","title":{"rendered":"COMBO AUD\u00cdFONO GAMING LOGITECH G435 SE + MOUSE G305 SE INAL\u00c1MBRICO CON MICROFONO"},"content":{"rendered":"<p>COMBO AUD\u00cdFONO GAMING LOGITECH G435 SE + MOUSE G305 SE INAL\u00c1MBRICO CON MICROFONO <\/p>\n<p>ESPECIFICACIONES<br \/>\nMarca: LOGITECH G<br \/>\nModelo: G435 SE + G305 SE<br \/>\nTipo: Aud\u00edfono Gaming<br \/>\nConexi\u00f3n: Bluetooth<br \/>\nCompatibilidad: Windows, Mac Os, PS4, PS5<\/p>\n<p>Aud\u00edfonos G435<\/p>\n<p>Aud\u00edfono<br \/>\nTransductores de audio: 40 mm<br \/>\nRespuesta de frecuencia: 20 Hz-20 kHz<br \/>\nImpedancia: 45 ohmios (pasivo)<br \/>\nSensibilidad: 83,1 dB SPL\/mW<br \/>\nVolumen m\u00e1ximo: &lt;100 dB con limitador opcional a  40 G<br \/>\nVelocidad m\u00e1x.: &gt; 400 ips<br \/>\nVelocidad de respuesta inal\u00e1mbrica: 1.000 Hz (1 ms)<br \/>\nTecnolog\u00eda inal\u00e1mbrica: LIGHTSPEED<br \/>\nMicroprocesador: 32 bits ARM<\/p>\n<p>Dimensiones y Peso<br \/>\nAud\u00edfono G435<br \/>\nDimensiones: 7.1 x 16.3 x 17<br \/>\nPeso: 165 gr<br \/>\nMouse G305<br \/>\nDimensiones: 11.6 x 6.2 x 3.8<\/p>\n<p>Peso: 99 gr<\/p>\n","protected":false},"excerpt":{"rendered":"<p>&#8211;<\/p>\n","protected":false},"featured_media":13549,"template":"","meta":[],"pwb-brand":[],"product_brand":[],"product_cat":[161],"product_tag":[],"class_list":{"0":"post-13539","1":"product","2":"type-product","3":"status-publish","4":"has-post-thumbnail","6":"product_cat-161","8":"first","9":"outofstock","10":"taxable","11":"shipping-taxable","12":"purchasable","13":"product-type-simple"},"brands":[],"_links":{"self":[{"href":"https:\/\/tmp.compunegocios.com.pe\/index.php\/wp-json\/wp\/v2\/product\/13539","targetHints":{"allow":["GET"]}}],"collection":[{"href":"https:\/\/tmp.compunegocios.com.pe\/index.php\/wp-json\/wp\/v2\/product"}],"about":[{"href":"https:\/\/tmp.compunegocios.com.pe\/index.php\/wp-json\/wp\/v2\/types\/product"}],"wp:featuredmedia":[{"embeddable":true,"href":"https:\/\/tmp.compunegocios.com.pe\/index.php\/wp-json\/wp\/v2\/media\/13549"}],"wp:attachment":[{"href":"https:\/\/tmp.compunegocios.com.pe\/index.php\/wp-json\/wp\/v2\/media?parent=13539"}],"wp:term":[{"taxonomy":"pwb-brand","embeddable":true,"href":"https:\/\/tmp.compunegocios.com.pe\/index.php\/wp-json\/wp\/v2\/pwb-brand?post=13539"},{"taxonomy":"product_brand","embeddable":true,"href":"https:\/\/tmp.compunegocios.com.pe\/index.php\/wp-json\/wp\/v2\/product_brand?post=13539"},{"taxonomy":"product_cat","embeddable":true,"href":"https:\/\/tmp.compunegocios.com.pe\/index.php\/wp-json\/wp\/v2\/product_cat?post=13539"},{"taxonomy":"product_tag","embeddable":true,"href":"https:\/\/tmp.compunegocios.com.pe\/index.php\/wp-json\/wp\/v2\/product_tag?post=13539"}],"curies":[{"name":"wp","href":"https:\/\/api.w.org\/{rel}","templated":true}]}}