{"id":13543,"date":"2023-12-15T22:20:54","date_gmt":"2023-12-15T22:20:54","guid":{"rendered":"http:\/\/compunegocios.com.pe\/index.php\/product\/auriculares-gaming-teros-te-8171n-estereo-con-microfono-y-luces-rgb\/"},"modified":"2025-08-19T17:27:51","modified_gmt":"2025-08-19T17:27:51","slug":"auriculares-gaming-teros-te-8171n-estereo-con-microfono-y-luces-rgb","status":"publish","type":"product","link":"https:\/\/tmp.compunegocios.com.pe\/index.php\/product\/auriculares-gaming-teros-te-8171n-estereo-con-microfono-y-luces-rgb\/","title":{"rendered":"AUD\u00cdFONO GAMING TEROS TE-8171N EST\u00c9REO CON MICROFONO Y LUCES RGB"},"content":{"rendered":"<p>AUD\u00cdFONO GAMING TEROS TE-8171N EST\u00c9REO CON MICROFONO Y LUCES RGB<\/p>\n<p>CARACTER\u00cdSTICAS<br \/>\nN\u00famero de parte: TE-8171N<br \/>\nFrecuencia (aud\u00edfono): 20 Hz &#8211; 20 KHz<br \/>\nImpedancia (aud\u00edfono): 2200 Ohm<br \/>\nSensibilidad (aud\u00edfono): 113dB +\/- 3dB<br \/>\nSensibilidad (micr\u00f3fono): -42dB +\/- 3dB<br \/>\nFrecuencia (micr\u00f3fono): 20 Hz &#8211; 20 kHz<br \/>\nInterfaz: Cable<br \/>\nColor: Negro\/Gris<br \/>\nIluminaci\u00f3n: luces RGB<br \/>\nCompatibilidad: Windows 7, 8, 10, 11<\/p>\n","protected":false},"excerpt":{"rendered":"<p>&#8211;<\/p>\n","protected":false},"featured_media":13564,"template":"","meta":[],"pwb-brand":[],"product_brand":[],"product_cat":[161],"product_tag":[],"class_list":{"0":"post-13543","1":"product","2":"type-product","3":"status-publish","4":"has-post-thumbnail","6":"product_cat-161","8":"first","9":"outofstock","10":"taxable","11":"shipping-taxable","12":"purchasable","13":"product-type-simple"},"brands":[],"_links":{"self":[{"href":"https:\/\/tmp.compunegocios.com.pe\/index.php\/wp-json\/wp\/v2\/product\/13543","targetHints":{"allow":["GET"]}}],"collection":[{"href":"https:\/\/tmp.compunegocios.com.pe\/index.php\/wp-json\/wp\/v2\/product"}],"about":[{"href":"https:\/\/tmp.compunegocios.com.pe\/index.php\/wp-json\/wp\/v2\/types\/product"}],"wp:featuredmedia":[{"embeddable":true,"href":"https:\/\/tmp.compunegocios.com.pe\/index.php\/wp-json\/wp\/v2\/media\/13564"}],"wp:attachment":[{"href":"https:\/\/tmp.compunegocios.com.pe\/index.php\/wp-json\/wp\/v2\/media?parent=13543"}],"wp:term":[{"taxonomy":"pwb-brand","embeddable":true,"href":"https:\/\/tmp.compunegocios.com.pe\/index.php\/wp-json\/wp\/v2\/pwb-brand?post=13543"},{"taxonomy":"product_brand","embeddable":true,"href":"https:\/\/tmp.compunegocios.com.pe\/index.php\/wp-json\/wp\/v2\/product_brand?post=13543"},{"taxonomy":"product_cat","embeddable":true,"href":"https:\/\/tmp.compunegocios.com.pe\/index.php\/wp-json\/wp\/v2\/product_cat?post=13543"},{"taxonomy":"product_tag","embeddable":true,"href":"https:\/\/tmp.compunegocios.com.pe\/index.php\/wp-json\/wp\/v2\/product_tag?post=13543"}],"curies":[{"name":"wp","href":"https:\/\/api.w.org\/{rel}","templated":true}]}}