{"id":13545,"date":"2023-12-15T23:07:29","date_gmt":"2023-12-15T23:07:29","guid":{"rendered":"http:\/\/compunegocios.com.pe\/index.php\/product\/audifonos-gaming-patriot-viper-v380-con-microfono-cancelacion-de-ruido-rgb\/"},"modified":"2025-08-19T17:27:53","modified_gmt":"2025-08-19T17:27:53","slug":"audifonos-gaming-patriot-viper-v380-con-microfono-cancelacion-de-ruido-rgb","status":"publish","type":"product","link":"https:\/\/tmp.compunegocios.com.pe\/index.php\/product\/audifonos-gaming-patriot-viper-v380-con-microfono-cancelacion-de-ruido-rgb\/","title":{"rendered":"AUD\u00cdFONO GAMING PATRIOT VIPER V380 CON MICROFONO, CANCELACI\u00d3N DE RU\u00cdDO, RGB"},"content":{"rendered":"<p>AUD\u00cdFONO GAMING PATRIOT VIPER V380 CON MICROFONO, CANCELACI\u00d3N DE RU\u00cdDO, RGB<\/p>\n<p>DESCRIPCI\u00d3N<br \/>\nLos Audifonos Gamers Patriot Viper con sonido envolvente virtual V380 7.1 est\u00e1n dise\u00f1ados para una mayor comodidad y funcionalidad, orejeras de gran tama\u00f1o con bisagras, diadema de cuero de prote\u00edna y RGB de espectro completo que se puede personalizar a trav\u00e9s del software Viper. Juegue sin estr\u00e9s sin preocuparse por el ruido de fondo de sus compa\u00f1eros de equipo, ya que el V380 cuenta con un micr\u00f3fono omnidireccional, desmontable y con cancelaci\u00f3n de ruido. Lleve la comunicaci\u00f3n en el juego y las se\u00f1ales de sonido al siguiente nivel con audio y retroalimentaci\u00f3n cero.<\/p>\n<p>ESPECIFICACIONES<br \/>\nAuricular con Microfono<br \/>\nSonido Envolvente 7.1<br \/>\nEfectos de Iluminaci\u00f3n<br \/>\nNeodimio de 53mm<br \/>\nDise\u00f1o Diadema de Cuero con Almohadillas<br \/>\nMicrofono Omnidireccional<br \/>\nInterfaz USB<br \/>\nCable de 2,1m<br \/>\nCompatible con Windows<br \/>\nColor Black<\/p>\n","protected":false},"excerpt":{"rendered":"<p>&#8211;<\/p>\n","protected":false},"featured_media":13573,"template":"","meta":[],"pwb-brand":[],"product_brand":[],"product_cat":[161],"product_tag":[],"class_list":{"0":"post-13545","1":"product","2":"type-product","3":"status-publish","4":"has-post-thumbnail","6":"product_cat-161","8":"first","9":"instock","10":"taxable","11":"shipping-taxable","12":"purchasable","13":"product-type-simple"},"brands":[],"_links":{"self":[{"href":"https:\/\/tmp.compunegocios.com.pe\/index.php\/wp-json\/wp\/v2\/product\/13545","targetHints":{"allow":["GET"]}}],"collection":[{"href":"https:\/\/tmp.compunegocios.com.pe\/index.php\/wp-json\/wp\/v2\/product"}],"about":[{"href":"https:\/\/tmp.compunegocios.com.pe\/index.php\/wp-json\/wp\/v2\/types\/product"}],"wp:featuredmedia":[{"embeddable":true,"href":"https:\/\/tmp.compunegocios.com.pe\/index.php\/wp-json\/wp\/v2\/media\/13573"}],"wp:attachment":[{"href":"https:\/\/tmp.compunegocios.com.pe\/index.php\/wp-json\/wp\/v2\/media?parent=13545"}],"wp:term":[{"taxonomy":"pwb-brand","embeddable":true,"href":"https:\/\/tmp.compunegocios.com.pe\/index.php\/wp-json\/wp\/v2\/pwb-brand?post=13545"},{"taxonomy":"product_brand","embeddable":true,"href":"https:\/\/tmp.compunegocios.com.pe\/index.php\/wp-json\/wp\/v2\/product_brand?post=13545"},{"taxonomy":"product_cat","embeddable":true,"href":"https:\/\/tmp.compunegocios.com.pe\/index.php\/wp-json\/wp\/v2\/product_cat?post=13545"},{"taxonomy":"product_tag","embeddable":true,"href":"https:\/\/tmp.compunegocios.com.pe\/index.php\/wp-json\/wp\/v2\/product_tag?post=13545"}],"curies":[{"name":"wp","href":"https:\/\/api.w.org\/{rel}","templated":true}]}}