{"id":13598,"date":"2023-12-16T23:25:21","date_gmt":"2023-12-16T23:25:21","guid":{"rendered":"http:\/\/compunegocios.com.pe\/index.php\/product\/adaptador-de-red-tp-link-ue300-usb-3-0-a-ethernet-gigabit-rj45-super-speed-diseno-plegable\/"},"modified":"2025-08-19T17:28:00","modified_gmt":"2025-08-19T17:28:00","slug":"adaptador-de-red-tp-link-ue300-usb-3-0-a-ethernet-gigabit-rj45-super-speed-diseno-plegable","status":"publish","type":"product","link":"https:\/\/tmp.compunegocios.com.pe\/index.php\/product\/adaptador-de-red-tp-link-ue300-usb-3-0-a-ethernet-gigabit-rj45-super-speed-diseno-plegable\/","title":{"rendered":"ADAPTADOR DE RED TP-LINK UE300 USB 3.0 A ETHERNET GIGABIT RJ45 SUPER SPEED DISE\u00d1O PLEGABLE"},"content":{"rendered":"<p>ADAPTADOR DE RED TP-LINK UE300 USB 3.0 A ETHERNET GIGABIT RJ45 SUPER SPEED DISE\u00d1O PLEGABLE<\/p>\n<p>La soluci\u00f3n USB 3.0 y Gigabit m\u00e1s r\u00e1pida garantiza una tasa de transferencia de alta velocidad<br \/>\nPlug and Play en Windows (XP \/ Vista \/ 7\/8 \/ 8.1), Mac OS X (10.6-10.14), SO Linux.<br \/>\nEl dise\u00f1o plegable y port\u00e1til se adapta perfectamente a su Ultrabook<\/p>\n","protected":false},"excerpt":{"rendered":"<p>&#8211;<\/p>\n","protected":false},"featured_media":13615,"template":"","meta":[],"pwb-brand":[],"product_brand":[],"product_cat":[222],"product_tag":[],"class_list":{"0":"post-13598","1":"product","2":"type-product","3":"status-publish","4":"has-post-thumbnail","6":"product_cat-222","8":"first","9":"instock","10":"taxable","11":"shipping-taxable","12":"purchasable","13":"product-type-simple"},"brands":[],"_links":{"self":[{"href":"https:\/\/tmp.compunegocios.com.pe\/index.php\/wp-json\/wp\/v2\/product\/13598","targetHints":{"allow":["GET"]}}],"collection":[{"href":"https:\/\/tmp.compunegocios.com.pe\/index.php\/wp-json\/wp\/v2\/product"}],"about":[{"href":"https:\/\/tmp.compunegocios.com.pe\/index.php\/wp-json\/wp\/v2\/types\/product"}],"wp:featuredmedia":[{"embeddable":true,"href":"https:\/\/tmp.compunegocios.com.pe\/index.php\/wp-json\/wp\/v2\/media\/13615"}],"wp:attachment":[{"href":"https:\/\/tmp.compunegocios.com.pe\/index.php\/wp-json\/wp\/v2\/media?parent=13598"}],"wp:term":[{"taxonomy":"pwb-brand","embeddable":true,"href":"https:\/\/tmp.compunegocios.com.pe\/index.php\/wp-json\/wp\/v2\/pwb-brand?post=13598"},{"taxonomy":"product_brand","embeddable":true,"href":"https:\/\/tmp.compunegocios.com.pe\/index.php\/wp-json\/wp\/v2\/product_brand?post=13598"},{"taxonomy":"product_cat","embeddable":true,"href":"https:\/\/tmp.compunegocios.com.pe\/index.php\/wp-json\/wp\/v2\/product_cat?post=13598"},{"taxonomy":"product_tag","embeddable":true,"href":"https:\/\/tmp.compunegocios.com.pe\/index.php\/wp-json\/wp\/v2\/product_tag?post=13598"}],"curies":[{"name":"wp","href":"https:\/\/api.w.org\/{rel}","templated":true}]}}