{"id":13600,"date":"2023-12-17T00:17:28","date_gmt":"2023-12-17T00:17:28","guid":{"rendered":"http:\/\/compunegocios.com.pe\/index.php\/product\/adaptador-de-red-tp-link-ub400-nano-usb-bluetooth-4-0\/"},"modified":"2025-08-19T17:28:02","modified_gmt":"2025-08-19T17:28:02","slug":"adaptador-de-red-tp-link-ub400-nano-usb-bluetooth-4-0","status":"publish","type":"product","link":"https:\/\/tmp.compunegocios.com.pe\/index.php\/product\/adaptador-de-red-tp-link-ub400-nano-usb-bluetooth-4-0\/","title":{"rendered":"ADAPTADOR DE RED TP-LINK UB400 NANO USB BLUETOOTH 4.0"},"content":{"rendered":"<p>ADAPTADOR DE RED TP-LINK UB400 NANO USB BLUETOOTH 4.0 <\/p>\n<p>Bluetooth 4.0: aplica el \u00faltimo Bluetooth 4.0 con tecnolog\u00eda de baja energ\u00eda (BLE) y es compatible con versiones anteriores de Bluetooth V3.0\/2.1\/2.0\/1.1<br \/>\nSin controlador: Plug and Play para Win 8, Win 8.1 y Win 10<br \/>\nTama\u00f1o nano: ultrapeque\u00f1o para una portabilidad conveniente con un alto rendimiento confiable<br \/>\nSistema operativo compatible: compatible con Windows 10\/8.1\/8\/7\/XP.<\/p>\n","protected":false},"excerpt":{"rendered":"<p>&#8211;<\/p>\n","protected":false},"featured_media":13622,"template":"","meta":[],"pwb-brand":[],"product_brand":[],"product_cat":[231],"product_tag":[],"class_list":{"0":"post-13600","1":"product","2":"type-product","3":"status-publish","4":"has-post-thumbnail","6":"product_cat-231","8":"first","9":"instock","10":"taxable","11":"shipping-taxable","12":"purchasable","13":"product-type-simple"},"brands":[],"_links":{"self":[{"href":"https:\/\/tmp.compunegocios.com.pe\/index.php\/wp-json\/wp\/v2\/product\/13600","targetHints":{"allow":["GET"]}}],"collection":[{"href":"https:\/\/tmp.compunegocios.com.pe\/index.php\/wp-json\/wp\/v2\/product"}],"about":[{"href":"https:\/\/tmp.compunegocios.com.pe\/index.php\/wp-json\/wp\/v2\/types\/product"}],"wp:featuredmedia":[{"embeddable":true,"href":"https:\/\/tmp.compunegocios.com.pe\/index.php\/wp-json\/wp\/v2\/media\/13622"}],"wp:attachment":[{"href":"https:\/\/tmp.compunegocios.com.pe\/index.php\/wp-json\/wp\/v2\/media?parent=13600"}],"wp:term":[{"taxonomy":"pwb-brand","embeddable":true,"href":"https:\/\/tmp.compunegocios.com.pe\/index.php\/wp-json\/wp\/v2\/pwb-brand?post=13600"},{"taxonomy":"product_brand","embeddable":true,"href":"https:\/\/tmp.compunegocios.com.pe\/index.php\/wp-json\/wp\/v2\/product_brand?post=13600"},{"taxonomy":"product_cat","embeddable":true,"href":"https:\/\/tmp.compunegocios.com.pe\/index.php\/wp-json\/wp\/v2\/product_cat?post=13600"},{"taxonomy":"product_tag","embeddable":true,"href":"https:\/\/tmp.compunegocios.com.pe\/index.php\/wp-json\/wp\/v2\/product_tag?post=13600"}],"curies":[{"name":"wp","href":"https:\/\/api.w.org\/{rel}","templated":true}]}}