{"id":13601,"date":"2023-12-17T00:32:34","date_gmt":"2023-12-17T00:32:34","guid":{"rendered":"http:\/\/compunegocios.com.pe\/index.php\/product\/tarjeta-de-red-tp-link-tl-wn881nd-inalambrico-pci-express-n-300-mbps\/"},"modified":"2025-08-19T17:28:03","modified_gmt":"2025-08-19T17:28:03","slug":"tarjeta-de-red-tp-link-tl-wn881nd-inalambrico-pci-express-n-300-mbps","status":"publish","type":"product","link":"https:\/\/tmp.compunegocios.com.pe\/index.php\/product\/tarjeta-de-red-tp-link-tl-wn881nd-inalambrico-pci-express-n-300-mbps\/","title":{"rendered":"TARJETA DE RED TP-LINK TL-WN881ND INAL\u00c1MBRICO PCI EXPRESS N 300 MBPS"},"content":{"rendered":"<p>TARJETA DE RED TP-LINK TL-WN881ND INAL\u00c1MBRICO PCI EXPRESS N 300 MBPS<\/p>\n<p>Velocidad inal\u00e1mbrica N de hasta 300 Mbps es ideal para la difusi\u00f3n de v\u00eddeo, juegos en l\u00ednea y las llamadas por Internet<br \/>\nLa tecnolog\u00eda MIMO con mayor fuerza la penetraci\u00f3n de la se\u00f1al, mayor cobertura inal\u00e1mbrica, proporcionando un mejor rendimiento y estabilidad<br \/>\nF\u00e1cil configuraci\u00f3n de una conexi\u00f3n inal\u00e1mbrica segura con muy \u2122 WPS (Wi-Fi Protected Setup)<\/p>\n","protected":false},"excerpt":{"rendered":"<p>&#8211;<\/p>\n","protected":false},"featured_media":13625,"template":"","meta":[],"pwb-brand":[],"product_brand":[],"product_cat":[223],"product_tag":[],"class_list":{"0":"post-13601","1":"product","2":"type-product","3":"status-publish","4":"has-post-thumbnail","6":"product_cat-223","8":"first","9":"outofstock","10":"taxable","11":"shipping-taxable","12":"purchasable","13":"product-type-simple"},"brands":[],"_links":{"self":[{"href":"https:\/\/tmp.compunegocios.com.pe\/index.php\/wp-json\/wp\/v2\/product\/13601","targetHints":{"allow":["GET"]}}],"collection":[{"href":"https:\/\/tmp.compunegocios.com.pe\/index.php\/wp-json\/wp\/v2\/product"}],"about":[{"href":"https:\/\/tmp.compunegocios.com.pe\/index.php\/wp-json\/wp\/v2\/types\/product"}],"wp:featuredmedia":[{"embeddable":true,"href":"https:\/\/tmp.compunegocios.com.pe\/index.php\/wp-json\/wp\/v2\/media\/13625"}],"wp:attachment":[{"href":"https:\/\/tmp.compunegocios.com.pe\/index.php\/wp-json\/wp\/v2\/media?parent=13601"}],"wp:term":[{"taxonomy":"pwb-brand","embeddable":true,"href":"https:\/\/tmp.compunegocios.com.pe\/index.php\/wp-json\/wp\/v2\/pwb-brand?post=13601"},{"taxonomy":"product_brand","embeddable":true,"href":"https:\/\/tmp.compunegocios.com.pe\/index.php\/wp-json\/wp\/v2\/product_brand?post=13601"},{"taxonomy":"product_cat","embeddable":true,"href":"https:\/\/tmp.compunegocios.com.pe\/index.php\/wp-json\/wp\/v2\/product_cat?post=13601"},{"taxonomy":"product_tag","embeddable":true,"href":"https:\/\/tmp.compunegocios.com.pe\/index.php\/wp-json\/wp\/v2\/product_tag?post=13601"}],"curies":[{"name":"wp","href":"https:\/\/api.w.org\/{rel}","templated":true}]}}