{"id":13602,"date":"2023-12-17T00:40:12","date_gmt":"2023-12-17T00:40:12","guid":{"rendered":"http:\/\/compunegocios.com.pe\/index.php\/product\/adaptador-de-red-tp-link-archer-t2u-plus-ac600-usb-inalambrico-doble-banda-5-ghz-y-2-4-ghz\/"},"modified":"2025-08-19T17:28:04","modified_gmt":"2025-08-19T17:28:04","slug":"adaptador-de-red-tp-link-archer-t2u-plus-ac600-usb-inalambrico-doble-banda-5-ghz-y-2-4-ghz","status":"publish","type":"product","link":"https:\/\/tmp.compunegocios.com.pe\/index.php\/product\/adaptador-de-red-tp-link-archer-t2u-plus-ac600-usb-inalambrico-doble-banda-5-ghz-y-2-4-ghz\/","title":{"rendered":"ADAPTADOR DE RED TP-LINK ARCHER T2U PLUS AC600 USB INAL\u00c1MBRICO DOBLE BANDA 5 GHZ Y 2.4 GHZ"},"content":{"rendered":"<p>ADAPTADOR DE RED TP-LINK ARCHER T2U PLUS AC600 USB INAL\u00c1MBRICO DOBLE BANDA 5 GHZ Y 2.4 GHZ <\/p>\n<p>Wi-Fi Alta velocidad: 256QAM incrementa el ancho de banda de 2,4 GHz de 150 Mbps a 200 Mbps, 200 Mbps en la banda de 2,4 GHz y 433 Mbps en la banda de 5 GHz, Wi-Fi AC. te asegura una conexi\u00f3n r\u00e1pida<br \/>\nDoble Banda Inal\u00e1mbrica: Bandas de 2.4 GHz y 5 GHz proporcionan conectividad flexible, dando el acceso al dispositivos a la oble banda Wi-Fi del router para mayor velocidad y rango extendido<br \/>\nAntena Alta Ganancia: Antena de 5dBi de alta ganancia mejora considerablemente la potencia de recepci\u00f3n y transmisi\u00f3n de se\u00f1al del adaptador USB<br \/>\nSoporta los \u00daltimos Sistemas Operativos: Compatible con Windows 11\/10\/8.1\/8\/7\/XP y Mac OS X<\/p>\n","protected":false},"excerpt":{"rendered":"<p>&#8211;<\/p>\n","protected":false},"featured_media":13628,"template":"","meta":[],"pwb-brand":[],"product_brand":[],"product_cat":[228],"product_tag":[],"class_list":{"0":"post-13602","1":"product","2":"type-product","3":"status-publish","4":"has-post-thumbnail","6":"product_cat-228","8":"first","9":"outofstock","10":"taxable","11":"shipping-taxable","12":"purchasable","13":"product-type-simple"},"brands":[],"_links":{"self":[{"href":"https:\/\/tmp.compunegocios.com.pe\/index.php\/wp-json\/wp\/v2\/product\/13602","targetHints":{"allow":["GET"]}}],"collection":[{"href":"https:\/\/tmp.compunegocios.com.pe\/index.php\/wp-json\/wp\/v2\/product"}],"about":[{"href":"https:\/\/tmp.compunegocios.com.pe\/index.php\/wp-json\/wp\/v2\/types\/product"}],"wp:featuredmedia":[{"embeddable":true,"href":"https:\/\/tmp.compunegocios.com.pe\/index.php\/wp-json\/wp\/v2\/media\/13628"}],"wp:attachment":[{"href":"https:\/\/tmp.compunegocios.com.pe\/index.php\/wp-json\/wp\/v2\/media?parent=13602"}],"wp:term":[{"taxonomy":"pwb-brand","embeddable":true,"href":"https:\/\/tmp.compunegocios.com.pe\/index.php\/wp-json\/wp\/v2\/pwb-brand?post=13602"},{"taxonomy":"product_brand","embeddable":true,"href":"https:\/\/tmp.compunegocios.com.pe\/index.php\/wp-json\/wp\/v2\/product_brand?post=13602"},{"taxonomy":"product_cat","embeddable":true,"href":"https:\/\/tmp.compunegocios.com.pe\/index.php\/wp-json\/wp\/v2\/product_cat?post=13602"},{"taxonomy":"product_tag","embeddable":true,"href":"https:\/\/tmp.compunegocios.com.pe\/index.php\/wp-json\/wp\/v2\/product_tag?post=13602"}],"curies":[{"name":"wp","href":"https:\/\/api.w.org\/{rel}","templated":true}]}}