{"id":13603,"date":"2023-12-17T00:50:34","date_gmt":"2023-12-17T00:50:34","guid":{"rendered":"http:\/\/compunegocios.com.pe\/index.php\/product\/adaptador-de-red-tp-link-tl-wn8200nd-usb-inalambrico-300-mbps\/"},"modified":"2025-09-15T22:37:27","modified_gmt":"2025-09-15T22:37:27","slug":"adaptador-de-red-tp-link-tl-wn8200nd-usb-inalambrico-300-mbps","status":"publish","type":"product","link":"https:\/\/tmp.compunegocios.com.pe\/index.php\/product\/adaptador-de-red-tp-link-tl-wn8200nd-usb-inalambrico-300-mbps\/","title":{"rendered":"ADAPTADOR DE RED TP-LINK TL-WN8200ND USB INAL\u00c1MBRICO 300 MBPS"},"content":{"rendered":"<p>ADAPTADOR DE RED TP-LINK TL-WN8200ND USB INAL\u00c1MBRICO 300 MBPS <\/p>\n<p>Alta potencia y sensibilidad de recepci\u00f3n para ofrecer una distancia de transmisi\u00f3n ultra grande<br \/>\nVelocidades de transmisi\u00f3n de 300Mbps ideales para las tareas de banda ancha pesada<br \/>\nF\u00e1cil Encriptaci\u00f3n de seguridad inal\u00e1mbrica con s\u00f3lo presionar el bot\u00f3n WPS<br \/>\nEl cable de extensi\u00f3n USB de 1.5 metros permite un uso conveniente<br \/>\nSoporta Windows XP \/ Vista \/ 7<\/p>\n","protected":false},"excerpt":{"rendered":"<p>&#8211;<\/p>\n","protected":false},"featured_media":13632,"template":"","meta":[],"pwb-brand":[],"product_brand":[],"product_cat":[228],"product_tag":[],"class_list":{"0":"post-13603","1":"product","2":"type-product","3":"status-publish","4":"has-post-thumbnail","6":"product_cat-228","8":"first","9":"instock","10":"taxable","11":"shipping-taxable","12":"purchasable","13":"product-type-simple"},"brands":[],"_links":{"self":[{"href":"https:\/\/tmp.compunegocios.com.pe\/index.php\/wp-json\/wp\/v2\/product\/13603","targetHints":{"allow":["GET"]}}],"collection":[{"href":"https:\/\/tmp.compunegocios.com.pe\/index.php\/wp-json\/wp\/v2\/product"}],"about":[{"href":"https:\/\/tmp.compunegocios.com.pe\/index.php\/wp-json\/wp\/v2\/types\/product"}],"wp:featuredmedia":[{"embeddable":true,"href":"https:\/\/tmp.compunegocios.com.pe\/index.php\/wp-json\/wp\/v2\/media\/13632"}],"wp:attachment":[{"href":"https:\/\/tmp.compunegocios.com.pe\/index.php\/wp-json\/wp\/v2\/media?parent=13603"}],"wp:term":[{"taxonomy":"pwb-brand","embeddable":true,"href":"https:\/\/tmp.compunegocios.com.pe\/index.php\/wp-json\/wp\/v2\/pwb-brand?post=13603"},{"taxonomy":"product_brand","embeddable":true,"href":"https:\/\/tmp.compunegocios.com.pe\/index.php\/wp-json\/wp\/v2\/product_brand?post=13603"},{"taxonomy":"product_cat","embeddable":true,"href":"https:\/\/tmp.compunegocios.com.pe\/index.php\/wp-json\/wp\/v2\/product_cat?post=13603"},{"taxonomy":"product_tag","embeddable":true,"href":"https:\/\/tmp.compunegocios.com.pe\/index.php\/wp-json\/wp\/v2\/product_tag?post=13603"}],"curies":[{"name":"wp","href":"https:\/\/api.w.org\/{rel}","templated":true}]}}