{"id":13605,"date":"2023-12-18T16:12:57","date_gmt":"2023-12-18T16:12:57","guid":{"rendered":"http:\/\/compunegocios.com.pe\/index.php\/product\/adaptador-de-red-tp-link-tl-wn781nd-pci-express-150-mbps-n-inalambrico\/"},"modified":"2025-10-01T00:30:02","modified_gmt":"2025-10-01T00:30:02","slug":"adaptador-de-red-tp-link-tl-wn781nd-pci-express-150-mbps-n-inalambrico","status":"publish","type":"product","link":"https:\/\/tmp.compunegocios.com.pe\/index.php\/product\/adaptador-de-red-tp-link-tl-wn781nd-pci-express-150-mbps-n-inalambrico\/","title":{"rendered":"ADAPTADOR DE RED TP-LINK TL-WN781ND PCI EXPRESS 150 MBPS N INAL\u00c1MBRICO"},"content":{"rendered":"<p>ADAPTADOR DE RED TP-LINK TL-WN781ND PCI EXPRESS 150 MBPS N INAL\u00c1MBRICO<\/p>\n<p>Velocidad de transmisi\u00f3n inal\u00e1mbrica hasta 150 Mbps<br \/>\nInterface PCI Express<br \/>\nConexiones con seguridad avanzada mediante encriptaci\u00f3n WPA\/WPA2<br \/>\nLa utilidad incluida le permite gestionar el equipo con facilidad<\/p>\n<p>Tecnolog\u00eda inal\u00e1mbrica N: velocidad y cobertura<\/p>\n<p>El TL-WN781ND cumple con el est\u00e1ndar IEEE 802.11n, lo que le permite establecer conexiones inal\u00e1mbricas hasta 9 veces m\u00e1s veloces y con una cobertura hasta 4 veces mayor que los productos 11g convencionales. A diferencia de los dispositivos anteriores a 54 Mbps, el TL-WN781ND proporciona un mejor rendimiento, mejorando la experiencia de navegaci\u00f3n en Internet as\u00ed como la compartici\u00f3n de archivos y la visualizaci\u00f3n de v\u00eddeo en streaming.<\/p>\n","protected":false},"excerpt":{"rendered":"<p>&#8211;<\/p>\n","protected":false},"featured_media":13639,"template":"","meta":[],"pwb-brand":[],"product_brand":[],"product_cat":[223],"product_tag":[],"class_list":{"0":"post-13605","1":"product","2":"type-product","3":"status-publish","4":"has-post-thumbnail","6":"product_cat-223","8":"first","9":"instock","10":"taxable","11":"shipping-taxable","12":"purchasable","13":"product-type-simple"},"brands":[],"_links":{"self":[{"href":"https:\/\/tmp.compunegocios.com.pe\/index.php\/wp-json\/wp\/v2\/product\/13605","targetHints":{"allow":["GET"]}}],"collection":[{"href":"https:\/\/tmp.compunegocios.com.pe\/index.php\/wp-json\/wp\/v2\/product"}],"about":[{"href":"https:\/\/tmp.compunegocios.com.pe\/index.php\/wp-json\/wp\/v2\/types\/product"}],"wp:featuredmedia":[{"embeddable":true,"href":"https:\/\/tmp.compunegocios.com.pe\/index.php\/wp-json\/wp\/v2\/media\/13639"}],"wp:attachment":[{"href":"https:\/\/tmp.compunegocios.com.pe\/index.php\/wp-json\/wp\/v2\/media?parent=13605"}],"wp:term":[{"taxonomy":"pwb-brand","embeddable":true,"href":"https:\/\/tmp.compunegocios.com.pe\/index.php\/wp-json\/wp\/v2\/pwb-brand?post=13605"},{"taxonomy":"product_brand","embeddable":true,"href":"https:\/\/tmp.compunegocios.com.pe\/index.php\/wp-json\/wp\/v2\/product_brand?post=13605"},{"taxonomy":"product_cat","embeddable":true,"href":"https:\/\/tmp.compunegocios.com.pe\/index.php\/wp-json\/wp\/v2\/product_cat?post=13605"},{"taxonomy":"product_tag","embeddable":true,"href":"https:\/\/tmp.compunegocios.com.pe\/index.php\/wp-json\/wp\/v2\/product_tag?post=13605"}],"curies":[{"name":"wp","href":"https:\/\/api.w.org\/{rel}","templated":true}]}}