{"id":13606,"date":"2023-12-18T16:20:48","date_gmt":"2023-12-18T16:20:48","guid":{"rendered":"http:\/\/compunegocios.com.pe\/index.php\/product\/adaptador-de-red-type-c-usb-3-0-gigabit-10-100-1000-rj45\/"},"modified":"2025-08-19T17:28:09","modified_gmt":"2025-08-19T17:28:09","slug":"adaptador-de-red-type-c-usb-3-0-gigabit-10-100-1000-rj45","status":"publish","type":"product","link":"https:\/\/tmp.compunegocios.com.pe\/index.php\/product\/adaptador-de-red-type-c-usb-3-0-gigabit-10-100-1000-rj45\/","title":{"rendered":"ADAPTADOR DE RED TYPE-C\u2122 USB 3.0 GIGABIT 10\/100\/1000 RJ45"},"content":{"rendered":"<p>ADAPTADOR DE RED TYPE-C\u2122 USB 3.0 GIGABIT 10\/100\/1000 RJ45 <\/p>\n<p>Ofrece una conexi\u00f3n \u00f3ptima en red, a trav\u00e9s de USB-C y Thunderbolt 3<br \/>\nAcceda por red a archivos grandes a velocidades Gigabit, mediante USB 3.1 Gen 1 (5Gbps)<br \/>\nUtil\u00edcelo al desplazarse o en un escritorio, gracias a su dise\u00f1o compacto y de peso ligero<br \/>\nSoluci\u00f3n perfecta al viajar, con alimentaci\u00f3n directa desde el puerto USB de su computador<br \/>\nF\u00e1cil configuraci\u00f3n gracias a compatibilidad nativa con controladores en los sistemas Chrome OS\u2122, macOS y Windows\u00ae<\/p>\n","protected":false},"excerpt":{"rendered":"<p>&#8211;<\/p>\n","protected":false},"featured_media":13643,"template":"","meta":[],"pwb-brand":[],"product_brand":[],"product_cat":[222],"product_tag":[],"class_list":{"0":"post-13606","1":"product","2":"type-product","3":"status-publish","4":"has-post-thumbnail","6":"product_cat-222","8":"first","9":"outofstock","10":"taxable","11":"shipping-taxable","12":"purchasable","13":"product-type-simple"},"brands":[],"_links":{"self":[{"href":"https:\/\/tmp.compunegocios.com.pe\/index.php\/wp-json\/wp\/v2\/product\/13606","targetHints":{"allow":["GET"]}}],"collection":[{"href":"https:\/\/tmp.compunegocios.com.pe\/index.php\/wp-json\/wp\/v2\/product"}],"about":[{"href":"https:\/\/tmp.compunegocios.com.pe\/index.php\/wp-json\/wp\/v2\/types\/product"}],"wp:featuredmedia":[{"embeddable":true,"href":"https:\/\/tmp.compunegocios.com.pe\/index.php\/wp-json\/wp\/v2\/media\/13643"}],"wp:attachment":[{"href":"https:\/\/tmp.compunegocios.com.pe\/index.php\/wp-json\/wp\/v2\/media?parent=13606"}],"wp:term":[{"taxonomy":"pwb-brand","embeddable":true,"href":"https:\/\/tmp.compunegocios.com.pe\/index.php\/wp-json\/wp\/v2\/pwb-brand?post=13606"},{"taxonomy":"product_brand","embeddable":true,"href":"https:\/\/tmp.compunegocios.com.pe\/index.php\/wp-json\/wp\/v2\/product_brand?post=13606"},{"taxonomy":"product_cat","embeddable":true,"href":"https:\/\/tmp.compunegocios.com.pe\/index.php\/wp-json\/wp\/v2\/product_cat?post=13606"},{"taxonomy":"product_tag","embeddable":true,"href":"https:\/\/tmp.compunegocios.com.pe\/index.php\/wp-json\/wp\/v2\/product_tag?post=13606"}],"curies":[{"name":"wp","href":"https:\/\/api.w.org\/{rel}","templated":true}]}}