{"id":13647,"date":"2023-12-18T23:01:58","date_gmt":"2023-12-18T23:01:58","guid":{"rendered":"http:\/\/compunegocios.com.pe\/index.php\/product\/adaptador-de-red-tp-link-ue300c-gigabit-usb-3-0-tipo-c-a-ethernet-rj45\/"},"modified":"2025-08-19T17:28:12","modified_gmt":"2025-08-19T17:28:12","slug":"adaptador-de-red-tp-link-ue300c-gigabit-usb-3-0-tipo-c-a-ethernet-rj45","status":"publish","type":"product","link":"https:\/\/tmp.compunegocios.com.pe\/index.php\/product\/adaptador-de-red-tp-link-ue300c-gigabit-usb-3-0-tipo-c-a-ethernet-rj45\/","title":{"rendered":"ADAPTADOR DE RED TP-LINK UE300C GIGABIT USB 3.0 TIPO-C A ETHERNET RJ45"},"content":{"rendered":"<p>ADAPTADOR DE RED TP-LINK UE300C GIGABIT USB 3.0 TIPO-C A ETHERNET RJ45 <\/p>\n<p>Ideal para port\u00e1tiles, tabletas y la mayor\u00eda de los dispositivos web alimentados por USB-C para acceder a la red cableada<br \/>\nLa soluci\u00f3n USB 3.0 y Gigabit m\u00e1s r\u00e1pida garantiza una tasa de transferencia de alta velocidad de hasta 1000 Mbps.<br \/>\nPlug and Play en Windows 10, Mac OS X (10.9 y posterior), Chrome OS y Linux OS.<br \/>\nEl dise\u00f1o plegable y port\u00e1til se adapta perfectamente a su Ultrabook.<\/p>\n","protected":false},"excerpt":{"rendered":"<p>&#8211;<\/p>\n","protected":false},"featured_media":13661,"template":"","meta":[],"pwb-brand":[],"product_brand":[],"product_cat":[221],"product_tag":[],"class_list":{"0":"post-13647","1":"product","2":"type-product","3":"status-publish","4":"has-post-thumbnail","6":"product_cat-221","8":"first","9":"instock","10":"taxable","11":"shipping-taxable","12":"purchasable","13":"product-type-simple"},"brands":[],"_links":{"self":[{"href":"https:\/\/tmp.compunegocios.com.pe\/index.php\/wp-json\/wp\/v2\/product\/13647","targetHints":{"allow":["GET"]}}],"collection":[{"href":"https:\/\/tmp.compunegocios.com.pe\/index.php\/wp-json\/wp\/v2\/product"}],"about":[{"href":"https:\/\/tmp.compunegocios.com.pe\/index.php\/wp-json\/wp\/v2\/types\/product"}],"wp:featuredmedia":[{"embeddable":true,"href":"https:\/\/tmp.compunegocios.com.pe\/index.php\/wp-json\/wp\/v2\/media\/13661"}],"wp:attachment":[{"href":"https:\/\/tmp.compunegocios.com.pe\/index.php\/wp-json\/wp\/v2\/media?parent=13647"}],"wp:term":[{"taxonomy":"pwb-brand","embeddable":true,"href":"https:\/\/tmp.compunegocios.com.pe\/index.php\/wp-json\/wp\/v2\/pwb-brand?post=13647"},{"taxonomy":"product_brand","embeddable":true,"href":"https:\/\/tmp.compunegocios.com.pe\/index.php\/wp-json\/wp\/v2\/product_brand?post=13647"},{"taxonomy":"product_cat","embeddable":true,"href":"https:\/\/tmp.compunegocios.com.pe\/index.php\/wp-json\/wp\/v2\/product_cat?post=13647"},{"taxonomy":"product_tag","embeddable":true,"href":"https:\/\/tmp.compunegocios.com.pe\/index.php\/wp-json\/wp\/v2\/product_tag?post=13647"}],"curies":[{"name":"wp","href":"https:\/\/api.w.org\/{rel}","templated":true}]}}