{"id":13652,"date":"2023-12-19T15:20:32","date_gmt":"2023-12-19T15:20:32","guid":{"rendered":"http:\/\/compunegocios.com.pe\/index.php\/product\/microfono-lavalier-jh-044-usb-condensador-omnidireccional\/"},"modified":"2025-08-19T17:28:17","modified_gmt":"2025-08-19T17:28:17","slug":"microfono-lavalier-jh-044-usb-condensador-omnidireccional","status":"publish","type":"product","link":"https:\/\/tmp.compunegocios.com.pe\/index.php\/product\/microfono-lavalier-jh-044-usb-condensador-omnidireccional\/","title":{"rendered":"MICROFONO LAVALIER JH-044 USB, CONDENSADOR, OMNIDIRECCIONAL"},"content":{"rendered":"<p>MICROFONO LAVALIER JH-044 USB, CONDENSADOR, OMNIDIRECCIONAL<\/p>\n<p>Mini micr\u00f3fono con buena calidad de sonido.<br \/>\nEl dise\u00f1o del clip le permite fijarlo en un cuello o corbata. Ideal para audio, grabaci\u00f3n de video y llamadas manos libres con micr\u00f3fono y canto. Micr\u00f3fono de condensador omnidireccional con bajo nivel de ruido.<\/p>\n<p>Cable USB.<br \/>\nModelo: Lavalier JH-044.<br \/>\nColor: Negro.<\/p>\n<p>Caracter\u00edsticas:<br \/>\nTipo de micr\u00f3fono: condensador.<br \/>\nPatr\u00f3n de radiaci\u00f3n: omnidireccional.<br \/>\nRango de frecuencia: 20 Hz \u2013 16 kHz.<br \/>\nRelaci\u00f3n se\u00f1al-ruido: 58 dB.<br \/>\nSensibilidad de la c\u00e1psula: -34 dB +-2 dB (0 dB = 1 V).<br \/>\nLongitud del cable: 1,5 m.<\/p>\n","protected":false},"excerpt":{"rendered":"<p>&#8211;<\/p>\n","protected":false},"featured_media":13674,"template":"","meta":[],"pwb-brand":[],"product_brand":[],"product_cat":[158],"product_tag":[],"class_list":{"0":"post-13652","1":"product","2":"type-product","3":"status-publish","4":"has-post-thumbnail","6":"product_cat-158","8":"first","9":"instock","10":"taxable","11":"shipping-taxable","12":"purchasable","13":"product-type-simple"},"brands":[],"_links":{"self":[{"href":"https:\/\/tmp.compunegocios.com.pe\/index.php\/wp-json\/wp\/v2\/product\/13652","targetHints":{"allow":["GET"]}}],"collection":[{"href":"https:\/\/tmp.compunegocios.com.pe\/index.php\/wp-json\/wp\/v2\/product"}],"about":[{"href":"https:\/\/tmp.compunegocios.com.pe\/index.php\/wp-json\/wp\/v2\/types\/product"}],"wp:featuredmedia":[{"embeddable":true,"href":"https:\/\/tmp.compunegocios.com.pe\/index.php\/wp-json\/wp\/v2\/media\/13674"}],"wp:attachment":[{"href":"https:\/\/tmp.compunegocios.com.pe\/index.php\/wp-json\/wp\/v2\/media?parent=13652"}],"wp:term":[{"taxonomy":"pwb-brand","embeddable":true,"href":"https:\/\/tmp.compunegocios.com.pe\/index.php\/wp-json\/wp\/v2\/pwb-brand?post=13652"},{"taxonomy":"product_brand","embeddable":true,"href":"https:\/\/tmp.compunegocios.com.pe\/index.php\/wp-json\/wp\/v2\/product_brand?post=13652"},{"taxonomy":"product_cat","embeddable":true,"href":"https:\/\/tmp.compunegocios.com.pe\/index.php\/wp-json\/wp\/v2\/product_cat?post=13652"},{"taxonomy":"product_tag","embeddable":true,"href":"https:\/\/tmp.compunegocios.com.pe\/index.php\/wp-json\/wp\/v2\/product_tag?post=13652"}],"curies":[{"name":"wp","href":"https:\/\/api.w.org\/{rel}","templated":true}]}}