{"id":13653,"date":"2023-12-19T15:29:53","date_gmt":"2023-12-19T15:29:53","guid":{"rendered":"http:\/\/compunegocios.com.pe\/index.php\/product\/microfono-lavalier-gl-119-condensador-omnidireccional\/"},"modified":"2025-08-19T17:28:18","modified_gmt":"2025-08-19T17:28:18","slug":"microfono-lavalier-gl-119-condensador-omnidireccional","status":"publish","type":"product","link":"https:\/\/tmp.compunegocios.com.pe\/index.php\/product\/microfono-lavalier-gl-119-condensador-omnidireccional\/","title":{"rendered":"MICROFONO LAVALIER GL-119 CONDENSADOR OMNIDIRECCIONAL"},"content":{"rendered":"<p>MICROFONO LAVALIER GL-119 CONDENSADOR OMNIDIRECCIONAL<\/p>\n<p>El micr\u00f3fono lavalier GL-119 se puede utilizar para tel\u00e9fonos inteligentes y computadoras. Dise\u00f1o manos libres. Grabe claramente el sonido para reuniones, charlas, grabaciones de video, etc.<\/p>\n<p>caracteristicas:<br \/>\nCompatibilidad: con puerto est\u00e1ndar de 3,5 mm, se puede utilizar con la mayor\u00eda de tel\u00e9fonos inteligentes, tabletas, computadoras port\u00e1tiles, c\u00e1maras, videoc\u00e1maras, DSLR, DV, etc.<br \/>\nMicr\u00f3fono profesional: el micr\u00f3fono omnidireccional de condensador el\u00e9ctrico tiene un amplio rango de frecuencia (20Hz-16KHz), alta sensibilidad (-34dB \u00b1 2dB \/ 0dB), se\u00f1al \/ ruido 58dB SPL, excelentes efectos de captaci\u00f3n, hacen que la calidad del sonido llegue al profesional nivel.<br \/>\nAmplia aplicaci\u00f3n: dise\u00f1o con clip, se puede fijar en el escote de su corbata o camisa; Ampliamente utilizado en varias ocasiones, como grabaci\u00f3n en vivo, grabaci\u00f3n de video, transmisi\u00f3n por Internet, presentaci\u00f3n de video, etc.<br \/>\nPr\u00e1ctico: la longitud del cable es de aproximadamente 1,5 m \/ 59 pulgadas, lo suficientemente largo para su uso en varias ocasiones.<br \/>\nAccesorios \u00fatiles: Viene con un parabrisas de espuma, para mejores efectos de grabaci\u00f3n; Se suministra con una bolsa de franela, conveniente para guardar y transportar.<\/p>\n<p>Especificaci\u00f3n:<br \/>\nModelo: GL-119<br \/>\nTransductor: condensador electret<br \/>\nPatr\u00f3n polar: omnidireccional<br \/>\nRango de frecuencia: 20 Hz ~ 16 KHz<br \/>\nSe\u00f1al \/ ruido: \u226558dB<br \/>\nSensibilidad: -34 \u00b1 2dB (0dB = 1V \/ Pa, 3V)<br \/>\nConector: 3.5AUX<br \/>\nLongitud del cable: micr\u00f3fono 1,5 m (59 \u00bb)<br \/>\nPeso del art\u00edculo: aproximadamente 15,5 g \/ 0,55 oz<br \/>\nTama\u00f1o del paquete: 11 * 8 * 2 cm \/ 4,33 * 3,15 * 0,79 pulgadas (L * W * H)<br \/>\nPeso del paquete: 30 g \/ 1.06 oz<\/p>\n","protected":false},"excerpt":{"rendered":"<p>&#8211;<\/p>\n","protected":false},"featured_media":13675,"template":"","meta":[],"pwb-brand":[],"product_brand":[],"product_cat":[158],"product_tag":[],"class_list":{"0":"post-13653","1":"product","2":"type-product","3":"status-publish","4":"has-post-thumbnail","6":"product_cat-158","8":"first","9":"instock","10":"taxable","11":"shipping-taxable","12":"purchasable","13":"product-type-simple"},"brands":[],"_links":{"self":[{"href":"https:\/\/tmp.compunegocios.com.pe\/index.php\/wp-json\/wp\/v2\/product\/13653","targetHints":{"allow":["GET"]}}],"collection":[{"href":"https:\/\/tmp.compunegocios.com.pe\/index.php\/wp-json\/wp\/v2\/product"}],"about":[{"href":"https:\/\/tmp.compunegocios.com.pe\/index.php\/wp-json\/wp\/v2\/types\/product"}],"wp:featuredmedia":[{"embeddable":true,"href":"https:\/\/tmp.compunegocios.com.pe\/index.php\/wp-json\/wp\/v2\/media\/13675"}],"wp:attachment":[{"href":"https:\/\/tmp.compunegocios.com.pe\/index.php\/wp-json\/wp\/v2\/media?parent=13653"}],"wp:term":[{"taxonomy":"pwb-brand","embeddable":true,"href":"https:\/\/tmp.compunegocios.com.pe\/index.php\/wp-json\/wp\/v2\/pwb-brand?post=13653"},{"taxonomy":"product_brand","embeddable":true,"href":"https:\/\/tmp.compunegocios.com.pe\/index.php\/wp-json\/wp\/v2\/product_brand?post=13653"},{"taxonomy":"product_cat","embeddable":true,"href":"https:\/\/tmp.compunegocios.com.pe\/index.php\/wp-json\/wp\/v2\/product_cat?post=13653"},{"taxonomy":"product_tag","embeddable":true,"href":"https:\/\/tmp.compunegocios.com.pe\/index.php\/wp-json\/wp\/v2\/product_tag?post=13653"}],"curies":[{"name":"wp","href":"https:\/\/api.w.org\/{rel}","templated":true}]}}