{"id":13656,"date":"2023-12-19T16:33:33","date_gmt":"2023-12-19T16:33:33","guid":{"rendered":"http:\/\/compunegocios.com.pe\/index.php\/product\/teclado-gaming-logitech-g513-carbon-mecanico-rgb\/"},"modified":"2025-08-19T17:28:20","modified_gmt":"2025-08-19T17:28:20","slug":"teclado-gaming-logitech-g513-carbon-mecanico-rgb","status":"publish","type":"product","link":"https:\/\/tmp.compunegocios.com.pe\/index.php\/product\/teclado-gaming-logitech-g513-carbon-mecanico-rgb\/","title":{"rendered":"TECLADO GAMING LOGITECH G513 CARBON MEC\u00c1NICO RGB"},"content":{"rendered":"<p>TECLADO GAMING LOGITECH G513 CARBON MEC\u00c1NICO RGB <\/p>\n<p>Teclado para juegos avanzados con interruptores mec\u00e1nicos GX a elegir. El reposamanos extra\u00edble de espuma viscoel\u00e1stica y la construcci\u00f3n de aleaci\u00f3n de aluminio premium complementan las caracter\u00edsticas de G513 para hacerlo el mejor de su clase.<\/p>\n<p>DIMENSIONES<br \/>\nG513 GX BLUE<br \/>\nLongitud: 290 mm<br \/>\nAncho: 445 mm<br \/>\nAltura: 35,5 mm<br \/>\nPeso: 962 g<br \/>\nLongitud del cable: 0,3 m<\/p>\n<p>REPOSAMANOS<br \/>\nLongitud: 88 mm<br \/>\nAncho: 445 mm<br \/>\nAltura: 21,5 mm<\/p>\n<p>ESPECIFICACIONES T\u00c9CNICAS<br \/>\nINTERRUPTORES MEC\u00c1NICOS GX BLUE<br \/>\nDistancia de actuaci\u00f3n: 1,9 mm<br \/>\nFuerza de actuaci\u00f3n: 50 g<br \/>\nRecorrido total: 4 mm<br \/>\nTipo de conexi\u00f3n: USB 2.0<br \/>\nProtocolo USB: USB 2.0<br \/>\nPuertos USB (integrados): S\u00ed, 2.0<br \/>\nIndicadores luminosos (LED): 2 (hasta 1080p)<br \/>\nRetroiluminaci\u00f3n: S\u00ed, RGB personalizable por tecla<\/p>\n<p>BOTONES\/TECLAS ESPECIALES<br \/>\nControles de iluminaci\u00f3n: FN+F5\/ F6\/F7<br \/>\nModo de juego: FN+F8<br \/>\nControles multimedia: FN+F9\/ F10\/F11\/F12<br \/>\nControles de volumen: FN+ IMPR PANT\/BLOCK DESPL\/PAUSA<br \/>\nTeclas FN programables mediante Logitech G HUB<\/p>\n","protected":false},"excerpt":{"rendered":"<p>&#8211;<\/p>\n","protected":false},"featured_media":13684,"template":"","meta":[],"pwb-brand":[],"product_brand":[],"product_cat":[187],"product_tag":[],"class_list":{"0":"post-13656","1":"product","2":"type-product","3":"status-publish","4":"has-post-thumbnail","6":"product_cat-187","8":"first","9":"outofstock","10":"taxable","11":"shipping-taxable","12":"purchasable","13":"product-type-simple"},"brands":[],"_links":{"self":[{"href":"https:\/\/tmp.compunegocios.com.pe\/index.php\/wp-json\/wp\/v2\/product\/13656","targetHints":{"allow":["GET"]}}],"collection":[{"href":"https:\/\/tmp.compunegocios.com.pe\/index.php\/wp-json\/wp\/v2\/product"}],"about":[{"href":"https:\/\/tmp.compunegocios.com.pe\/index.php\/wp-json\/wp\/v2\/types\/product"}],"wp:featuredmedia":[{"embeddable":true,"href":"https:\/\/tmp.compunegocios.com.pe\/index.php\/wp-json\/wp\/v2\/media\/13684"}],"wp:attachment":[{"href":"https:\/\/tmp.compunegocios.com.pe\/index.php\/wp-json\/wp\/v2\/media?parent=13656"}],"wp:term":[{"taxonomy":"pwb-brand","embeddable":true,"href":"https:\/\/tmp.compunegocios.com.pe\/index.php\/wp-json\/wp\/v2\/pwb-brand?post=13656"},{"taxonomy":"product_brand","embeddable":true,"href":"https:\/\/tmp.compunegocios.com.pe\/index.php\/wp-json\/wp\/v2\/product_brand?post=13656"},{"taxonomy":"product_cat","embeddable":true,"href":"https:\/\/tmp.compunegocios.com.pe\/index.php\/wp-json\/wp\/v2\/product_cat?post=13656"},{"taxonomy":"product_tag","embeddable":true,"href":"https:\/\/tmp.compunegocios.com.pe\/index.php\/wp-json\/wp\/v2\/product_tag?post=13656"}],"curies":[{"name":"wp","href":"https:\/\/api.w.org\/{rel}","templated":true}]}}