{"id":13689,"date":"2023-12-19T22:53:57","date_gmt":"2023-12-19T22:53:57","guid":{"rendered":"http:\/\/compunegocios.com.pe\/index.php\/product\/estabilizador-forza-900va-fvr-902-450w-8-tomas-220v\/"},"modified":"2025-08-19T17:28:21","modified_gmt":"2025-08-19T17:28:21","slug":"estabilizador-forza-900va-fvr-902-450w-8-tomas-220v","status":"publish","type":"product","link":"https:\/\/tmp.compunegocios.com.pe\/index.php\/product\/estabilizador-forza-900va-fvr-902-450w-8-tomas-220v\/","title":{"rendered":"ESTABILIZADOR FORZA 900VA\/450W FVR-902 8 TOMAS 220V"},"content":{"rendered":"<p>ESTABILIZADOR FORZA 900VA\/450W FVR-902 8 TOMAS 220V <\/p>\n<p>Protecci\u00f3n para l\u00ednea de datos<br \/>\nProtecci\u00f3n para se\u00f1ales de datos por l\u00ednea telef\u00f3nica y de red. Resguarda sus equipos de comunicaci\u00f3n contra el efecto nocivo de cargas par\u00e1sitas.<\/p>\n<p>LED Visual indicador<br \/>\nInformaci\u00f3n a la vista. Exhibe el estado funcional del regulador de voltaje (AVR).<\/p>\n<p>Material retardador de llama<br \/>\nNo permita que su valiosa inversi\u00f3n se haga humo. El pl\u00e1stico ABS evita la combusti\u00f3n o la propagaci\u00f3n r\u00e1pida del fuego.<\/p>\n<p>Temporizador de retardo<br \/>\nSincronizaci\u00f3n de corriente en forma sencilla, precisa y conveniente. Define autom\u00e1ticamente la secuencia de reconexi\u00f3n de todos sus equipos conectados.<\/p>\n","protected":false},"excerpt":{"rendered":"<p>&#8211;<\/p>\n","protected":false},"featured_media":13693,"template":"","meta":[],"pwb-brand":[],"product_brand":[],"product_cat":[259],"product_tag":[],"class_list":{"0":"post-13689","1":"product","2":"type-product","3":"status-publish","4":"has-post-thumbnail","6":"product_cat-259","8":"first","9":"outofstock","10":"taxable","11":"shipping-taxable","12":"purchasable","13":"product-type-simple"},"brands":[],"_links":{"self":[{"href":"https:\/\/tmp.compunegocios.com.pe\/index.php\/wp-json\/wp\/v2\/product\/13689","targetHints":{"allow":["GET"]}}],"collection":[{"href":"https:\/\/tmp.compunegocios.com.pe\/index.php\/wp-json\/wp\/v2\/product"}],"about":[{"href":"https:\/\/tmp.compunegocios.com.pe\/index.php\/wp-json\/wp\/v2\/types\/product"}],"wp:featuredmedia":[{"embeddable":true,"href":"https:\/\/tmp.compunegocios.com.pe\/index.php\/wp-json\/wp\/v2\/media\/13693"}],"wp:attachment":[{"href":"https:\/\/tmp.compunegocios.com.pe\/index.php\/wp-json\/wp\/v2\/media?parent=13689"}],"wp:term":[{"taxonomy":"pwb-brand","embeddable":true,"href":"https:\/\/tmp.compunegocios.com.pe\/index.php\/wp-json\/wp\/v2\/pwb-brand?post=13689"},{"taxonomy":"product_brand","embeddable":true,"href":"https:\/\/tmp.compunegocios.com.pe\/index.php\/wp-json\/wp\/v2\/product_brand?post=13689"},{"taxonomy":"product_cat","embeddable":true,"href":"https:\/\/tmp.compunegocios.com.pe\/index.php\/wp-json\/wp\/v2\/product_cat?post=13689"},{"taxonomy":"product_tag","embeddable":true,"href":"https:\/\/tmp.compunegocios.com.pe\/index.php\/wp-json\/wp\/v2\/product_tag?post=13689"}],"curies":[{"name":"wp","href":"https:\/\/api.w.org\/{rel}","templated":true}]}}