{"id":13691,"date":"2023-12-19T23:18:48","date_gmt":"2023-12-19T23:18:48","guid":{"rendered":"http:\/\/compunegocios.com.pe\/index.php\/product\/estabilizador-cdp-ru-avr-604i-600va-4-tomas-4-puertos-usb\/"},"modified":"2025-08-19T17:28:23","modified_gmt":"2025-08-19T17:28:23","slug":"estabilizador-cdp-ru-avr-604i-600va-4-tomas-4-puertos-usb","status":"publish","type":"product","link":"https:\/\/tmp.compunegocios.com.pe\/index.php\/product\/estabilizador-cdp-ru-avr-604i-600va-4-tomas-4-puertos-usb\/","title":{"rendered":"ESTABILIZADOR CDP RU-AVR 604i 600VA 4 TOMAS, 4 PUERTOS USB"},"content":{"rendered":"<p>ESTABILIZADOR CDP RU-AVR 604i 600VA 4 TOMAS, 4 PUERTOS USB <\/p>\n<p>Estabilizador autom\u00e1tico de voltaje con protecci\u00f3n contra sobretensiones integrada. Dise\u00f1ado para proteger computadoras port\u00e1tiles, tabletas, sistemas de juegos y perif\u00e9ricos. 4 puertos USB para recargar sus dispositivos m\u00f3viles. 4 salidas montadas en la parte superior para conexiones de CA simples. Protege los dispositivos conectados del marr\u00f3n y el alto voltaje a un nivel de grado de computadora. La protecci\u00f3n contra sobrecarga protege el producto de da\u00f1os y corta la energ\u00eda para evitar electrocuci\u00f3n y sobrecalentamiento.El usuario se puede restablecer sobre el interruptor de carga.<\/p>\n<p>Indicador LED<br \/>\nIndica si esta conectado a la linea y voltaje de entrada anormales<\/p>\n<p>Regulador de voltaje<br \/>\nEl regulador de voltaje corrige bajas y altas tensiones y proporciona un regulado de 220 VCA<\/p>\n<p>4 Puertos para carga<br \/>\nEste estabilizador cuenta con 4 puertos USB para carga 1 para tableta y 3 para smartphone<\/p>\n","protected":false},"excerpt":{"rendered":"<p>&#8211;<\/p>\n","protected":false},"featured_media":13699,"template":"","meta":[],"pwb-brand":[],"product_brand":[],"product_cat":[259],"product_tag":[],"class_list":{"0":"post-13691","1":"product","2":"type-product","3":"status-publish","4":"has-post-thumbnail","6":"product_cat-259","8":"first","9":"outofstock","10":"taxable","11":"shipping-taxable","12":"purchasable","13":"product-type-simple"},"brands":[],"_links":{"self":[{"href":"https:\/\/tmp.compunegocios.com.pe\/index.php\/wp-json\/wp\/v2\/product\/13691","targetHints":{"allow":["GET"]}}],"collection":[{"href":"https:\/\/tmp.compunegocios.com.pe\/index.php\/wp-json\/wp\/v2\/product"}],"about":[{"href":"https:\/\/tmp.compunegocios.com.pe\/index.php\/wp-json\/wp\/v2\/types\/product"}],"wp:featuredmedia":[{"embeddable":true,"href":"https:\/\/tmp.compunegocios.com.pe\/index.php\/wp-json\/wp\/v2\/media\/13699"}],"wp:attachment":[{"href":"https:\/\/tmp.compunegocios.com.pe\/index.php\/wp-json\/wp\/v2\/media?parent=13691"}],"wp:term":[{"taxonomy":"pwb-brand","embeddable":true,"href":"https:\/\/tmp.compunegocios.com.pe\/index.php\/wp-json\/wp\/v2\/pwb-brand?post=13691"},{"taxonomy":"product_brand","embeddable":true,"href":"https:\/\/tmp.compunegocios.com.pe\/index.php\/wp-json\/wp\/v2\/product_brand?post=13691"},{"taxonomy":"product_cat","embeddable":true,"href":"https:\/\/tmp.compunegocios.com.pe\/index.php\/wp-json\/wp\/v2\/product_cat?post=13691"},{"taxonomy":"product_tag","embeddable":true,"href":"https:\/\/tmp.compunegocios.com.pe\/index.php\/wp-json\/wp\/v2\/product_tag?post=13691"}],"curies":[{"name":"wp","href":"https:\/\/api.w.org\/{rel}","templated":true}]}}