{"id":13708,"date":"2023-12-20T17:32:58","date_gmt":"2023-12-20T17:32:58","guid":{"rendered":"http:\/\/compunegocios.com.pe\/index.php\/product\/teclado-gaming-redragon-kumara-k552-mecanico-rgb-negro\/"},"modified":"2025-08-19T17:28:28","modified_gmt":"2025-08-19T17:28:28","slug":"teclado-gaming-redragon-kumara-k552-mecanico-rgb-negro","status":"publish","type":"product","link":"https:\/\/tmp.compunegocios.com.pe\/index.php\/product\/teclado-gaming-redragon-kumara-k552-mecanico-rgb-negro\/","title":{"rendered":"TECLADO GAMING REDRAGON KUMARA K552 MEC\u00c1NICO RGB NEGRO"},"content":{"rendered":"<p>TECLADO GAMING REDRAGON KUMARA K552 MEC\u00c1NICO RGB NEGRO<\/p>\n<p>TIPO DE TECLADO: mec\u00e1nico.<br \/>\nTIPO DE SWITCHES: Redragon Blue o Red, de acuerdo disponibilidad del distribuidor.<br \/>\nTECLAS MULTIMEDIA: s\u00ed, a trav\u00e9s de tecla FN.<br \/>\nTECLAS MACRO DEDICADAS: no.<br \/>\nBLOQUEO DE TECLA WINDOWS: s\u00ed.<br \/>\nTAMA\u00d1O: tenkeyless (sin pad num\u00e9rico).<br \/>\nREPOSAMU\u00d1ECAS: no.<br \/>\nRETROILUMINADO: s\u00ed. Iluminaci\u00f3n RGB Chroma para versi\u00f3n RGB; iluminaci\u00f3n Rainbow.<br \/>\nCABLE: Goma, reforzado. Soporta 12 kg y 10000 flexiones. USB enchapado en oro y filtro anti interferencias.<br \/>\nMATRIZ: 100% anti-ghosting con full key rollover.<br \/>\nCONSTRUCCI\u00d3N: pl\u00e1stico ABS reforzado y placa de acero.<br \/>\nANTI SALPICADURAS: s\u00ed.<br \/>\nPESO: 1,06 kg.<br \/>\nDIMENSIONES: 37,5 x 15,5 x 4,3 cm.<br \/>\nSOFTWARE: s\u00ed.<\/p>\n","protected":false},"excerpt":{"rendered":"<p>&#8211;<\/p>\n","protected":false},"featured_media":13721,"template":"","meta":[],"pwb-brand":[],"product_brand":[],"product_cat":[187],"product_tag":[],"class_list":{"0":"post-13708","1":"product","2":"type-product","3":"status-publish","4":"has-post-thumbnail","6":"product_cat-187","8":"first","9":"outofstock","10":"taxable","11":"shipping-taxable","12":"purchasable","13":"product-type-simple"},"brands":[],"_links":{"self":[{"href":"https:\/\/tmp.compunegocios.com.pe\/index.php\/wp-json\/wp\/v2\/product\/13708","targetHints":{"allow":["GET"]}}],"collection":[{"href":"https:\/\/tmp.compunegocios.com.pe\/index.php\/wp-json\/wp\/v2\/product"}],"about":[{"href":"https:\/\/tmp.compunegocios.com.pe\/index.php\/wp-json\/wp\/v2\/types\/product"}],"wp:featuredmedia":[{"embeddable":true,"href":"https:\/\/tmp.compunegocios.com.pe\/index.php\/wp-json\/wp\/v2\/media\/13721"}],"wp:attachment":[{"href":"https:\/\/tmp.compunegocios.com.pe\/index.php\/wp-json\/wp\/v2\/media?parent=13708"}],"wp:term":[{"taxonomy":"pwb-brand","embeddable":true,"href":"https:\/\/tmp.compunegocios.com.pe\/index.php\/wp-json\/wp\/v2\/pwb-brand?post=13708"},{"taxonomy":"product_brand","embeddable":true,"href":"https:\/\/tmp.compunegocios.com.pe\/index.php\/wp-json\/wp\/v2\/product_brand?post=13708"},{"taxonomy":"product_cat","embeddable":true,"href":"https:\/\/tmp.compunegocios.com.pe\/index.php\/wp-json\/wp\/v2\/product_cat?post=13708"},{"taxonomy":"product_tag","embeddable":true,"href":"https:\/\/tmp.compunegocios.com.pe\/index.php\/wp-json\/wp\/v2\/product_tag?post=13708"}],"curies":[{"name":"wp","href":"https:\/\/api.w.org\/{rel}","templated":true}]}}