{"id":13709,"date":"2023-12-20T17:41:50","date_gmt":"2023-12-20T17:41:50","guid":{"rendered":"http:\/\/compunegocios.com.pe\/index.php\/product\/teclado-logitech-signature-k650-inalambrico-bluetooth-con-reposamanos\/"},"modified":"2025-08-19T17:28:29","modified_gmt":"2025-08-19T17:28:29","slug":"teclado-logitech-signature-k650-inalambrico-bluetooth-con-reposamanos","status":"publish","type":"product","link":"https:\/\/tmp.compunegocios.com.pe\/index.php\/product\/teclado-logitech-signature-k650-inalambrico-bluetooth-con-reposamanos\/","title":{"rendered":"TECLADO LOGITECH SIGNATURE K650 INAL\u00c1MBRICO BLUETOOTH CON REPOSAMANOS"},"content":{"rendered":"<p>TECLADO LOGITECH SIGNATURE K650 INAL\u00c1MBRICO BLUETOOTH CON REPOSAMANOS<\/p>\n<p>IGNATURE K650 se adapta perfectamente a tus necesidades diarias en el trabajo con accesos directos mejorados y reposamanos integrado. Obt\u00e9n el confort que necesitas por largas horas en tu escritorio. Con un dise\u00f1o resistente a salpicaduras, f\u00e1cil de limpiar y hasta 36 meses de duraci\u00f3n de las bater\u00edas, puedes moverlo de forma confortable y sencilla sin cables que estorben.<\/p>\n<p>DIMENSIONES<br \/>\nAltura: 193,5 mm<br \/>\nAncho: 457,3 mm<br \/>\nProfundidad: 24 mm<br \/>\nPeso: 700,23 g sin receptor (1,8 g) y con 2 bater\u00edas AA alcalinas (48,23 g)<\/p>\n<p>ESPECIFICACIONES T\u00c9CNICAS<br \/>\nTipo de conexi\u00f3n<br \/>\nTecnolog\u00eda inal\u00e1mbrica Bluetooth\u00ae de bajo consumo (Bluetooth 5.1) o receptor USB Logi Bolt.<br \/>\nRadio de acci\u00f3n inal\u00e1mbrico: 10 metros 1El radio de acci\u00f3n inal\u00e1mbrico depende de las condiciones de uso, del entorno y de los dispositivos.<\/p>\n<p>BATER\u00cdA<br \/>\nDuraci\u00f3n de bater\u00edas: 36 meses 2La duraci\u00f3n de las bater\u00edas depende del uso y de los dispositivos.<br \/>\nIndicador luminoso<br \/>\nIndicadores luminosos: bloqueo de may\u00fasculas, tecla de conexi\u00f3n y estado de bater\u00edas<br \/>\nAplicaci\u00f3n de personalizaci\u00f3n<br \/>\nCompatibilidad con Logi Options+ para Windows y macOS 3Disponible para Windows y macOS en logitech.com\/optionsplus<\/p>\n","protected":false},"excerpt":{"rendered":"<p>&#8211;<\/p>\n","protected":false},"featured_media":13725,"template":"","meta":[],"pwb-brand":[],"product_brand":[],"product_cat":[188],"product_tag":[],"class_list":{"0":"post-13709","1":"product","2":"type-product","3":"status-publish","4":"has-post-thumbnail","6":"product_cat-188","8":"first","9":"outofstock","10":"taxable","11":"shipping-taxable","12":"purchasable","13":"product-type-simple"},"brands":[],"_links":{"self":[{"href":"https:\/\/tmp.compunegocios.com.pe\/index.php\/wp-json\/wp\/v2\/product\/13709","targetHints":{"allow":["GET"]}}],"collection":[{"href":"https:\/\/tmp.compunegocios.com.pe\/index.php\/wp-json\/wp\/v2\/product"}],"about":[{"href":"https:\/\/tmp.compunegocios.com.pe\/index.php\/wp-json\/wp\/v2\/types\/product"}],"wp:featuredmedia":[{"embeddable":true,"href":"https:\/\/tmp.compunegocios.com.pe\/index.php\/wp-json\/wp\/v2\/media\/13725"}],"wp:attachment":[{"href":"https:\/\/tmp.compunegocios.com.pe\/index.php\/wp-json\/wp\/v2\/media?parent=13709"}],"wp:term":[{"taxonomy":"pwb-brand","embeddable":true,"href":"https:\/\/tmp.compunegocios.com.pe\/index.php\/wp-json\/wp\/v2\/pwb-brand?post=13709"},{"taxonomy":"product_brand","embeddable":true,"href":"https:\/\/tmp.compunegocios.com.pe\/index.php\/wp-json\/wp\/v2\/product_brand?post=13709"},{"taxonomy":"product_cat","embeddable":true,"href":"https:\/\/tmp.compunegocios.com.pe\/index.php\/wp-json\/wp\/v2\/product_cat?post=13709"},{"taxonomy":"product_tag","embeddable":true,"href":"https:\/\/tmp.compunegocios.com.pe\/index.php\/wp-json\/wp\/v2\/product_tag?post=13709"}],"curies":[{"name":"wp","href":"https:\/\/api.w.org\/{rel}","templated":true}]}}